{"id":750,"date":"2016-09-16T16:10:31","date_gmt":"2016-09-16T16:10:31","guid":{"rendered":"http:\/\/kopiraittila.wpengine.com\/?page_id=750"},"modified":"2016-09-16T16:28:06","modified_gmt":"2016-09-16T16:28:06","slug":"artisti-peli","status":"publish","type":"page","link":"https:\/\/upphovsrattsskolan.se\/fi\/artisti-peli\/","title":{"rendered":"Artistipeli"},"content":{"rendered":"","protected":false},"excerpt":{"rendered":"","protected":false},"author":2,"featured_media":0,"parent":0,"menu_order":0,"comment_status":"closed","ping_status":"closed","template":"page-koulu.php","meta":{"_acf_changed":false,"_exactmetrics_skip_tracking":false,"_exactmetrics_sitenote_active":false,"_exactmetrics_sitenote_note":"","_exactmetrics_sitenote_category":0,"footnotes":""},"class_list":["post-750","page","type-page","status-publish","hentry"],"acf":{"deeplink":"deepLinkSilent(3,'openPopUp','\/artisti');"},"yoast_head":"<!-- This site is optimized with the Yoast SEO plugin v26.9 - https:\/\/yoast.com\/product\/yoast-seo-wordpress\/ -->\n<title>Artistipeli - Upphovsr\u00e4ttsskolan<\/title>\n<meta name=\"robots\" content=\"index, follow, max-snippet:-1, max-image-preview:large, max-video-preview:-1\" \/>\n<link rel=\"canonical\" href=\"https:\/\/upphovsrattsskolan.se\/artisti-peli\/\" \/>\n<meta property=\"og:locale\" content=\"fi_FI\" \/>\n<meta property=\"og:type\" content=\"article\" \/>\n<meta property=\"og:title\" content=\"Artisti-peli - Kopiraittilan koulu\" \/>\n<meta property=\"og:description\" content=\"Pelaa artisti-peli\u00e4 ja katso, miten ratkaisusi auttavat muusikkoa menestym\u00e4\u00e4n.\" \/>\n<meta property=\"og:url\" content=\"https:\/\/upphovsrattsskolan.se\/artisti-peli\/\" \/>\n<meta property=\"og:site_name\" content=\"Upphovsr\u00e4ttsskolan\" \/>\n<meta property=\"article:modified_time\" content=\"2016-09-16T16:28:06+00:00\" \/>\n<meta property=\"og:image\" content=\"https:\/\/upphovsrattsskolan.se\/wp-content\/uploads\/2019\/03\/upphovsrattsskolan-fb.png\" \/>\n\t<meta property=\"og:image:width\" content=\"1200\" \/>\n\t<meta property=\"og:image:height\" content=\"630\" \/>\n\t<meta property=\"og:image:type\" content=\"image\/png\" \/>\n<meta name=\"twitter:card\" content=\"summary_large_image\" \/>\n<meta name=\"twitter:title\" content=\"Artisti-peli - Kopiraittilan koulu\" \/>\n<meta name=\"twitter:description\" content=\"Pelaa artisti-peli\u00e4 ja katso, miten ratkaisusi auttavat muusikkoa menestym\u00e4\u00e4n.\" \/>\n<meta name=\"twitter:image\" content=\"http:\/\/kopiraittila.wpengine.com\/wp-content\/uploads\/2016\/09\/Kopiraittila_Twitter_Artistipeli.png\" \/>\n<script type=\"application\/ld+json\" class=\"yoast-schema-graph\">{\"@context\":\"https:\/\/schema.org\",\"@graph\":[{\"@type\":\"WebPage\",\"@id\":\"https:\/\/upphovsrattsskolan.se\/artisti-peli\/\",\"url\":\"https:\/\/upphovsrattsskolan.se\/artisti-peli\/\",\"name\":\"Artistipeli - Upphovsr\u00e4ttsskolan\",\"isPartOf\":{\"@id\":\"https:\/\/upphovsrattsskolan.se\/#website\"},\"datePublished\":\"2016-09-16T16:10:31+00:00\",\"dateModified\":\"2016-09-16T16:28:06+00:00\",\"breadcrumb\":{\"@id\":\"https:\/\/upphovsrattsskolan.se\/artisti-peli\/#breadcrumb\"},\"inLanguage\":\"fi\",\"potentialAction\":[{\"@type\":\"ReadAction\",\"target\":[\"https:\/\/upphovsrattsskolan.se\/artisti-peli\/\"]}]},{\"@type\":\"BreadcrumbList\",\"@id\":\"https:\/\/upphovsrattsskolan.se\/artisti-peli\/#breadcrumb\",\"itemListElement\":[{\"@type\":\"ListItem\",\"position\":1,\"name\":\"Etusivu\",\"item\":\"https:\/\/upphovsrattsskolan.se\/fi\/\"},{\"@type\":\"ListItem\",\"position\":2,\"name\":\"Artistipeli\"}]},{\"@type\":\"WebSite\",\"@id\":\"https:\/\/upphovsrattsskolan.se\/#website\",\"url\":\"https:\/\/upphovsrattsskolan.se\/\",\"name\":\"Upphovsr\u00e4ttsskolan\",\"description\":\"\",\"potentialAction\":[{\"@type\":\"SearchAction\",\"target\":{\"@type\":\"EntryPoint\",\"urlTemplate\":\"https:\/\/upphovsrattsskolan.se\/?s={search_term_string}\"},\"query-input\":{\"@type\":\"PropertyValueSpecification\",\"valueRequired\":true,\"valueName\":\"search_term_string\"}}],\"inLanguage\":\"fi\"}]}<\/script>\n<!-- \/ Yoast SEO plugin. -->","yoast_head_json":{"title":"Artistipeli - Upphovsr\u00e4ttsskolan","robots":{"index":"index","follow":"follow","max-snippet":"max-snippet:-1","max-image-preview":"max-image-preview:large","max-video-preview":"max-video-preview:-1"},"canonical":"https:\/\/upphovsrattsskolan.se\/artisti-peli\/","og_locale":"fi_FI","og_type":"article","og_title":"Artisti-peli - Kopiraittilan koulu","og_description":"Pelaa artisti-peli\u00e4 ja katso, miten ratkaisusi auttavat muusikkoa menestym\u00e4\u00e4n.","og_url":"https:\/\/upphovsrattsskolan.se\/artisti-peli\/","og_site_name":"Upphovsr\u00e4ttsskolan","article_modified_time":"2016-09-16T16:28:06+00:00","og_image":[{"width":1200,"height":630,"url":"https:\/\/upphovsrattsskolan.se\/wp-content\/uploads\/2019\/03\/upphovsrattsskolan-fb.png","type":"image\/png"}],"twitter_card":"summary_large_image","twitter_title":"Artisti-peli - Kopiraittilan koulu","twitter_description":"Pelaa artisti-peli\u00e4 ja katso, miten ratkaisusi auttavat muusikkoa menestym\u00e4\u00e4n.","twitter_image":"http:\/\/kopiraittila.wpengine.com\/wp-content\/uploads\/2016\/09\/Kopiraittila_Twitter_Artistipeli.png","schema":{"@context":"https:\/\/schema.org","@graph":[{"@type":"WebPage","@id":"https:\/\/upphovsrattsskolan.se\/artisti-peli\/","url":"https:\/\/upphovsrattsskolan.se\/artisti-peli\/","name":"Artistipeli - Upphovsr\u00e4ttsskolan","isPartOf":{"@id":"https:\/\/upphovsrattsskolan.se\/#website"},"datePublished":"2016-09-16T16:10:31+00:00","dateModified":"2016-09-16T16:28:06+00:00","breadcrumb":{"@id":"https:\/\/upphovsrattsskolan.se\/artisti-peli\/#breadcrumb"},"inLanguage":"fi","potentialAction":[{"@type":"ReadAction","target":["https:\/\/upphovsrattsskolan.se\/artisti-peli\/"]}]},{"@type":"BreadcrumbList","@id":"https:\/\/upphovsrattsskolan.se\/artisti-peli\/#breadcrumb","itemListElement":[{"@type":"ListItem","position":1,"name":"Etusivu","item":"https:\/\/upphovsrattsskolan.se\/fi\/"},{"@type":"ListItem","position":2,"name":"Artistipeli"}]},{"@type":"WebSite","@id":"https:\/\/upphovsrattsskolan.se\/#website","url":"https:\/\/upphovsrattsskolan.se\/","name":"Upphovsr\u00e4ttsskolan","description":"","potentialAction":[{"@type":"SearchAction","target":{"@type":"EntryPoint","urlTemplate":"https:\/\/upphovsrattsskolan.se\/?s={search_term_string}"},"query-input":{"@type":"PropertyValueSpecification","valueRequired":true,"valueName":"search_term_string"}}],"inLanguage":"fi"}]}},"_links":{"self":[{"href":"https:\/\/upphovsrattsskolan.se\/fi\/wp-json\/wp\/v2\/pages\/750","targetHints":{"allow":["GET"]}}],"collection":[{"href":"https:\/\/upphovsrattsskolan.se\/fi\/wp-json\/wp\/v2\/pages"}],"about":[{"href":"https:\/\/upphovsrattsskolan.se\/fi\/wp-json\/wp\/v2\/types\/page"}],"author":[{"embeddable":true,"href":"https:\/\/upphovsrattsskolan.se\/fi\/wp-json\/wp\/v2\/users\/2"}],"replies":[{"embeddable":true,"href":"https:\/\/upphovsrattsskolan.se\/fi\/wp-json\/wp\/v2\/comments?post=750"}],"version-history":[{"count":0,"href":"https:\/\/upphovsrattsskolan.se\/fi\/wp-json\/wp\/v2\/pages\/750\/revisions"}],"wp:attachment":[{"href":"https:\/\/upphovsrattsskolan.se\/fi\/wp-json\/wp\/v2\/media?parent=750"}],"curies":[{"name":"wp","href":"https:\/\/api.w.org\/{rel}","templated":true}]}}