{"id":705,"date":"2016-08-15T12:24:58","date_gmt":"2016-08-15T12:24:58","guid":{"rendered":"http:\/\/kopiraittila.wpengine.com\/?page_id=705"},"modified":"2016-08-15T14:02:47","modified_gmt":"2016-08-15T14:02:47","slug":"projektityon-muistilista","status":"publish","type":"page","link":"https:\/\/upphovsrattsskolan.se\/fi\/muistilistat-3-4lk\/projektityon-muistilista\/","title":{"rendered":"Projektity\u00f6n muistilista"},"content":{"rendered":"<h2>Projektity\u00f6n muistilista<\/h2>\n<p>Tietoa ja ideoita saa k\u00e4ytt\u00e4\u00e4 vapaasti, kun kirjoittaa ne omin sanoin. Suorat lainaukset merkit\u00e4\u00e4n lainausmerkeill\u00e4 ja l\u00e4hdeviittauksella.<\/p>\n<p>Toisten tekemien teosten k\u00e4ytt\u00f6\u00f6n tarvitaan yleens\u00e4 lupa. K\u00e4ytt\u00f6 voi olla sallittua oppilaitosten kopiointiluvalla, CC-lisenssill\u00e4 tai muulla tekij\u00e4n antamalla luvalla.<\/p>\n<p>Muista merkit\u00e4 tekij\u00e4- ja l\u00e4hdetiedot.<\/p>\n<p><a href=\"http:\/\/kopiraittila.wpengine.com\/wp-content\/uploads\/2016\/08\/Kopiosto_muistilistat_3-4_1.pdf\" target=\"_blank\" rel=\"attachment wp-att-489\"><img loading=\"lazy\" decoding=\"async\" class=\"wp-image-489 size-full alignnone\" src=\"http:\/\/kopiraittila.wpengine.com\/wp-content\/uploads\/2016\/03\/icon_pdf.png\" alt=\"icon_pdf\" width=\"64\" height=\"66\" \/><\/a><\/p>\n<p><a href=\"http:\/\/kopiraittila.wpengine.com\/wp-content\/uploads\/2016\/08\/Kopiosto_muistilistat_3-4_1.pdf\" target=\"_blank\" rel=\"\">lataa muistilista<\/a><\/p>\n","protected":false},"excerpt":{"rendered":"<p>Projektity\u00f6n muistilista Tietoa ja ideoita saa k\u00e4ytt\u00e4\u00e4 vapaasti, kun kirjoittaa ne omin sanoin. Suorat lainaukset merkit\u00e4\u00e4n lainausmerkeill\u00e4 ja l\u00e4hdeviittauksella. Toisten tekemien teosten k\u00e4ytt\u00f6\u00f6n tarvitaan yleens\u00e4 lupa. K\u00e4ytt\u00f6 voi olla sallittua oppilaitosten kopiointiluvalla, CC-lisenssill\u00e4 tai muulla tekij\u00e4n antamalla luvalla. Muista merkit\u00e4 tekij\u00e4- ja l\u00e4hdetiedot. lataa muistilista<\/p>\n","protected":false},"author":2,"featured_media":0,"parent":704,"menu_order":0,"comment_status":"closed","ping_status":"closed","template":"","meta":{"_acf_changed":false,"_exactmetrics_skip_tracking":false,"_exactmetrics_sitenote_active":false,"_exactmetrics_sitenote_note":"","_exactmetrics_sitenote_category":0,"footnotes":""},"class_list":["post-705","page","type-page","status-publish","hentry"],"acf":[],"yoast_head":"<!-- This site is optimized with the Yoast SEO plugin v27.4 - https:\/\/yoast.com\/product\/yoast-seo-wordpress\/ -->\n<title>Projektity\u00f6n muistilista - Upphovsr\u00e4ttsskolan<\/title>\n<meta name=\"robots\" content=\"index, follow, max-snippet:-1, max-image-preview:large, max-video-preview:-1\" \/>\n<link rel=\"canonical\" href=\"https:\/\/upphovsrattsskolan.se\/minneslista-for-projektarbeten\/\" \/>\n<meta property=\"og:locale\" content=\"fi_FI\" \/>\n<meta property=\"og:type\" content=\"article\" \/>\n<meta property=\"og:title\" content=\"Projektity\u00f6n muistilista - Upphovsr\u00e4ttsskolan\" \/>\n<meta property=\"og:description\" content=\"Projektity\u00f6n muistilista Tietoa ja ideoita saa k\u00e4ytt\u00e4\u00e4 vapaasti, kun kirjoittaa ne omin sanoin. Suorat lainaukset merkit\u00e4\u00e4n lainausmerkeill\u00e4 ja l\u00e4hdeviittauksella. Toisten tekemien teosten k\u00e4ytt\u00f6\u00f6n tarvitaan yleens\u00e4 lupa. K\u00e4ytt\u00f6 voi olla sallittua oppilaitosten kopiointiluvalla, CC-lisenssill\u00e4 tai muulla tekij\u00e4n antamalla luvalla. Muista merkit\u00e4 tekij\u00e4- ja l\u00e4hdetiedot. lataa muistilista\" \/>\n<meta property=\"og:url\" content=\"https:\/\/upphovsrattsskolan.se\/minneslista-for-projektarbeten\/\" \/>\n<meta property=\"og:site_name\" content=\"Upphovsr\u00e4ttsskolan\" \/>\n<meta property=\"article:modified_time\" content=\"2016-08-15T14:02:47+00:00\" \/>\n<meta property=\"og:image\" content=\"http:\/\/kopiraittila.wpengine.com\/wp-content\/uploads\/2016\/03\/icon_pdf.png\" \/>\n<meta name=\"twitter:card\" content=\"summary_large_image\" \/>\n<script type=\"application\/ld+json\" class=\"yoast-schema-graph\">{\"@context\":\"https:\\\/\\\/schema.org\",\"@graph\":[{\"@type\":\"WebPage\",\"@id\":\"https:\\\/\\\/upphovsrattsskolan.se\\\/minneslista-for-projektarbeten\\\/\",\"url\":\"https:\\\/\\\/upphovsrattsskolan.se\\\/minneslista-for-projektarbeten\\\/\",\"name\":\"Projektity\u00f6n muistilista - Upphovsr\u00e4ttsskolan\",\"isPartOf\":{\"@id\":\"https:\\\/\\\/upphovsrattsskolan.se\\\/#website\"},\"primaryImageOfPage\":{\"@id\":\"https:\\\/\\\/upphovsrattsskolan.se\\\/minneslista-for-projektarbeten\\\/#primaryimage\"},\"image\":{\"@id\":\"https:\\\/\\\/upphovsrattsskolan.se\\\/minneslista-for-projektarbeten\\\/#primaryimage\"},\"thumbnailUrl\":\"http:\\\/\\\/kopiraittila.wpengine.com\\\/wp-content\\\/uploads\\\/2016\\\/03\\\/icon_pdf.png\",\"datePublished\":\"2016-08-15T12:24:58+00:00\",\"dateModified\":\"2016-08-15T14:02:47+00:00\",\"breadcrumb\":{\"@id\":\"https:\\\/\\\/upphovsrattsskolan.se\\\/minneslista-for-projektarbeten\\\/#breadcrumb\"},\"inLanguage\":\"fi\",\"potentialAction\":[{\"@type\":\"ReadAction\",\"target\":[\"https:\\\/\\\/upphovsrattsskolan.se\\\/minneslista-for-projektarbeten\\\/\"]}]},{\"@type\":\"ImageObject\",\"inLanguage\":\"fi\",\"@id\":\"https:\\\/\\\/upphovsrattsskolan.se\\\/minneslista-for-projektarbeten\\\/#primaryimage\",\"url\":\"http:\\\/\\\/kopiraittila.wpengine.com\\\/wp-content\\\/uploads\\\/2016\\\/03\\\/icon_pdf.png\",\"contentUrl\":\"http:\\\/\\\/kopiraittila.wpengine.com\\\/wp-content\\\/uploads\\\/2016\\\/03\\\/icon_pdf.png\"},{\"@type\":\"BreadcrumbList\",\"@id\":\"https:\\\/\\\/upphovsrattsskolan.se\\\/minneslista-for-projektarbeten\\\/#breadcrumb\",\"itemListElement\":[{\"@type\":\"ListItem\",\"position\":1,\"name\":\"Etusivu\",\"item\":\"https:\\\/\\\/upphovsrattsskolan.se\\\/fi\\\/\"},{\"@type\":\"ListItem\",\"position\":2,\"name\":\"Muistilistat 3-4lk\",\"item\":\"https:\\\/\\\/upphovsrattsskolan.se\\\/fi\\\/muistilistat-3-4lk\\\/\"},{\"@type\":\"ListItem\",\"position\":3,\"name\":\"Projektity\u00f6n muistilista\"}]},{\"@type\":\"WebSite\",\"@id\":\"https:\\\/\\\/upphovsrattsskolan.se\\\/#website\",\"url\":\"https:\\\/\\\/upphovsrattsskolan.se\\\/\",\"name\":\"Upphovsr\u00e4ttsskolan\",\"description\":\"\",\"potentialAction\":[{\"@type\":\"SearchAction\",\"target\":{\"@type\":\"EntryPoint\",\"urlTemplate\":\"https:\\\/\\\/upphovsrattsskolan.se\\\/?s={search_term_string}\"},\"query-input\":{\"@type\":\"PropertyValueSpecification\",\"valueRequired\":true,\"valueName\":\"search_term_string\"}}],\"inLanguage\":\"fi\"}]}<\/script>\n<!-- \/ Yoast SEO plugin. -->","yoast_head_json":{"title":"Projektity\u00f6n muistilista - Upphovsr\u00e4ttsskolan","robots":{"index":"index","follow":"follow","max-snippet":"max-snippet:-1","max-image-preview":"max-image-preview:large","max-video-preview":"max-video-preview:-1"},"canonical":"https:\/\/upphovsrattsskolan.se\/minneslista-for-projektarbeten\/","og_locale":"fi_FI","og_type":"article","og_title":"Projektity\u00f6n muistilista - Upphovsr\u00e4ttsskolan","og_description":"Projektity\u00f6n muistilista Tietoa ja ideoita saa k\u00e4ytt\u00e4\u00e4 vapaasti, kun kirjoittaa ne omin sanoin. Suorat lainaukset merkit\u00e4\u00e4n lainausmerkeill\u00e4 ja l\u00e4hdeviittauksella. Toisten tekemien teosten k\u00e4ytt\u00f6\u00f6n tarvitaan yleens\u00e4 lupa. K\u00e4ytt\u00f6 voi olla sallittua oppilaitosten kopiointiluvalla, CC-lisenssill\u00e4 tai muulla tekij\u00e4n antamalla luvalla. Muista merkit\u00e4 tekij\u00e4- ja l\u00e4hdetiedot. lataa muistilista","og_url":"https:\/\/upphovsrattsskolan.se\/minneslista-for-projektarbeten\/","og_site_name":"Upphovsr\u00e4ttsskolan","article_modified_time":"2016-08-15T14:02:47+00:00","og_image":[{"url":"http:\/\/kopiraittila.wpengine.com\/wp-content\/uploads\/2016\/03\/icon_pdf.png","type":"","width":"","height":""}],"twitter_card":"summary_large_image","schema":{"@context":"https:\/\/schema.org","@graph":[{"@type":"WebPage","@id":"https:\/\/upphovsrattsskolan.se\/minneslista-for-projektarbeten\/","url":"https:\/\/upphovsrattsskolan.se\/minneslista-for-projektarbeten\/","name":"Projektity\u00f6n muistilista - Upphovsr\u00e4ttsskolan","isPartOf":{"@id":"https:\/\/upphovsrattsskolan.se\/#website"},"primaryImageOfPage":{"@id":"https:\/\/upphovsrattsskolan.se\/minneslista-for-projektarbeten\/#primaryimage"},"image":{"@id":"https:\/\/upphovsrattsskolan.se\/minneslista-for-projektarbeten\/#primaryimage"},"thumbnailUrl":"http:\/\/kopiraittila.wpengine.com\/wp-content\/uploads\/2016\/03\/icon_pdf.png","datePublished":"2016-08-15T12:24:58+00:00","dateModified":"2016-08-15T14:02:47+00:00","breadcrumb":{"@id":"https:\/\/upphovsrattsskolan.se\/minneslista-for-projektarbeten\/#breadcrumb"},"inLanguage":"fi","potentialAction":[{"@type":"ReadAction","target":["https:\/\/upphovsrattsskolan.se\/minneslista-for-projektarbeten\/"]}]},{"@type":"ImageObject","inLanguage":"fi","@id":"https:\/\/upphovsrattsskolan.se\/minneslista-for-projektarbeten\/#primaryimage","url":"http:\/\/kopiraittila.wpengine.com\/wp-content\/uploads\/2016\/03\/icon_pdf.png","contentUrl":"http:\/\/kopiraittila.wpengine.com\/wp-content\/uploads\/2016\/03\/icon_pdf.png"},{"@type":"BreadcrumbList","@id":"https:\/\/upphovsrattsskolan.se\/minneslista-for-projektarbeten\/#breadcrumb","itemListElement":[{"@type":"ListItem","position":1,"name":"Etusivu","item":"https:\/\/upphovsrattsskolan.se\/fi\/"},{"@type":"ListItem","position":2,"name":"Muistilistat 3-4lk","item":"https:\/\/upphovsrattsskolan.se\/fi\/muistilistat-3-4lk\/"},{"@type":"ListItem","position":3,"name":"Projektity\u00f6n muistilista"}]},{"@type":"WebSite","@id":"https:\/\/upphovsrattsskolan.se\/#website","url":"https:\/\/upphovsrattsskolan.se\/","name":"Upphovsr\u00e4ttsskolan","description":"","potentialAction":[{"@type":"SearchAction","target":{"@type":"EntryPoint","urlTemplate":"https:\/\/upphovsrattsskolan.se\/?s={search_term_string}"},"query-input":{"@type":"PropertyValueSpecification","valueRequired":true,"valueName":"search_term_string"}}],"inLanguage":"fi"}]}},"_links":{"self":[{"href":"https:\/\/upphovsrattsskolan.se\/fi\/wp-json\/wp\/v2\/pages\/705","targetHints":{"allow":["GET"]}}],"collection":[{"href":"https:\/\/upphovsrattsskolan.se\/fi\/wp-json\/wp\/v2\/pages"}],"about":[{"href":"https:\/\/upphovsrattsskolan.se\/fi\/wp-json\/wp\/v2\/types\/page"}],"author":[{"embeddable":true,"href":"https:\/\/upphovsrattsskolan.se\/fi\/wp-json\/wp\/v2\/users\/2"}],"replies":[{"embeddable":true,"href":"https:\/\/upphovsrattsskolan.se\/fi\/wp-json\/wp\/v2\/comments?post=705"}],"version-history":[{"count":0,"href":"https:\/\/upphovsrattsskolan.se\/fi\/wp-json\/wp\/v2\/pages\/705\/revisions"}],"up":[{"embeddable":true,"href":"https:\/\/upphovsrattsskolan.se\/fi\/wp-json\/wp\/v2\/pages\/704"}],"wp:attachment":[{"href":"https:\/\/upphovsrattsskolan.se\/fi\/wp-json\/wp\/v2\/media?parent=705"}],"curies":[{"name":"wp","href":"https:\/\/api.w.org\/{rel}","templated":true}]}}