{"id":53,"date":"2015-12-17T10:12:17","date_gmt":"2015-12-17T10:12:17","guid":{"rendered":"http:\/\/kopiraittila.wpengine.com\/?page_id=53"},"modified":"2016-08-12T10:32:42","modified_gmt":"2016-08-12T10:32:42","slug":"8-9-lk","status":"publish","type":"page","link":"https:\/\/upphovsrattsskolan.se\/fi\/opettajanhuone\/8-9-lk\/","title":{"rendered":"8.-9. lk"},"content":{"rendered":"<h2>8-9 lk<\/h2>\n<table width=\"100%\" class=\"attachment-table\">\n<tr>\n<td>\n<p><a href=\"http:\/\/kopiraittila.wpengine.com\/wp-content\/uploads\/2016\/08\/Kopiosto_opetusvinkit_8-9.pdf\" target=\"_blank\"><img loading=\"lazy\" decoding=\"async\" class=\"wp-image-489 size-full alignnone\" src=\"http:\/\/kopiraittila.wpengine.com\/wp-content\/uploads\/2016\/03\/icon_pdf.png\" alt=\"icon_pdf\" width=\"32\" height=\"33\" \/> Opetusvinkit<\/a><\/p>\n<p><a href=\"http:\/\/kopiraittila.wpengine.com\/wp-content\/uploads\/2016\/08\/Kopiosto_lahteiden_merkitseminen_8-9.pdf\" target=\"_blank\"><img loading=\"lazy\" decoding=\"async\" class=\"wp-image-489 size-full alignnone\" src=\"http:\/\/kopiraittila.wpengine.com\/wp-content\/uploads\/2016\/03\/icon_pdf.png\" alt=\"icon_pdf\" width=\"32\" height=\"33\" \/> L\u00e4hteiden merkitseminen<\/a><\/p>\n<p><a href=\"http:\/\/kopiraittila.wpengine.com\/wp-content\/uploads\/2016\/08\/Kopiraittila_kunniakirja_8-9.pdf\" target=\"_blank\"><img loading=\"lazy\" decoding=\"async\" class=\"wp-image-489 size-full alignnone\" src=\"http:\/\/kopiraittila.wpengine.com\/wp-content\/uploads\/2016\/03\/icon_pdf.png\" alt=\"icon_pdf\" width=\"32\" height=\"33\" \/> Kunniakirja<\/a><\/p>\n<\/td>\n<td>\n<p><a href=\"http:\/\/kopiraittila.wpengine.com\/wp-content\/uploads\/2016\/08\/Kopiosto_muistilistat_8-9_1.pdf\" target=\"_blank\"><img loading=\"lazy\" decoding=\"async\" class=\"wp-image-489 size-full alignnone\" src=\"http:\/\/kopiraittila.wpengine.com\/wp-content\/uploads\/2016\/03\/icon_pdf.png\" alt=\"icon_pdf\" width=\"32\" height=\"33\" \/> Muistilista 1: Projektity\u00f6n muistilista<\/a><\/p>\n<p><a href=\"http:\/\/kopiraittila.wpengine.com\/wp-content\/uploads\/2016\/08\/Kopiosto_muistilistat_8-9_2.pdf\" target=\"_blank\"><img loading=\"lazy\" decoding=\"async\" class=\"wp-image-489 size-full alignnone\" src=\"http:\/\/kopiraittila.wpengine.com\/wp-content\/uploads\/2016\/03\/icon_pdf.png\" alt=\"icon_pdf\" width=\"32\" height=\"33\" \/> Muistilista 2: Kuvaaminen<\/a><\/p>\n<p><a href=\"http:\/\/kopiraittila.wpengine.com\/wp-content\/uploads\/2016\/08\/Kopiosto_muistilistat_8-9_3.pdf\" target=\"_blank\"><img loading=\"lazy\" decoding=\"async\" class=\"wp-image-489 size-full alignnone\" src=\"http:\/\/kopiraittila.wpengine.com\/wp-content\/uploads\/2016\/03\/icon_pdf.png\" alt=\"icon_pdf\" width=\"32\" height=\"33\" \/> Muistilista 3: Videoprojektin muistilista<\/a><\/p>\n<p><a href=\"http:\/\/kopiraittila.wpengine.com\/wp-content\/uploads\/2016\/08\/Kopiosto_muistilistat_8-9_4.pdf\" target=\"_blank\"><img loading=\"lazy\" decoding=\"async\" class=\"wp-image-489 size-full alignnone\" src=\"http:\/\/kopiraittila.wpengine.com\/wp-content\/uploads\/2016\/03\/icon_pdf.png\" alt=\"icon_pdf\" width=\"32\" height=\"33\" \/> Muistilista 4: Omat ty\u00f6t, omat oikeudet<\/a><\/p>\n<p><a href=\"http:\/\/kopiraittila.wpengine.com\/wp-content\/uploads\/2016\/08\/Kopiosto_muistilistat_8-9_5.pdf\" target=\"_blank\"><img loading=\"lazy\" decoding=\"async\" class=\"wp-image-489 size-full alignnone\" src=\"http:\/\/kopiraittila.wpengine.com\/wp-content\/uploads\/2016\/03\/icon_pdf.png\" alt=\"icon_pdf\" width=\"32\" height=\"33\" \/> Muistilista 5: Tekij\u00e4noikeudet, internet ja sosiaalinen media<\/a><\/p>\n<p><a href=\"http:\/\/kopiraittila.wpengine.com\/wp-content\/uploads\/2016\/08\/Kopiosto_muistilistat_8-9_6.pdf\" target=\"_blank\"><img loading=\"lazy\" decoding=\"async\" class=\"wp-image-489 size-full alignnone\" src=\"http:\/\/kopiraittila.wpengine.com\/wp-content\/uploads\/2016\/03\/icon_pdf.png\" alt=\"icon_pdf\" width=\"32\" height=\"33\" \/> Muistilista 6: Yksityiseen k\u00e4ytt\u00f6\u00f6n kopiointi<\/a><\/p>\n<\/td>\n<\/tr>\n<\/table>\n","protected":false},"excerpt":{"rendered":"<p>8-9 lk Opetusvinkit L\u00e4hteiden merkitseminen Kunniakirja Muistilista 1: Projektity\u00f6n muistilista Muistilista 2: Kuvaaminen Muistilista 3: Videoprojektin muistilista Muistilista 4: Omat ty\u00f6t, omat oikeudet Muistilista 5: Tekij\u00e4noikeudet, internet ja sosiaalinen media Muistilista 6: Yksityiseen k\u00e4ytt\u00f6\u00f6n kopiointi<\/p>\n","protected":false},"author":3,"featured_media":0,"parent":47,"menu_order":0,"comment_status":"closed","ping_status":"closed","template":"","meta":{"_acf_changed":false,"_exactmetrics_skip_tracking":false,"_exactmetrics_sitenote_active":false,"_exactmetrics_sitenote_note":"","_exactmetrics_sitenote_category":0,"footnotes":""},"class_list":["post-53","page","type-page","status-publish","hentry"],"acf":[],"yoast_head":"<!-- This site is optimized with the Yoast SEO plugin v26.9 - https:\/\/yoast.com\/product\/yoast-seo-wordpress\/ -->\n<title>8.-9. lk - Upphovsr\u00e4ttsskolan<\/title>\n<meta name=\"robots\" content=\"index, follow, max-snippet:-1, max-image-preview:large, max-video-preview:-1\" \/>\n<link rel=\"canonical\" href=\"https:\/\/upphovsrattsskolan.se\/8-9-lk\/\" \/>\n<meta property=\"og:locale\" content=\"fi_FI\" \/>\n<meta property=\"og:type\" content=\"article\" \/>\n<meta property=\"og:title\" content=\"8.-9. lk - Upphovsr\u00e4ttsskolan\" \/>\n<meta property=\"og:description\" content=\"8-9 lk Opetusvinkit L\u00e4hteiden merkitseminen Kunniakirja Muistilista 1: Projektity\u00f6n muistilista Muistilista 2: Kuvaaminen Muistilista 3: Videoprojektin muistilista Muistilista 4: Omat ty\u00f6t, omat oikeudet Muistilista 5: Tekij\u00e4noikeudet, internet ja sosiaalinen media Muistilista 6: Yksityiseen k\u00e4ytt\u00f6\u00f6n kopiointi\" \/>\n<meta property=\"og:url\" content=\"https:\/\/upphovsrattsskolan.se\/8-9-lk\/\" \/>\n<meta property=\"og:site_name\" content=\"Upphovsr\u00e4ttsskolan\" \/>\n<meta property=\"article:modified_time\" content=\"2016-08-12T10:32:42+00:00\" \/>\n<meta property=\"og:image\" content=\"http:\/\/kopiraittila.wpengine.com\/wp-content\/uploads\/2016\/03\/icon_pdf.png\" \/>\n<meta name=\"twitter:card\" content=\"summary_large_image\" \/>\n<script type=\"application\/ld+json\" class=\"yoast-schema-graph\">{\"@context\":\"https:\/\/schema.org\",\"@graph\":[{\"@type\":\"WebPage\",\"@id\":\"https:\/\/upphovsrattsskolan.se\/8-9-lk\/\",\"url\":\"https:\/\/upphovsrattsskolan.se\/8-9-lk\/\",\"name\":\"8.-9. lk - Upphovsr\u00e4ttsskolan\",\"isPartOf\":{\"@id\":\"https:\/\/upphovsrattsskolan.se\/#website\"},\"primaryImageOfPage\":{\"@id\":\"https:\/\/upphovsrattsskolan.se\/8-9-lk\/#primaryimage\"},\"image\":{\"@id\":\"https:\/\/upphovsrattsskolan.se\/8-9-lk\/#primaryimage\"},\"thumbnailUrl\":\"http:\/\/kopiraittila.wpengine.com\/wp-content\/uploads\/2016\/03\/icon_pdf.png\",\"datePublished\":\"2015-12-17T10:12:17+00:00\",\"dateModified\":\"2016-08-12T10:32:42+00:00\",\"breadcrumb\":{\"@id\":\"https:\/\/upphovsrattsskolan.se\/8-9-lk\/#breadcrumb\"},\"inLanguage\":\"fi\",\"potentialAction\":[{\"@type\":\"ReadAction\",\"target\":[\"https:\/\/upphovsrattsskolan.se\/8-9-lk\/\"]}]},{\"@type\":\"ImageObject\",\"inLanguage\":\"fi\",\"@id\":\"https:\/\/upphovsrattsskolan.se\/8-9-lk\/#primaryimage\",\"url\":\"http:\/\/kopiraittila.wpengine.com\/wp-content\/uploads\/2016\/03\/icon_pdf.png\",\"contentUrl\":\"http:\/\/kopiraittila.wpengine.com\/wp-content\/uploads\/2016\/03\/icon_pdf.png\"},{\"@type\":\"BreadcrumbList\",\"@id\":\"https:\/\/upphovsrattsskolan.se\/8-9-lk\/#breadcrumb\",\"itemListElement\":[{\"@type\":\"ListItem\",\"position\":1,\"name\":\"Etusivu\",\"item\":\"https:\/\/upphovsrattsskolan.se\/fi\/\"},{\"@type\":\"ListItem\",\"position\":2,\"name\":\"Opettajanhuone\",\"item\":\"https:\/\/upphovsrattsskolan.se\/fi\/opettajanhuone\/\"},{\"@type\":\"ListItem\",\"position\":3,\"name\":\"8.-9. lk\"}]},{\"@type\":\"WebSite\",\"@id\":\"https:\/\/upphovsrattsskolan.se\/#website\",\"url\":\"https:\/\/upphovsrattsskolan.se\/\",\"name\":\"Upphovsr\u00e4ttsskolan\",\"description\":\"\",\"potentialAction\":[{\"@type\":\"SearchAction\",\"target\":{\"@type\":\"EntryPoint\",\"urlTemplate\":\"https:\/\/upphovsrattsskolan.se\/?s={search_term_string}\"},\"query-input\":{\"@type\":\"PropertyValueSpecification\",\"valueRequired\":true,\"valueName\":\"search_term_string\"}}],\"inLanguage\":\"fi\"}]}<\/script>\n<!-- \/ Yoast SEO plugin. -->","yoast_head_json":{"title":"8.-9. lk - Upphovsr\u00e4ttsskolan","robots":{"index":"index","follow":"follow","max-snippet":"max-snippet:-1","max-image-preview":"max-image-preview:large","max-video-preview":"max-video-preview:-1"},"canonical":"https:\/\/upphovsrattsskolan.se\/8-9-lk\/","og_locale":"fi_FI","og_type":"article","og_title":"8.-9. lk - Upphovsr\u00e4ttsskolan","og_description":"8-9 lk Opetusvinkit L\u00e4hteiden merkitseminen Kunniakirja Muistilista 1: Projektity\u00f6n muistilista Muistilista 2: Kuvaaminen Muistilista 3: Videoprojektin muistilista Muistilista 4: Omat ty\u00f6t, omat oikeudet Muistilista 5: Tekij\u00e4noikeudet, internet ja sosiaalinen media Muistilista 6: Yksityiseen k\u00e4ytt\u00f6\u00f6n kopiointi","og_url":"https:\/\/upphovsrattsskolan.se\/8-9-lk\/","og_site_name":"Upphovsr\u00e4ttsskolan","article_modified_time":"2016-08-12T10:32:42+00:00","og_image":[{"url":"http:\/\/kopiraittila.wpengine.com\/wp-content\/uploads\/2016\/03\/icon_pdf.png","type":"","width":"","height":""}],"twitter_card":"summary_large_image","schema":{"@context":"https:\/\/schema.org","@graph":[{"@type":"WebPage","@id":"https:\/\/upphovsrattsskolan.se\/8-9-lk\/","url":"https:\/\/upphovsrattsskolan.se\/8-9-lk\/","name":"8.-9. lk - Upphovsr\u00e4ttsskolan","isPartOf":{"@id":"https:\/\/upphovsrattsskolan.se\/#website"},"primaryImageOfPage":{"@id":"https:\/\/upphovsrattsskolan.se\/8-9-lk\/#primaryimage"},"image":{"@id":"https:\/\/upphovsrattsskolan.se\/8-9-lk\/#primaryimage"},"thumbnailUrl":"http:\/\/kopiraittila.wpengine.com\/wp-content\/uploads\/2016\/03\/icon_pdf.png","datePublished":"2015-12-17T10:12:17+00:00","dateModified":"2016-08-12T10:32:42+00:00","breadcrumb":{"@id":"https:\/\/upphovsrattsskolan.se\/8-9-lk\/#breadcrumb"},"inLanguage":"fi","potentialAction":[{"@type":"ReadAction","target":["https:\/\/upphovsrattsskolan.se\/8-9-lk\/"]}]},{"@type":"ImageObject","inLanguage":"fi","@id":"https:\/\/upphovsrattsskolan.se\/8-9-lk\/#primaryimage","url":"http:\/\/kopiraittila.wpengine.com\/wp-content\/uploads\/2016\/03\/icon_pdf.png","contentUrl":"http:\/\/kopiraittila.wpengine.com\/wp-content\/uploads\/2016\/03\/icon_pdf.png"},{"@type":"BreadcrumbList","@id":"https:\/\/upphovsrattsskolan.se\/8-9-lk\/#breadcrumb","itemListElement":[{"@type":"ListItem","position":1,"name":"Etusivu","item":"https:\/\/upphovsrattsskolan.se\/fi\/"},{"@type":"ListItem","position":2,"name":"Opettajanhuone","item":"https:\/\/upphovsrattsskolan.se\/fi\/opettajanhuone\/"},{"@type":"ListItem","position":3,"name":"8.-9. lk"}]},{"@type":"WebSite","@id":"https:\/\/upphovsrattsskolan.se\/#website","url":"https:\/\/upphovsrattsskolan.se\/","name":"Upphovsr\u00e4ttsskolan","description":"","potentialAction":[{"@type":"SearchAction","target":{"@type":"EntryPoint","urlTemplate":"https:\/\/upphovsrattsskolan.se\/?s={search_term_string}"},"query-input":{"@type":"PropertyValueSpecification","valueRequired":true,"valueName":"search_term_string"}}],"inLanguage":"fi"}]}},"_links":{"self":[{"href":"https:\/\/upphovsrattsskolan.se\/fi\/wp-json\/wp\/v2\/pages\/53","targetHints":{"allow":["GET"]}}],"collection":[{"href":"https:\/\/upphovsrattsskolan.se\/fi\/wp-json\/wp\/v2\/pages"}],"about":[{"href":"https:\/\/upphovsrattsskolan.se\/fi\/wp-json\/wp\/v2\/types\/page"}],"author":[{"embeddable":true,"href":"https:\/\/upphovsrattsskolan.se\/fi\/wp-json\/wp\/v2\/users\/3"}],"replies":[{"embeddable":true,"href":"https:\/\/upphovsrattsskolan.se\/fi\/wp-json\/wp\/v2\/comments?post=53"}],"version-history":[{"count":0,"href":"https:\/\/upphovsrattsskolan.se\/fi\/wp-json\/wp\/v2\/pages\/53\/revisions"}],"up":[{"embeddable":true,"href":"https:\/\/upphovsrattsskolan.se\/fi\/wp-json\/wp\/v2\/pages\/47"}],"wp:attachment":[{"href":"https:\/\/upphovsrattsskolan.se\/fi\/wp-json\/wp\/v2\/media?parent=53"}],"curies":[{"name":"wp","href":"https:\/\/api.w.org\/{rel}","templated":true}]}}