{"id":50,"date":"2015-12-17T09:54:32","date_gmt":"2015-12-17T09:54:32","guid":{"rendered":"http:\/\/kopiraittila.wpengine.com\/?page_id=50"},"modified":"2018-04-03T12:10:20","modified_gmt":"2018-04-03T12:10:20","slug":"3-4-lk","status":"publish","type":"page","link":"https:\/\/upphovsrattsskolan.se\/fi\/opettajanhuone\/3-4-lk\/","title":{"rendered":"3.-4.lk"},"content":{"rendered":"<h2>3-4 lk<\/h2>\n<p>&nbsp;<\/p>\n<table class=\"attachment-table\" width=\"100%\">\n<tbody>\n<tr>\n<td><a href=\"http:\/\/kopiraittila.wpengine.com\/wp-content\/uploads\/2016\/08\/Kopiosto_opetusvinkit_3-4.pdf\" target=\"_blank\" rel=\"noopener\"><img loading=\"lazy\" decoding=\"async\" class=\"wp-image-489 size-full alignnone\" src=\"http:\/\/kopiraittila.wpengine.com\/wp-content\/uploads\/2016\/03\/icon_pdf.png\" alt=\"icon_pdf\" width=\"32\" height=\"33\" \/> Opetusvinkit<\/a><\/p>\n<p><a href=\"http:\/\/kopiraittila.wpengine.com\/wp-content\/uploads\/2016\/08\/Kopiosto_lahteiden_merkitseminen_3-4.pdf\" target=\"_blank\" rel=\"noopener\"><img loading=\"lazy\" decoding=\"async\" class=\"wp-image-489 size-full alignnone\" src=\"http:\/\/kopiraittila.wpengine.com\/wp-content\/uploads\/2016\/03\/icon_pdf.png\" alt=\"icon_pdf\" width=\"32\" height=\"33\" \/> L\u00e4hteiden merkitseminen<\/a><\/p>\n<p><a href=\"http:\/\/kopiraittila.wpengine.com\/wp-content\/uploads\/2016\/08\/Lahdemerkintaharjoitus_mv_3.pdf\" target=\"_blank\" rel=\"noopener\"><img loading=\"lazy\" decoding=\"async\" class=\"wp-image-489 size-full alignnone\" src=\"http:\/\/kopiraittila.wpengine.com\/wp-content\/uploads\/2016\/03\/icon_pdf.png\" alt=\"icon_pdf\" width=\"32\" height=\"33\" \/> L\u00e4hdemerkint\u00e4harjoitus<\/a><\/p>\n<p><a href=\"http:\/\/kopiraittila.wpengine.com\/wp-content\/uploads\/2016\/08\/Kopiraittila_kunniakirja_3-4.pdf\" target=\"_blank\" rel=\"noopener\"><img loading=\"lazy\" decoding=\"async\" class=\"wp-image-489 size-full alignnone\" src=\"http:\/\/kopiraittila.wpengine.com\/wp-content\/uploads\/2016\/03\/icon_pdf.png\" alt=\"icon_pdf\" width=\"32\" height=\"33\" \/> Kunniakirja<\/a><\/td>\n<td><a href=\"http:\/\/kopiraittila.wpengine.com\/wp-content\/uploads\/2016\/08\/Kopiosto_muistilistat_3-4_1.pdf\" target=\"_blank\" rel=\"noopener\"><img loading=\"lazy\" decoding=\"async\" class=\"wp-image-489 size-full alignnone\" src=\"http:\/\/kopiraittila.wpengine.com\/wp-content\/uploads\/2016\/03\/icon_pdf.png\" alt=\"icon_pdf\" width=\"32\" height=\"33\" \/> Muistilista 1: Projektity\u00f6n muistilista<\/a><\/p>\n<p><a href=\"http:\/\/kopiraittila.wpengine.com\/wp-content\/uploads\/2016\/08\/Kopiosto_muistilistat_3-4_2.pdf\" target=\"_blank\" rel=\"noopener\"><img loading=\"lazy\" decoding=\"async\" class=\"wp-image-489 size-full alignnone\" src=\"http:\/\/kopiraittila.wpengine.com\/wp-content\/uploads\/2016\/03\/icon_pdf.png\" alt=\"icon_pdf\" width=\"32\" height=\"33\" \/> Muistilista 2: Kuvaaminen<\/a><\/p>\n<p><a href=\"http:\/\/kopiraittila.wpengine.com\/wp-content\/uploads\/2016\/08\/Kopiosto_muistilistat_3-4_3.pdf\" target=\"_blank\" rel=\"noopener\"><img loading=\"lazy\" decoding=\"async\" class=\"wp-image-489 size-full alignnone\" src=\"http:\/\/kopiraittila.wpengine.com\/wp-content\/uploads\/2016\/03\/icon_pdf.png\" alt=\"icon_pdf\" width=\"32\" height=\"33\" \/> Muistilista 3: Videoprojektin muistilista<\/a><\/p>\n<p><a href=\"\/koulu\/opettajan-ohjeet\" rel=\"noopener\"> QR-peli: Opettajan ohjeet<\/a><\/td>\n<\/tr>\n<\/tbody>\n<\/table>\n","protected":false},"excerpt":{"rendered":"<p>3-4 lk &nbsp; Opetusvinkit L\u00e4hteiden merkitseminen L\u00e4hdemerkint\u00e4harjoitus Kunniakirja Muistilista 1: Projektity\u00f6n muistilista Muistilista 2: Kuvaaminen Muistilista 3: Videoprojektin muistilista QR-peli: Opettajan ohjeet<\/p>\n","protected":false},"author":3,"featured_media":0,"parent":47,"menu_order":0,"comment_status":"closed","ping_status":"closed","template":"","meta":{"_acf_changed":false,"_exactmetrics_skip_tracking":false,"_exactmetrics_sitenote_active":false,"_exactmetrics_sitenote_note":"","_exactmetrics_sitenote_category":0,"footnotes":""},"class_list":["post-50","page","type-page","status-publish","hentry"],"acf":[],"yoast_head":"<!-- This site is optimized with the Yoast SEO plugin v26.9 - https:\/\/yoast.com\/product\/yoast-seo-wordpress\/ -->\n<title>3.-4.lk - Upphovsr\u00e4ttsskolan<\/title>\n<meta name=\"robots\" content=\"index, follow, max-snippet:-1, max-image-preview:large, max-video-preview:-1\" \/>\n<link rel=\"canonical\" href=\"https:\/\/upphovsrattsskolan.se\/3-4-lk\/\" \/>\n<meta property=\"og:locale\" content=\"fi_FI\" \/>\n<meta property=\"og:type\" content=\"article\" \/>\n<meta property=\"og:title\" content=\"3.-4.lk - Upphovsr\u00e4ttsskolan\" \/>\n<meta property=\"og:description\" content=\"3-4 lk &nbsp; Opetusvinkit L\u00e4hteiden merkitseminen L\u00e4hdemerkint\u00e4harjoitus Kunniakirja Muistilista 1: Projektity\u00f6n muistilista Muistilista 2: Kuvaaminen Muistilista 3: Videoprojektin muistilista QR-peli: Opettajan ohjeet\" \/>\n<meta property=\"og:url\" content=\"https:\/\/upphovsrattsskolan.se\/3-4-lk\/\" \/>\n<meta property=\"og:site_name\" content=\"Upphovsr\u00e4ttsskolan\" \/>\n<meta property=\"article:modified_time\" content=\"2018-04-03T12:10:20+00:00\" \/>\n<meta property=\"og:image\" content=\"http:\/\/kopiraittila.wpengine.com\/wp-content\/uploads\/2016\/03\/icon_pdf.png\" \/>\n<meta name=\"twitter:card\" content=\"summary_large_image\" \/>\n<script type=\"application\/ld+json\" class=\"yoast-schema-graph\">{\"@context\":\"https:\/\/schema.org\",\"@graph\":[{\"@type\":\"WebPage\",\"@id\":\"https:\/\/upphovsrattsskolan.se\/3-4-lk\/\",\"url\":\"https:\/\/upphovsrattsskolan.se\/3-4-lk\/\",\"name\":\"3.-4.lk - Upphovsr\u00e4ttsskolan\",\"isPartOf\":{\"@id\":\"https:\/\/upphovsrattsskolan.se\/#website\"},\"primaryImageOfPage\":{\"@id\":\"https:\/\/upphovsrattsskolan.se\/3-4-lk\/#primaryimage\"},\"image\":{\"@id\":\"https:\/\/upphovsrattsskolan.se\/3-4-lk\/#primaryimage\"},\"thumbnailUrl\":\"http:\/\/kopiraittila.wpengine.com\/wp-content\/uploads\/2016\/03\/icon_pdf.png\",\"datePublished\":\"2015-12-17T09:54:32+00:00\",\"dateModified\":\"2018-04-03T12:10:20+00:00\",\"breadcrumb\":{\"@id\":\"https:\/\/upphovsrattsskolan.se\/3-4-lk\/#breadcrumb\"},\"inLanguage\":\"fi\",\"potentialAction\":[{\"@type\":\"ReadAction\",\"target\":[\"https:\/\/upphovsrattsskolan.se\/3-4-lk\/\"]}]},{\"@type\":\"ImageObject\",\"inLanguage\":\"fi\",\"@id\":\"https:\/\/upphovsrattsskolan.se\/3-4-lk\/#primaryimage\",\"url\":\"http:\/\/kopiraittila.wpengine.com\/wp-content\/uploads\/2016\/03\/icon_pdf.png\",\"contentUrl\":\"http:\/\/kopiraittila.wpengine.com\/wp-content\/uploads\/2016\/03\/icon_pdf.png\"},{\"@type\":\"BreadcrumbList\",\"@id\":\"https:\/\/upphovsrattsskolan.se\/3-4-lk\/#breadcrumb\",\"itemListElement\":[{\"@type\":\"ListItem\",\"position\":1,\"name\":\"Etusivu\",\"item\":\"https:\/\/upphovsrattsskolan.se\/fi\/\"},{\"@type\":\"ListItem\",\"position\":2,\"name\":\"Opettajanhuone\",\"item\":\"https:\/\/upphovsrattsskolan.se\/fi\/opettajanhuone\/\"},{\"@type\":\"ListItem\",\"position\":3,\"name\":\"3.-4.lk\"}]},{\"@type\":\"WebSite\",\"@id\":\"https:\/\/upphovsrattsskolan.se\/#website\",\"url\":\"https:\/\/upphovsrattsskolan.se\/\",\"name\":\"Upphovsr\u00e4ttsskolan\",\"description\":\"\",\"potentialAction\":[{\"@type\":\"SearchAction\",\"target\":{\"@type\":\"EntryPoint\",\"urlTemplate\":\"https:\/\/upphovsrattsskolan.se\/?s={search_term_string}\"},\"query-input\":{\"@type\":\"PropertyValueSpecification\",\"valueRequired\":true,\"valueName\":\"search_term_string\"}}],\"inLanguage\":\"fi\"}]}<\/script>\n<!-- \/ Yoast SEO plugin. -->","yoast_head_json":{"title":"3.-4.lk - Upphovsr\u00e4ttsskolan","robots":{"index":"index","follow":"follow","max-snippet":"max-snippet:-1","max-image-preview":"max-image-preview:large","max-video-preview":"max-video-preview:-1"},"canonical":"https:\/\/upphovsrattsskolan.se\/3-4-lk\/","og_locale":"fi_FI","og_type":"article","og_title":"3.-4.lk - Upphovsr\u00e4ttsskolan","og_description":"3-4 lk &nbsp; Opetusvinkit L\u00e4hteiden merkitseminen L\u00e4hdemerkint\u00e4harjoitus Kunniakirja Muistilista 1: Projektity\u00f6n muistilista Muistilista 2: Kuvaaminen Muistilista 3: Videoprojektin muistilista QR-peli: Opettajan ohjeet","og_url":"https:\/\/upphovsrattsskolan.se\/3-4-lk\/","og_site_name":"Upphovsr\u00e4ttsskolan","article_modified_time":"2018-04-03T12:10:20+00:00","og_image":[{"url":"http:\/\/kopiraittila.wpengine.com\/wp-content\/uploads\/2016\/03\/icon_pdf.png","type":"","width":"","height":""}],"twitter_card":"summary_large_image","schema":{"@context":"https:\/\/schema.org","@graph":[{"@type":"WebPage","@id":"https:\/\/upphovsrattsskolan.se\/3-4-lk\/","url":"https:\/\/upphovsrattsskolan.se\/3-4-lk\/","name":"3.-4.lk - Upphovsr\u00e4ttsskolan","isPartOf":{"@id":"https:\/\/upphovsrattsskolan.se\/#website"},"primaryImageOfPage":{"@id":"https:\/\/upphovsrattsskolan.se\/3-4-lk\/#primaryimage"},"image":{"@id":"https:\/\/upphovsrattsskolan.se\/3-4-lk\/#primaryimage"},"thumbnailUrl":"http:\/\/kopiraittila.wpengine.com\/wp-content\/uploads\/2016\/03\/icon_pdf.png","datePublished":"2015-12-17T09:54:32+00:00","dateModified":"2018-04-03T12:10:20+00:00","breadcrumb":{"@id":"https:\/\/upphovsrattsskolan.se\/3-4-lk\/#breadcrumb"},"inLanguage":"fi","potentialAction":[{"@type":"ReadAction","target":["https:\/\/upphovsrattsskolan.se\/3-4-lk\/"]}]},{"@type":"ImageObject","inLanguage":"fi","@id":"https:\/\/upphovsrattsskolan.se\/3-4-lk\/#primaryimage","url":"http:\/\/kopiraittila.wpengine.com\/wp-content\/uploads\/2016\/03\/icon_pdf.png","contentUrl":"http:\/\/kopiraittila.wpengine.com\/wp-content\/uploads\/2016\/03\/icon_pdf.png"},{"@type":"BreadcrumbList","@id":"https:\/\/upphovsrattsskolan.se\/3-4-lk\/#breadcrumb","itemListElement":[{"@type":"ListItem","position":1,"name":"Etusivu","item":"https:\/\/upphovsrattsskolan.se\/fi\/"},{"@type":"ListItem","position":2,"name":"Opettajanhuone","item":"https:\/\/upphovsrattsskolan.se\/fi\/opettajanhuone\/"},{"@type":"ListItem","position":3,"name":"3.-4.lk"}]},{"@type":"WebSite","@id":"https:\/\/upphovsrattsskolan.se\/#website","url":"https:\/\/upphovsrattsskolan.se\/","name":"Upphovsr\u00e4ttsskolan","description":"","potentialAction":[{"@type":"SearchAction","target":{"@type":"EntryPoint","urlTemplate":"https:\/\/upphovsrattsskolan.se\/?s={search_term_string}"},"query-input":{"@type":"PropertyValueSpecification","valueRequired":true,"valueName":"search_term_string"}}],"inLanguage":"fi"}]}},"_links":{"self":[{"href":"https:\/\/upphovsrattsskolan.se\/fi\/wp-json\/wp\/v2\/pages\/50","targetHints":{"allow":["GET"]}}],"collection":[{"href":"https:\/\/upphovsrattsskolan.se\/fi\/wp-json\/wp\/v2\/pages"}],"about":[{"href":"https:\/\/upphovsrattsskolan.se\/fi\/wp-json\/wp\/v2\/types\/page"}],"author":[{"embeddable":true,"href":"https:\/\/upphovsrattsskolan.se\/fi\/wp-json\/wp\/v2\/users\/3"}],"replies":[{"embeddable":true,"href":"https:\/\/upphovsrattsskolan.se\/fi\/wp-json\/wp\/v2\/comments?post=50"}],"version-history":[{"count":0,"href":"https:\/\/upphovsrattsskolan.se\/fi\/wp-json\/wp\/v2\/pages\/50\/revisions"}],"up":[{"embeddable":true,"href":"https:\/\/upphovsrattsskolan.se\/fi\/wp-json\/wp\/v2\/pages\/47"}],"wp:attachment":[{"href":"https:\/\/upphovsrattsskolan.se\/fi\/wp-json\/wp\/v2\/media?parent=50"}],"curies":[{"name":"wp","href":"https:\/\/api.w.org\/{rel}","templated":true}]}}