{"id":2847,"date":"2018-04-05T09:59:15","date_gmt":"2018-04-05T09:59:15","guid":{"rendered":"https:\/\/kopiraittila.wpengine.com\/?page_id=2847"},"modified":"2018-04-05T10:59:58","modified_gmt":"2018-04-05T10:59:58","slug":"tarina","status":"publish","type":"page","link":"https:\/\/upphovsrattsskolan.se\/fi\/tarina\/","title":{"rendered":"Tarina"},"content":{"rendered":"<h1 style=\"text-align: center;\">KOPIRAITTILAN MYSTEERI<\/h1>\n<p style=\"text-align: center;\">(kirjoittanut: Tuutikki Tolonen)<\/p>\n<p>&nbsp;<\/p>\n<p><img loading=\"lazy\" decoding=\"async\" class=\"img-responsive rounded-corners wp-image-2867 size-full aligncenter\" src=\"https:\/\/kopiraittila.wpengine.com\/wp-content\/uploads\/2018\/04\/aloitus-hero-5-7-fin.png\" alt=\"\" width=\"1578\" height=\"687\" srcset=\"https:\/\/upphovsrattsskolan.se\/wp-content\/uploads\/2018\/04\/aloitus-hero-5-7-fin.png 1578w, https:\/\/upphovsrattsskolan.se\/wp-content\/uploads\/2018\/04\/aloitus-hero-5-7-fin-300x131.png 300w, https:\/\/upphovsrattsskolan.se\/wp-content\/uploads\/2018\/04\/aloitus-hero-5-7-fin-768x334.png 768w, https:\/\/upphovsrattsskolan.se\/wp-content\/uploads\/2018\/04\/aloitus-hero-5-7-fin-1024x446.png 1024w\" sizes=\"auto, (max-width: 1578px) 100vw, 1578px\" \/><\/p>\n<p>&nbsp;<\/p>\n<p>Luokan ovi kolahti. Luokka k\u00e4\u00e4nn\u00e4hti \u00e4\u00e4nen suuntaan. Ovella seisoi pieni, erikoisesti pukeutunut mies.<\/p>\n<p>&nbsp;<\/p>\n<p><img loading=\"lazy\" decoding=\"async\" class=\"size-medium wp-image-2870 alignright\" src=\"https:\/\/kopiraittila.wpengine.com\/wp-content\/uploads\/2018\/04\/aloitus-opettaja-5-7-255x300.png\" alt=\"\" width=\"255\" height=\"300\" srcset=\"https:\/\/upphovsrattsskolan.se\/wp-content\/uploads\/2018\/04\/aloitus-opettaja-5-7-255x300.png 255w, https:\/\/upphovsrattsskolan.se\/wp-content\/uploads\/2018\/04\/aloitus-opettaja-5-7.png 751w\" sizes=\"auto, (max-width: 255px) 100vw, 255px\" \/><\/p>\n<p>\u201dAnteeksi, kuka te olette?\u201d opettaja kysyi h\u00e4mm\u00e4styneen\u00e4.<\/p>\n<p>Tulija antoi tiukan katseensa kiert\u00e4\u00e4 ymp\u00e4ri luokkaa.<\/p>\n<p>\u201dMin\u00e4 olen tekij\u00e4noikeusritari\u201d, h\u00e4n vastasi.<\/p>\n<p>\u201dAnteeksi mik\u00e4?\u201d opettaja kysyi. Joku tirskahti.<\/p>\n<p>&nbsp;<\/p>\n<p>&nbsp;<\/p>\n<p><img loading=\"lazy\" decoding=\"async\" class=\"size-medium wp-image-2871 alignleft\" src=\"https:\/\/kopiraittila.wpengine.com\/wp-content\/uploads\/2018\/04\/aloitus-etsiva-5-7-255x300.png\" alt=\"\" width=\"255\" height=\"300\" srcset=\"https:\/\/upphovsrattsskolan.se\/wp-content\/uploads\/2018\/04\/aloitus-etsiva-5-7-255x300.png 255w, https:\/\/upphovsrattsskolan.se\/wp-content\/uploads\/2018\/04\/aloitus-etsiva-5-7.png 751w\" sizes=\"auto, (max-width: 255px) 100vw, 255px\" \/><\/p>\n<p>Mies kaivoi rintataskustaan virallisenn\u00e4k\u00f6isen kunniamerkin ja heilautti sit\u00e4 ilmassa.<\/p>\n<p>\u201dMin\u00e4 olen tekij\u00e4noikeusritari, ja t\u00e4\u00e4ll\u00e4 on rikos selvitett\u00e4v\u00e4n\u00e4. Oikeastaan rikosten sarja.\u201d<\/p>\n<p>Kaikki hiljeniv\u00e4t.<\/p>\n<p>\u201dRikosten sarja?\u201d opettaja toisti pienell\u00e4 \u00e4\u00e4nell\u00e4.<\/p>\n<p>\u201dKyll\u00e4. Ja syyllinen on t\u00e4ss\u00e4 huoneessa.\u201d<\/p>\n<p>&nbsp;<\/p>\n<p>&nbsp;<\/p>\n<p>&nbsp;<\/p>\n<p><img loading=\"lazy\" decoding=\"async\" class=\"size-medium wp-image-2872 alignright\" src=\"https:\/\/kopiraittila.wpengine.com\/wp-content\/uploads\/2018\/04\/aloitus-oppilaat-5-7-255x300.png\" alt=\"\" width=\"255\" height=\"300\" srcset=\"https:\/\/upphovsrattsskolan.se\/wp-content\/uploads\/2018\/04\/aloitus-oppilaat-5-7-255x300.png 255w, https:\/\/upphovsrattsskolan.se\/wp-content\/uploads\/2018\/04\/aloitus-oppilaat-5-7.png 751w\" sizes=\"auto, (max-width: 255px) 100vw, 255px\" \/><\/p>\n<p>&nbsp;<\/p>\n<p>Oppilaat vilkuilivat toisiaan. Ritari jatkoi:<\/p>\n<p>\u201dEli joku t\u00e4ss\u00e4 huoneessa ei tunne tekij\u00e4noikeuslakia. Tai viel\u00e4 pahempaa: ei v\u00e4lit\u00e4 siit\u00e4.\u201d<\/p>\n<p>\u201dKuka?\u201d opettaja henk\u00e4isi.<\/p>\n<p>\u201dSiit\u00e4 me otamme nyt selv\u00e4\u00e4\u201d, mies vastasi.<\/p>\n<p>&nbsp;<\/p>\n<p>&nbsp;<\/p>\n<p>&nbsp;<\/p>\n<p>&nbsp;<\/p>\n","protected":false},"excerpt":{"rendered":"<p>KOPIRAITTILAN MYSTEERI (kirjoittanut: Tuutikki Tolonen) &nbsp; &nbsp; Luokan ovi kolahti. Luokka k\u00e4\u00e4nn\u00e4hti \u00e4\u00e4nen suuntaan. Ovella seisoi pieni, erikoisesti pukeutunut mies. &nbsp; \u201dAnteeksi, kuka te olette?\u201d opettaja kysyi h\u00e4mm\u00e4styneen\u00e4. Tulija antoi tiukan katseensa kiert\u00e4\u00e4 ymp\u00e4ri luokkaa. \u201dMin\u00e4 olen tekij\u00e4noikeusritari\u201d, h\u00e4n vastasi. \u201dAnteeksi mik\u00e4?\u201d opettaja kysyi. Joku tirskahti. &nbsp; &nbsp; Mies kaivoi rintataskustaan virallisenn\u00e4k\u00f6isen kunniamerkin ja heilautti [&hellip;]<\/p>\n","protected":false},"author":2,"featured_media":0,"parent":0,"menu_order":0,"comment_status":"closed","ping_status":"closed","template":"page-qrpeli.php","meta":{"_acf_changed":false,"_exactmetrics_skip_tracking":false,"_exactmetrics_sitenote_active":false,"_exactmetrics_sitenote_note":"","_exactmetrics_sitenote_category":0,"footnotes":""},"class_list":["post-2847","page","type-page","status-publish","hentry"],"acf":{"linkki":{"title":"TAKAISIN","url":"https:\/\/kopiraittila.wpengine.com\/kopiraittilan-mysteeri\/","target":""},"koodikentta":"0","koodikentan_teksti":null,"ratko_myysteri_nappi":null,"vaara_vastaus":null,"vaara_vastaus_nappi":null,"aktivoi_tulostusnapit":null,"tulostusnapit":null},"yoast_head":"<!-- This site is optimized with the Yoast SEO plugin v27.5 - https:\/\/yoast.com\/product\/yoast-seo-wordpress\/ -->\n<title>Tarina - Upphovsr\u00e4ttsskolan<\/title>\n<meta name=\"robots\" content=\"index, follow, max-snippet:-1, max-image-preview:large, max-video-preview:-1\" \/>\n<link rel=\"canonical\" href=\"https:\/\/upphovsrattsskolan.se\/fi\/tarina\/\" \/>\n<meta property=\"og:locale\" content=\"fi_FI\" \/>\n<meta property=\"og:type\" content=\"article\" \/>\n<meta property=\"og:title\" content=\"Tarina - Upphovsr\u00e4ttsskolan\" \/>\n<meta property=\"og:description\" content=\"KOPIRAITTILAN MYSTEERI (kirjoittanut: Tuutikki Tolonen) &nbsp; &nbsp; Luokan ovi kolahti. Luokka k\u00e4\u00e4nn\u00e4hti \u00e4\u00e4nen suuntaan. Ovella seisoi pieni, erikoisesti pukeutunut mies. &nbsp; \u201dAnteeksi, kuka te olette?\u201d opettaja kysyi h\u00e4mm\u00e4styneen\u00e4. Tulija antoi tiukan katseensa kiert\u00e4\u00e4 ymp\u00e4ri luokkaa. \u201dMin\u00e4 olen tekij\u00e4noikeusritari\u201d, h\u00e4n vastasi. \u201dAnteeksi mik\u00e4?\u201d opettaja kysyi. Joku tirskahti. &nbsp; &nbsp; Mies kaivoi rintataskustaan virallisenn\u00e4k\u00f6isen kunniamerkin ja heilautti [&hellip;]\" \/>\n<meta property=\"og:url\" content=\"https:\/\/upphovsrattsskolan.se\/fi\/tarina\/\" \/>\n<meta property=\"og:site_name\" content=\"Upphovsr\u00e4ttsskolan\" \/>\n<meta property=\"article:modified_time\" content=\"2018-04-05T10:59:58+00:00\" \/>\n<meta property=\"og:image\" content=\"https:\/\/kopiraittila.wpengine.com\/wp-content\/uploads\/2018\/04\/aloitus-hero-5-7-fin.png\" \/>\n<meta name=\"twitter:card\" content=\"summary_large_image\" \/>\n<meta name=\"twitter:label1\" content=\"Est. reading time\" \/>\n\t<meta name=\"twitter:data1\" content=\"1 minute\" \/>\n<script type=\"application\/ld+json\" class=\"yoast-schema-graph\">{\"@context\":\"https:\\\/\\\/schema.org\",\"@graph\":[{\"@type\":\"WebPage\",\"@id\":\"https:\\\/\\\/upphovsrattsskolan.se\\\/fi\\\/tarina\\\/\",\"url\":\"https:\\\/\\\/upphovsrattsskolan.se\\\/fi\\\/tarina\\\/\",\"name\":\"Tarina - Upphovsr\u00e4ttsskolan\",\"isPartOf\":{\"@id\":\"https:\\\/\\\/upphovsrattsskolan.se\\\/#website\"},\"primaryImageOfPage\":{\"@id\":\"https:\\\/\\\/upphovsrattsskolan.se\\\/fi\\\/tarina\\\/#primaryimage\"},\"image\":{\"@id\":\"https:\\\/\\\/upphovsrattsskolan.se\\\/fi\\\/tarina\\\/#primaryimage\"},\"thumbnailUrl\":\"https:\\\/\\\/kopiraittila.wpengine.com\\\/wp-content\\\/uploads\\\/2018\\\/04\\\/aloitus-hero-5-7-fin.png\",\"datePublished\":\"2018-04-05T09:59:15+00:00\",\"dateModified\":\"2018-04-05T10:59:58+00:00\",\"breadcrumb\":{\"@id\":\"https:\\\/\\\/upphovsrattsskolan.se\\\/fi\\\/tarina\\\/#breadcrumb\"},\"inLanguage\":\"fi\",\"potentialAction\":[{\"@type\":\"ReadAction\",\"target\":[\"https:\\\/\\\/upphovsrattsskolan.se\\\/fi\\\/tarina\\\/\"]}]},{\"@type\":\"ImageObject\",\"inLanguage\":\"fi\",\"@id\":\"https:\\\/\\\/upphovsrattsskolan.se\\\/fi\\\/tarina\\\/#primaryimage\",\"url\":\"https:\\\/\\\/kopiraittila.wpengine.com\\\/wp-content\\\/uploads\\\/2018\\\/04\\\/aloitus-hero-5-7-fin.png\",\"contentUrl\":\"https:\\\/\\\/kopiraittila.wpengine.com\\\/wp-content\\\/uploads\\\/2018\\\/04\\\/aloitus-hero-5-7-fin.png\"},{\"@type\":\"BreadcrumbList\",\"@id\":\"https:\\\/\\\/upphovsrattsskolan.se\\\/fi\\\/tarina\\\/#breadcrumb\",\"itemListElement\":[{\"@type\":\"ListItem\",\"position\":1,\"name\":\"Etusivu\",\"item\":\"https:\\\/\\\/upphovsrattsskolan.se\\\/fi\\\/\"},{\"@type\":\"ListItem\",\"position\":2,\"name\":\"Tarina\"}]},{\"@type\":\"WebSite\",\"@id\":\"https:\\\/\\\/upphovsrattsskolan.se\\\/#website\",\"url\":\"https:\\\/\\\/upphovsrattsskolan.se\\\/\",\"name\":\"Upphovsr\u00e4ttsskolan\",\"description\":\"\",\"potentialAction\":[{\"@type\":\"SearchAction\",\"target\":{\"@type\":\"EntryPoint\",\"urlTemplate\":\"https:\\\/\\\/upphovsrattsskolan.se\\\/?s={search_term_string}\"},\"query-input\":{\"@type\":\"PropertyValueSpecification\",\"valueRequired\":true,\"valueName\":\"search_term_string\"}}],\"inLanguage\":\"fi\"}]}<\/script>\n<!-- \/ Yoast SEO plugin. -->","yoast_head_json":{"title":"Tarina - Upphovsr\u00e4ttsskolan","robots":{"index":"index","follow":"follow","max-snippet":"max-snippet:-1","max-image-preview":"max-image-preview:large","max-video-preview":"max-video-preview:-1"},"canonical":"https:\/\/upphovsrattsskolan.se\/fi\/tarina\/","og_locale":"fi_FI","og_type":"article","og_title":"Tarina - Upphovsr\u00e4ttsskolan","og_description":"KOPIRAITTILAN MYSTEERI (kirjoittanut: Tuutikki Tolonen) &nbsp; &nbsp; Luokan ovi kolahti. Luokka k\u00e4\u00e4nn\u00e4hti \u00e4\u00e4nen suuntaan. Ovella seisoi pieni, erikoisesti pukeutunut mies. &nbsp; \u201dAnteeksi, kuka te olette?\u201d opettaja kysyi h\u00e4mm\u00e4styneen\u00e4. Tulija antoi tiukan katseensa kiert\u00e4\u00e4 ymp\u00e4ri luokkaa. \u201dMin\u00e4 olen tekij\u00e4noikeusritari\u201d, h\u00e4n vastasi. \u201dAnteeksi mik\u00e4?\u201d opettaja kysyi. Joku tirskahti. &nbsp; &nbsp; Mies kaivoi rintataskustaan virallisenn\u00e4k\u00f6isen kunniamerkin ja heilautti [&hellip;]","og_url":"https:\/\/upphovsrattsskolan.se\/fi\/tarina\/","og_site_name":"Upphovsr\u00e4ttsskolan","article_modified_time":"2018-04-05T10:59:58+00:00","og_image":[{"url":"https:\/\/kopiraittila.wpengine.com\/wp-content\/uploads\/2018\/04\/aloitus-hero-5-7-fin.png","type":"","width":"","height":""}],"twitter_card":"summary_large_image","twitter_misc":{"Est. reading time":"1 minute"},"schema":{"@context":"https:\/\/schema.org","@graph":[{"@type":"WebPage","@id":"https:\/\/upphovsrattsskolan.se\/fi\/tarina\/","url":"https:\/\/upphovsrattsskolan.se\/fi\/tarina\/","name":"Tarina - Upphovsr\u00e4ttsskolan","isPartOf":{"@id":"https:\/\/upphovsrattsskolan.se\/#website"},"primaryImageOfPage":{"@id":"https:\/\/upphovsrattsskolan.se\/fi\/tarina\/#primaryimage"},"image":{"@id":"https:\/\/upphovsrattsskolan.se\/fi\/tarina\/#primaryimage"},"thumbnailUrl":"https:\/\/kopiraittila.wpengine.com\/wp-content\/uploads\/2018\/04\/aloitus-hero-5-7-fin.png","datePublished":"2018-04-05T09:59:15+00:00","dateModified":"2018-04-05T10:59:58+00:00","breadcrumb":{"@id":"https:\/\/upphovsrattsskolan.se\/fi\/tarina\/#breadcrumb"},"inLanguage":"fi","potentialAction":[{"@type":"ReadAction","target":["https:\/\/upphovsrattsskolan.se\/fi\/tarina\/"]}]},{"@type":"ImageObject","inLanguage":"fi","@id":"https:\/\/upphovsrattsskolan.se\/fi\/tarina\/#primaryimage","url":"https:\/\/kopiraittila.wpengine.com\/wp-content\/uploads\/2018\/04\/aloitus-hero-5-7-fin.png","contentUrl":"https:\/\/kopiraittila.wpengine.com\/wp-content\/uploads\/2018\/04\/aloitus-hero-5-7-fin.png"},{"@type":"BreadcrumbList","@id":"https:\/\/upphovsrattsskolan.se\/fi\/tarina\/#breadcrumb","itemListElement":[{"@type":"ListItem","position":1,"name":"Etusivu","item":"https:\/\/upphovsrattsskolan.se\/fi\/"},{"@type":"ListItem","position":2,"name":"Tarina"}]},{"@type":"WebSite","@id":"https:\/\/upphovsrattsskolan.se\/#website","url":"https:\/\/upphovsrattsskolan.se\/","name":"Upphovsr\u00e4ttsskolan","description":"","potentialAction":[{"@type":"SearchAction","target":{"@type":"EntryPoint","urlTemplate":"https:\/\/upphovsrattsskolan.se\/?s={search_term_string}"},"query-input":{"@type":"PropertyValueSpecification","valueRequired":true,"valueName":"search_term_string"}}],"inLanguage":"fi"}]}},"_links":{"self":[{"href":"https:\/\/upphovsrattsskolan.se\/fi\/wp-json\/wp\/v2\/pages\/2847","targetHints":{"allow":["GET"]}}],"collection":[{"href":"https:\/\/upphovsrattsskolan.se\/fi\/wp-json\/wp\/v2\/pages"}],"about":[{"href":"https:\/\/upphovsrattsskolan.se\/fi\/wp-json\/wp\/v2\/types\/page"}],"author":[{"embeddable":true,"href":"https:\/\/upphovsrattsskolan.se\/fi\/wp-json\/wp\/v2\/users\/2"}],"replies":[{"embeddable":true,"href":"https:\/\/upphovsrattsskolan.se\/fi\/wp-json\/wp\/v2\/comments?post=2847"}],"version-history":[{"count":0,"href":"https:\/\/upphovsrattsskolan.se\/fi\/wp-json\/wp\/v2\/pages\/2847\/revisions"}],"wp:attachment":[{"href":"https:\/\/upphovsrattsskolan.se\/fi\/wp-json\/wp\/v2\/media?parent=2847"}],"curies":[{"name":"wp","href":"https:\/\/api.w.org\/{rel}","templated":true}]}}