{"id":2672,"date":"2018-03-28T14:04:24","date_gmt":"2018-03-28T14:04:24","guid":{"rendered":"https:\/\/kopiraittila.wpengine.com\/?page_id=2672"},"modified":"2018-06-20T15:40:00","modified_gmt":"2018-06-20T15:40:00","slug":"opettajan-ohjeet","status":"publish","type":"page","link":"https:\/\/upphovsrattsskolan.se\/fi\/koulu\/opettajan-ohjeet\/","title":{"rendered":"Opettajan ohjeet"},"content":{"rendered":"<h1 style=\"text-align: center;\">OPETTAJAN OHJEET<\/h1>\n<p><strong>KOPIRAITTILAN MYSTEERI<\/strong><\/p>\n<p>5. &#8211; 7. luokat<\/p>\n<p>Kopiraittilan mysteeri \u2013peli\u00e4 pelataan QR-koodi -suunnistuksena. Tulosta jokainen QR-koodilappu omalle paperille ja laita ne sis\u00e4lle tai ulos sellaiseen paikkaan, josta oppilas voi helposti skannata QR-koodin. Teht\u00e4v\u00e4t tehd\u00e4\u00e4n numeroj\u00e4rjestyksess\u00e4. Jos peli\u00e4 pelaa kerralla useampi ryhm\u00e4 tai oppilas, voit tulostaa useamman setin teht\u00e4v\u00e4lappuja, jolloin useampi ryhm\u00e4 tai oppilas voi tehd\u00e4 samaan aikaan samaa teht\u00e4v\u00e4\u00e4.<\/p>\n<p>Kopiraittilan mysteeri -peli sopii hyvin tekij\u00e4noikeuksien opetustuokion lopputestiksi tai aloitukseksi. Teht\u00e4v\u00e4n suorittaminen kest\u00e4\u00e4 noin 30-45 minuuttia. Teht\u00e4v\u00e4n ratkaisemisen j\u00e4lkeen on hyv\u00e4 keskustella oppilaiden kanssa kysymyksist\u00e4 ja niiden ratkaisuista.<\/p>\n<p>Aloittakaa lukemalla yhdess\u00e4 tai itsen\u00e4isesti aloitustarina. T\u00e4m\u00e4n j\u00e4lkeen oppilaat ratkovat QR-koodien takaa avautuvat tekij\u00e4noikeustietovisakysymykset.\u00a0Teht\u00e4v\u00e4t saa esille mobiililaitteella lapuissa olevan QR-koodin avulla. QR-koodien lukemiseen tarvitaan \u00e4lypuhelin tai tabletti, jossa on QR-koodeja lukeva sovellus ja nettiyhteys. QR-koodin lukijan voi ladata laitteelle sovelluskaupasta. Sovellukset ovat yleens\u00e4 ilmaisia.\u00a0QR-koodi luetaan niin, ett\u00e4 laitteen kameralla osoitetaan QR-koodia. Koodi avaa laitteen n\u00e4yt\u00f6lle teht\u00e4v\u00e4n.<\/p>\n<p>Jokaisesta teht\u00e4v\u00e4st\u00e4 saa oikeasta vastauksesta kirjainkoodin. Kirjainkoodit tulee merkit\u00e4 vastausruudukkoon teht\u00e4v\u00e4j\u00e4rjestyksess\u00e4 (ensimm\u00e4isen teht\u00e4v\u00e4n koodi ruutuun 1, toisen teht\u00e4v\u00e4n koodi ruutuun 2 jne.). Kun kaikki 10 teht\u00e4v\u00e4\u00e4 on tehty, ratkaisukoodi sy\u00f6tet\u00e4\u00e4n mysteerilaatikkoon, ja mysteeri ratkeaa. Tarinassa on kolme erilaista ratkaisua vastauksista riippuen. Ratkaisukoodin p\u00e4\u00e4see sy\u00f6tt\u00e4m\u00e4\u00e4n Kopiraittilan koulun 5.-7. -luokkien tiloista l\u00f6ytyv\u00e4\u00e4 mysteerilaatikkoa klikkaamalla tai suoraan 11. QR-koodin kautta. 12. QR-koodin takana on lis\u00e4teht\u00e4vi\u00e4 nopeimmille oppilaille.<\/p>\n<p>Kopiraittilan mysteeri \u2013teht\u00e4v\u00e4\u00e4 voi pelata ainoastaan mobiililaitteella ja QR-koodilukijan avulla.<\/p>\n<h2 style=\"text-align: center;\">Onnea j\u00e4nnitt\u00e4v\u00e4\u00e4n seikkailuun!<\/h2>\n","protected":false},"excerpt":{"rendered":"<p>OPETTAJAN OHJEET KOPIRAITTILAN MYSTEERI 5. &#8211; 7. luokat Kopiraittilan mysteeri \u2013peli\u00e4 pelataan QR-koodi -suunnistuksena. Tulosta jokainen QR-koodilappu omalle paperille ja laita ne sis\u00e4lle tai ulos sellaiseen paikkaan, josta oppilas voi helposti skannata QR-koodin. Teht\u00e4v\u00e4t tehd\u00e4\u00e4n numeroj\u00e4rjestyksess\u00e4. Jos peli\u00e4 pelaa kerralla useampi ryhm\u00e4 tai oppilas, voit tulostaa useamman setin teht\u00e4v\u00e4lappuja, jolloin useampi ryhm\u00e4 tai oppilas voi [&hellip;]<\/p>\n","protected":false},"author":2,"featured_media":0,"parent":340,"menu_order":0,"comment_status":"closed","ping_status":"closed","template":"page-qrpeli.php","meta":{"_acf_changed":false,"_exactmetrics_skip_tracking":false,"_exactmetrics_sitenote_active":false,"_exactmetrics_sitenote_note":"","_exactmetrics_sitenote_category":0,"footnotes":""},"class_list":["post-2672","page","type-page","status-publish","hentry"],"acf":{"linkki":{"title":"TAKAISIN","url":"https:\/\/kopiraittila.wpengine.com\/koulu\/","target":""},"koodikentta":"0","koodikentan_teksti":null,"ratko_myysteri_nappi":null,"vaara_vastaus":null,"vaara_vastaus_nappi":null,"aktivoi_tulostusnapit":"0","tulostusnapit":null},"yoast_head":"<!-- This site is optimized with the Yoast SEO plugin v27.5 - https:\/\/yoast.com\/product\/yoast-seo-wordpress\/ -->\n<title>Opettajan ohjeet - Upphovsr\u00e4ttsskolan<\/title>\n<meta name=\"robots\" content=\"index, follow, max-snippet:-1, max-image-preview:large, max-video-preview:-1\" \/>\n<link rel=\"canonical\" href=\"https:\/\/upphovsrattsskolan.se\/fi\/koulu\/opettajan-ohjeet\/\" \/>\n<meta property=\"og:locale\" content=\"fi_FI\" \/>\n<meta property=\"og:type\" content=\"article\" \/>\n<meta property=\"og:title\" content=\"Opettajan ohjeet - Upphovsr\u00e4ttsskolan\" \/>\n<meta property=\"og:description\" content=\"OPETTAJAN OHJEET KOPIRAITTILAN MYSTEERI 5. &#8211; 7. luokat Kopiraittilan mysteeri \u2013peli\u00e4 pelataan QR-koodi -suunnistuksena. Tulosta jokainen QR-koodilappu omalle paperille ja laita ne sis\u00e4lle tai ulos sellaiseen paikkaan, josta oppilas voi helposti skannata QR-koodin. Teht\u00e4v\u00e4t tehd\u00e4\u00e4n numeroj\u00e4rjestyksess\u00e4. Jos peli\u00e4 pelaa kerralla useampi ryhm\u00e4 tai oppilas, voit tulostaa useamman setin teht\u00e4v\u00e4lappuja, jolloin useampi ryhm\u00e4 tai oppilas voi [&hellip;]\" \/>\n<meta property=\"og:url\" content=\"https:\/\/upphovsrattsskolan.se\/fi\/koulu\/opettajan-ohjeet\/\" \/>\n<meta property=\"og:site_name\" content=\"Upphovsr\u00e4ttsskolan\" \/>\n<meta property=\"article:modified_time\" content=\"2018-06-20T15:40:00+00:00\" \/>\n<meta property=\"og:image\" content=\"https:\/\/upphovsrattsskolan.se\/wp-content\/uploads\/2019\/03\/upphovsrattsskolan-fb.png\" \/>\n\t<meta property=\"og:image:width\" content=\"1200\" \/>\n\t<meta property=\"og:image:height\" content=\"630\" \/>\n\t<meta property=\"og:image:type\" content=\"image\/png\" \/>\n<meta name=\"twitter:card\" content=\"summary_large_image\" \/>\n<meta name=\"twitter:label1\" content=\"Est. reading time\" \/>\n\t<meta name=\"twitter:data1\" content=\"1 minute\" \/>\n<script type=\"application\/ld+json\" class=\"yoast-schema-graph\">{\"@context\":\"https:\\\/\\\/schema.org\",\"@graph\":[{\"@type\":\"WebPage\",\"@id\":\"https:\\\/\\\/upphovsrattsskolan.se\\\/fi\\\/koulu\\\/opettajan-ohjeet\\\/\",\"url\":\"https:\\\/\\\/upphovsrattsskolan.se\\\/fi\\\/koulu\\\/opettajan-ohjeet\\\/\",\"name\":\"Opettajan ohjeet - Upphovsr\u00e4ttsskolan\",\"isPartOf\":{\"@id\":\"https:\\\/\\\/upphovsrattsskolan.se\\\/#website\"},\"datePublished\":\"2018-03-28T14:04:24+00:00\",\"dateModified\":\"2018-06-20T15:40:00+00:00\",\"breadcrumb\":{\"@id\":\"https:\\\/\\\/upphovsrattsskolan.se\\\/fi\\\/koulu\\\/opettajan-ohjeet\\\/#breadcrumb\"},\"inLanguage\":\"fi\",\"potentialAction\":[{\"@type\":\"ReadAction\",\"target\":[\"https:\\\/\\\/upphovsrattsskolan.se\\\/fi\\\/koulu\\\/opettajan-ohjeet\\\/\"]}]},{\"@type\":\"BreadcrumbList\",\"@id\":\"https:\\\/\\\/upphovsrattsskolan.se\\\/fi\\\/koulu\\\/opettajan-ohjeet\\\/#breadcrumb\",\"itemListElement\":[{\"@type\":\"ListItem\",\"position\":1,\"name\":\"Etusivu\",\"item\":\"https:\\\/\\\/upphovsrattsskolan.se\\\/fi\\\/\"},{\"@type\":\"ListItem\",\"position\":2,\"name\":\"Koulu\",\"item\":\"https:\\\/\\\/upphovsrattsskolan.se\\\/skola\\\/\"},{\"@type\":\"ListItem\",\"position\":3,\"name\":\"Opettajan ohjeet\"}]},{\"@type\":\"WebSite\",\"@id\":\"https:\\\/\\\/upphovsrattsskolan.se\\\/#website\",\"url\":\"https:\\\/\\\/upphovsrattsskolan.se\\\/\",\"name\":\"Upphovsr\u00e4ttsskolan\",\"description\":\"\",\"potentialAction\":[{\"@type\":\"SearchAction\",\"target\":{\"@type\":\"EntryPoint\",\"urlTemplate\":\"https:\\\/\\\/upphovsrattsskolan.se\\\/?s={search_term_string}\"},\"query-input\":{\"@type\":\"PropertyValueSpecification\",\"valueRequired\":true,\"valueName\":\"search_term_string\"}}],\"inLanguage\":\"fi\"}]}<\/script>\n<!-- \/ Yoast SEO plugin. -->","yoast_head_json":{"title":"Opettajan ohjeet - Upphovsr\u00e4ttsskolan","robots":{"index":"index","follow":"follow","max-snippet":"max-snippet:-1","max-image-preview":"max-image-preview:large","max-video-preview":"max-video-preview:-1"},"canonical":"https:\/\/upphovsrattsskolan.se\/fi\/koulu\/opettajan-ohjeet\/","og_locale":"fi_FI","og_type":"article","og_title":"Opettajan ohjeet - Upphovsr\u00e4ttsskolan","og_description":"OPETTAJAN OHJEET KOPIRAITTILAN MYSTEERI 5. &#8211; 7. luokat Kopiraittilan mysteeri \u2013peli\u00e4 pelataan QR-koodi -suunnistuksena. Tulosta jokainen QR-koodilappu omalle paperille ja laita ne sis\u00e4lle tai ulos sellaiseen paikkaan, josta oppilas voi helposti skannata QR-koodin. Teht\u00e4v\u00e4t tehd\u00e4\u00e4n numeroj\u00e4rjestyksess\u00e4. Jos peli\u00e4 pelaa kerralla useampi ryhm\u00e4 tai oppilas, voit tulostaa useamman setin teht\u00e4v\u00e4lappuja, jolloin useampi ryhm\u00e4 tai oppilas voi [&hellip;]","og_url":"https:\/\/upphovsrattsskolan.se\/fi\/koulu\/opettajan-ohjeet\/","og_site_name":"Upphovsr\u00e4ttsskolan","article_modified_time":"2018-06-20T15:40:00+00:00","og_image":[{"width":1200,"height":630,"url":"https:\/\/upphovsrattsskolan.se\/wp-content\/uploads\/2019\/03\/upphovsrattsskolan-fb.png","type":"image\/png"}],"twitter_card":"summary_large_image","twitter_misc":{"Est. reading time":"1 minute"},"schema":{"@context":"https:\/\/schema.org","@graph":[{"@type":"WebPage","@id":"https:\/\/upphovsrattsskolan.se\/fi\/koulu\/opettajan-ohjeet\/","url":"https:\/\/upphovsrattsskolan.se\/fi\/koulu\/opettajan-ohjeet\/","name":"Opettajan ohjeet - Upphovsr\u00e4ttsskolan","isPartOf":{"@id":"https:\/\/upphovsrattsskolan.se\/#website"},"datePublished":"2018-03-28T14:04:24+00:00","dateModified":"2018-06-20T15:40:00+00:00","breadcrumb":{"@id":"https:\/\/upphovsrattsskolan.se\/fi\/koulu\/opettajan-ohjeet\/#breadcrumb"},"inLanguage":"fi","potentialAction":[{"@type":"ReadAction","target":["https:\/\/upphovsrattsskolan.se\/fi\/koulu\/opettajan-ohjeet\/"]}]},{"@type":"BreadcrumbList","@id":"https:\/\/upphovsrattsskolan.se\/fi\/koulu\/opettajan-ohjeet\/#breadcrumb","itemListElement":[{"@type":"ListItem","position":1,"name":"Etusivu","item":"https:\/\/upphovsrattsskolan.se\/fi\/"},{"@type":"ListItem","position":2,"name":"Koulu","item":"https:\/\/upphovsrattsskolan.se\/skola\/"},{"@type":"ListItem","position":3,"name":"Opettajan ohjeet"}]},{"@type":"WebSite","@id":"https:\/\/upphovsrattsskolan.se\/#website","url":"https:\/\/upphovsrattsskolan.se\/","name":"Upphovsr\u00e4ttsskolan","description":"","potentialAction":[{"@type":"SearchAction","target":{"@type":"EntryPoint","urlTemplate":"https:\/\/upphovsrattsskolan.se\/?s={search_term_string}"},"query-input":{"@type":"PropertyValueSpecification","valueRequired":true,"valueName":"search_term_string"}}],"inLanguage":"fi"}]}},"_links":{"self":[{"href":"https:\/\/upphovsrattsskolan.se\/fi\/wp-json\/wp\/v2\/pages\/2672","targetHints":{"allow":["GET"]}}],"collection":[{"href":"https:\/\/upphovsrattsskolan.se\/fi\/wp-json\/wp\/v2\/pages"}],"about":[{"href":"https:\/\/upphovsrattsskolan.se\/fi\/wp-json\/wp\/v2\/types\/page"}],"author":[{"embeddable":true,"href":"https:\/\/upphovsrattsskolan.se\/fi\/wp-json\/wp\/v2\/users\/2"}],"replies":[{"embeddable":true,"href":"https:\/\/upphovsrattsskolan.se\/fi\/wp-json\/wp\/v2\/comments?post=2672"}],"version-history":[{"count":0,"href":"https:\/\/upphovsrattsskolan.se\/fi\/wp-json\/wp\/v2\/pages\/2672\/revisions"}],"up":[{"embeddable":true,"href":"https:\/\/upphovsrattsskolan.se\/fi\/wp-json\/wp\/v2\/pages\/340"}],"wp:attachment":[{"href":"https:\/\/upphovsrattsskolan.se\/fi\/wp-json\/wp\/v2\/media?parent=2672"}],"curies":[{"name":"wp","href":"https:\/\/api.w.org\/{rel}","templated":true}]}}