{"id":2667,"date":"2018-03-28T13:48:20","date_gmt":"2018-03-28T13:48:20","guid":{"rendered":"https:\/\/kopiraittila.wpengine.com\/?page_id=2667"},"modified":"2018-04-07T12:21:40","modified_gmt":"2018-04-07T12:21:40","slug":"tarina","status":"publish","type":"page","link":"https:\/\/upphovsrattsskolan.se\/fi\/tarina\/","title":{"rendered":"Tarina"},"content":{"rendered":"<h1 style=\"text-align: center;\">MYSTEERI MUSEOSSA<\/h1>\n<p style=\"text-align: center;\">(kirjoittanut: Tuutikki Tolonen)<\/p>\n<p>&nbsp;<\/p>\n<p><img loading=\"lazy\" decoding=\"async\" class=\"wp-image-2668 size-full aligncenter img-responsive rounded-corners\" src=\"https:\/\/kopiraittila.wpengine.com\/wp-content\/uploads\/2018\/03\/tarina-aloitus-kuva.png\" alt=\"\" width=\"1578\" height=\"691\" srcset=\"https:\/\/upphovsrattsskolan.se\/wp-content\/uploads\/2018\/03\/tarina-aloitus-kuva.png 1578w, https:\/\/upphovsrattsskolan.se\/wp-content\/uploads\/2018\/03\/tarina-aloitus-kuva-300x131.png 300w, https:\/\/upphovsrattsskolan.se\/wp-content\/uploads\/2018\/03\/tarina-aloitus-kuva-768x336.png 768w, https:\/\/upphovsrattsskolan.se\/wp-content\/uploads\/2018\/03\/tarina-aloitus-kuva-1024x448.png 1024w\" sizes=\"auto, (max-width: 1578px) 100vw, 1578px\" \/><\/p>\n<p>&nbsp;<\/p>\n<p>Kopiraittilan museoon oli avattu n\u00e4yttely vanhoista elokuvista. Annin ja Kasperin luokka oli kutsuttu museolle n\u00e4yt\u00f6kseen. Mutta kun he saapuivat paikalle, museon edess\u00e4 oli poliisiauto.<br \/>\nMit\u00e4 oli tapahtunut?<\/p>\n<p>Luokka astui ep\u00e4r\u00f6iden sis\u00e4lle museoon. Aulassa seisoi poliisi, jolle museo-opas selitti kiihtyneen\u00e4: \u201dKaikki vanhat elokuvanauhat on viety! Varas nappasi ne laatikosta tuolta takaoven vierest\u00e4 sill\u00e4 aikaa kun min\u00e4 olin kantamassa tuoleja katsomoon.\u201d<\/p>\n<p>\u201dVilkaistaanpa sit\u00e4 laatikkoa\u201d, poliisi ehdotti.<\/p>\n<p>Opas ja poliisi katosivat takaoven suuntaan.<\/p>\n<p><img loading=\"lazy\" decoding=\"async\" class=\"wp-image-2795 size-medium alignright\" src=\"https:\/\/kopiraittila.wpengine.com\/wp-content\/uploads\/2018\/04\/aloitus-opettaja-300x290.png\" alt=\"\" width=\"300\" height=\"290\" srcset=\"https:\/\/upphovsrattsskolan.se\/wp-content\/uploads\/2018\/04\/aloitus-opettaja-300x290.png 300w, https:\/\/upphovsrattsskolan.se\/wp-content\/uploads\/2018\/04\/aloitus-opettaja-768x743.png 768w, https:\/\/upphovsrattsskolan.se\/wp-content\/uploads\/2018\/04\/aloitus-opettaja-40x40.png 40w, https:\/\/upphovsrattsskolan.se\/wp-content\/uploads\/2018\/04\/aloitus-opettaja.png 854w\" sizes=\"auto, (max-width: 300px) 100vw, 300px\" \/><\/p>\n<p>&nbsp;<\/p>\n<p>&nbsp;<\/p>\n<p>\u201dMit\u00e4 nyt tehd\u00e4\u00e4n?\u201d Liisa kysyi opettajalta.<br \/>\n\u201dL\u00e4hdet\u00e4\u00e4nk\u00f6 takaisin koululle?\u201d Lari jatkoi.<\/p>\n<p>Opettaja n\u00e4ytti mietteli\u00e4\u00e4lt\u00e4.<br \/>\n\u201dOdotetaan hetki. Ehk\u00e4 elokuvanauhat l\u00f6ytyv\u00e4t. Viek\u00e4\u00e4 takit naulakkoon ja tulkaa sitten t\u00e4h\u00e4n samaan paikkaan.\u201d<\/p>\n<p>&nbsp;<\/p>\n<p>&nbsp;<\/p>\n<p>&nbsp;<\/p>\n<p><img loading=\"lazy\" decoding=\"async\" class=\"wp-image-2796 size-medium alignleft\" src=\"https:\/\/kopiraittila.wpengine.com\/wp-content\/uploads\/2018\/04\/aloitus-papukaija-250x300.png\" alt=\"\" width=\"250\" height=\"300\" srcset=\"https:\/\/upphovsrattsskolan.se\/wp-content\/uploads\/2018\/04\/aloitus-papukaija-250x300.png 250w, https:\/\/upphovsrattsskolan.se\/wp-content\/uploads\/2018\/04\/aloitus-papukaija.png 751w\" sizes=\"auto, (max-width: 250px) 100vw, 250px\" \/>Naulakoilla Anni h\u00e4mm\u00e4styi. Hattuhyllyll\u00e4 istui papukaija!<\/p>\n<p>\u201dOhoh, katso! Onkohan tuo istunut tuossa kauankin?\u201d Anni ihmetteli Kasperille.<\/p>\n<p>Kasper katseli papukaijaa ja sanoi:<br \/>\n\u201dSe on varmasti ry\u00f6st\u00f6n ainoa silminn\u00e4kij\u00e4. Harmi, ettei se osaa kertoa.\u201d<\/p>\n<p>Papukaija katsoi lapsia mustilla pikku silmill\u00e4\u00e4n.<br \/>\n\u201dEhk\u00e4 osaankin\u201d, se kuiskasi yht\u00e4kki\u00e4 k\u00e4he\u00e4sti.<br \/>\n\u201dMit\u00e4?\u201d Anni ja Kasper huudahtivat. \u201dOsaatko sin\u00e4 puhua?\u201d<br \/>\n\u201dMit\u00e4s luulet?\u201d papukaija vastasi.<\/p>\n<p>&nbsp;<\/p>\n<p>&nbsp;<\/p>\n<p><img loading=\"lazy\" decoding=\"async\" class=\"wp-image-2797 size-medium alignright\" src=\"https:\/\/kopiraittila.wpengine.com\/wp-content\/uploads\/2018\/04\/aloitus-anni-kasper-292x300.png\" alt=\"\" width=\"292\" height=\"300\" srcset=\"https:\/\/upphovsrattsskolan.se\/wp-content\/uploads\/2018\/04\/aloitus-anni-kasper-292x300.png 292w, https:\/\/upphovsrattsskolan.se\/wp-content\/uploads\/2018\/04\/aloitus-anni-kasper-40x40.png 40w, https:\/\/upphovsrattsskolan.se\/wp-content\/uploads\/2018\/04\/aloitus-anni-kasper.png 693w\" sizes=\"auto, (max-width: 292px) 100vw, 292px\" \/><\/p>\n<p>&nbsp;<\/p>\n<p>\u201dNo, kuka ne elokuvanauhat vei?\u201d Kasper kysyi.<br \/>\n\u201dTieto tiedosta, vastaus vastauksesta\u201d, papukaija raakkui.<br \/>\n\u201dMit\u00e4 se tarkoittaa?\u201d Anni kysyi.<\/p>\n<p>Papukaija tuijotti Annia ja vastasi:<br \/>\n\u201dMin\u00e4 olen tekij\u00e4noikeuspapukaija.<\/p>\n<p>Min\u00e4 kysyn, te vastaatte. Jos vastaatte oikein, saatte kirjaimen. Ja kirjaimista saatte selville, kuka ry\u00f6sti nauhat.\u201d<\/p>\n<p>Melkein koko luokka oli ker\u00e4\u00e4ntynyt papukaijan ymp\u00e4rille. Lapset vilkaisivat toisiaan.<br \/>\n\u201dHyv\u00e4 on. Anna ensimm\u00e4inen teht\u00e4v\u00e4!\u201d Kasper sanoi.<\/p>\n<p>&nbsp;<\/p>\n<p>&nbsp;<\/p>\n","protected":false},"excerpt":{"rendered":"<p>MYSTEERI MUSEOSSA (kirjoittanut: Tuutikki Tolonen) &nbsp; &nbsp; Kopiraittilan museoon oli avattu n\u00e4yttely vanhoista elokuvista. Annin ja Kasperin luokka oli kutsuttu museolle n\u00e4yt\u00f6kseen. Mutta kun he saapuivat paikalle, museon edess\u00e4 oli poliisiauto. Mit\u00e4 oli tapahtunut? Luokka astui ep\u00e4r\u00f6iden sis\u00e4lle museoon. Aulassa seisoi poliisi, jolle museo-opas selitti kiihtyneen\u00e4: \u201dKaikki vanhat elokuvanauhat on viety! Varas nappasi ne laatikosta [&hellip;]<\/p>\n","protected":false},"author":2,"featured_media":0,"parent":0,"menu_order":0,"comment_status":"closed","ping_status":"closed","template":"page-qrpeli.php","meta":{"_acf_changed":false,"_exactmetrics_skip_tracking":false,"_exactmetrics_sitenote_active":false,"_exactmetrics_sitenote_note":"","_exactmetrics_sitenote_category":0,"footnotes":""},"class_list":["post-2667","page","type-page","status-publish","hentry"],"acf":{"linkki":{"title":"TAKAISIN","url":"https:\/\/kopiraittila.wpengine.com\/mysteeri-museossa\/","target":""},"koodikentta":"0","koodikentan_teksti":null,"ratko_myysteri_nappi":null,"vaara_vastaus":null,"vaara_vastaus_nappi":null,"aktivoi_tulostusnapit":"1","tulostusnapit":["nappi"]},"yoast_head":"<!-- This site is optimized with the Yoast SEO plugin v27.5 - https:\/\/yoast.com\/product\/yoast-seo-wordpress\/ -->\n<title>Tarina - Upphovsr\u00e4ttsskolan<\/title>\n<meta name=\"robots\" content=\"index, follow, max-snippet:-1, max-image-preview:large, max-video-preview:-1\" \/>\n<link rel=\"canonical\" href=\"https:\/\/upphovsrattsskolan.se\/fi\/tarina\/\" \/>\n<meta property=\"og:locale\" content=\"fi_FI\" \/>\n<meta property=\"og:type\" content=\"article\" \/>\n<meta property=\"og:title\" content=\"Tarina - Upphovsr\u00e4ttsskolan\" \/>\n<meta property=\"og:description\" content=\"MYSTEERI MUSEOSSA (kirjoittanut: Tuutikki Tolonen) &nbsp; &nbsp; Kopiraittilan museoon oli avattu n\u00e4yttely vanhoista elokuvista. Annin ja Kasperin luokka oli kutsuttu museolle n\u00e4yt\u00f6kseen. Mutta kun he saapuivat paikalle, museon edess\u00e4 oli poliisiauto. Mit\u00e4 oli tapahtunut? Luokka astui ep\u00e4r\u00f6iden sis\u00e4lle museoon. Aulassa seisoi poliisi, jolle museo-opas selitti kiihtyneen\u00e4: \u201dKaikki vanhat elokuvanauhat on viety! Varas nappasi ne laatikosta [&hellip;]\" \/>\n<meta property=\"og:url\" content=\"https:\/\/upphovsrattsskolan.se\/fi\/tarina\/\" \/>\n<meta property=\"og:site_name\" content=\"Upphovsr\u00e4ttsskolan\" \/>\n<meta property=\"article:modified_time\" content=\"2018-04-07T12:21:40+00:00\" \/>\n<meta property=\"og:image\" content=\"https:\/\/kopiraittila.wpengine.com\/wp-content\/uploads\/2018\/03\/tarina-aloitus-kuva.png\" \/>\n<meta name=\"twitter:card\" content=\"summary_large_image\" \/>\n<meta name=\"twitter:label1\" content=\"Est. reading time\" \/>\n\t<meta name=\"twitter:data1\" content=\"1 minute\" \/>\n<script type=\"application\/ld+json\" class=\"yoast-schema-graph\">{\"@context\":\"https:\\\/\\\/schema.org\",\"@graph\":[{\"@type\":\"WebPage\",\"@id\":\"https:\\\/\\\/upphovsrattsskolan.se\\\/fi\\\/tarina\\\/\",\"url\":\"https:\\\/\\\/upphovsrattsskolan.se\\\/fi\\\/tarina\\\/\",\"name\":\"Tarina - Upphovsr\u00e4ttsskolan\",\"isPartOf\":{\"@id\":\"https:\\\/\\\/upphovsrattsskolan.se\\\/#website\"},\"primaryImageOfPage\":{\"@id\":\"https:\\\/\\\/upphovsrattsskolan.se\\\/fi\\\/tarina\\\/#primaryimage\"},\"image\":{\"@id\":\"https:\\\/\\\/upphovsrattsskolan.se\\\/fi\\\/tarina\\\/#primaryimage\"},\"thumbnailUrl\":\"https:\\\/\\\/kopiraittila.wpengine.com\\\/wp-content\\\/uploads\\\/2018\\\/03\\\/tarina-aloitus-kuva.png\",\"datePublished\":\"2018-03-28T13:48:20+00:00\",\"dateModified\":\"2018-04-07T12:21:40+00:00\",\"breadcrumb\":{\"@id\":\"https:\\\/\\\/upphovsrattsskolan.se\\\/fi\\\/tarina\\\/#breadcrumb\"},\"inLanguage\":\"fi\",\"potentialAction\":[{\"@type\":\"ReadAction\",\"target\":[\"https:\\\/\\\/upphovsrattsskolan.se\\\/fi\\\/tarina\\\/\"]}]},{\"@type\":\"ImageObject\",\"inLanguage\":\"fi\",\"@id\":\"https:\\\/\\\/upphovsrattsskolan.se\\\/fi\\\/tarina\\\/#primaryimage\",\"url\":\"https:\\\/\\\/kopiraittila.wpengine.com\\\/wp-content\\\/uploads\\\/2018\\\/03\\\/tarina-aloitus-kuva.png\",\"contentUrl\":\"https:\\\/\\\/kopiraittila.wpengine.com\\\/wp-content\\\/uploads\\\/2018\\\/03\\\/tarina-aloitus-kuva.png\"},{\"@type\":\"BreadcrumbList\",\"@id\":\"https:\\\/\\\/upphovsrattsskolan.se\\\/fi\\\/tarina\\\/#breadcrumb\",\"itemListElement\":[{\"@type\":\"ListItem\",\"position\":1,\"name\":\"Etusivu\",\"item\":\"https:\\\/\\\/upphovsrattsskolan.se\\\/fi\\\/\"},{\"@type\":\"ListItem\",\"position\":2,\"name\":\"Tarina\"}]},{\"@type\":\"WebSite\",\"@id\":\"https:\\\/\\\/upphovsrattsskolan.se\\\/#website\",\"url\":\"https:\\\/\\\/upphovsrattsskolan.se\\\/\",\"name\":\"Upphovsr\u00e4ttsskolan\",\"description\":\"\",\"potentialAction\":[{\"@type\":\"SearchAction\",\"target\":{\"@type\":\"EntryPoint\",\"urlTemplate\":\"https:\\\/\\\/upphovsrattsskolan.se\\\/?s={search_term_string}\"},\"query-input\":{\"@type\":\"PropertyValueSpecification\",\"valueRequired\":true,\"valueName\":\"search_term_string\"}}],\"inLanguage\":\"fi\"}]}<\/script>\n<!-- \/ Yoast SEO plugin. -->","yoast_head_json":{"title":"Tarina - Upphovsr\u00e4ttsskolan","robots":{"index":"index","follow":"follow","max-snippet":"max-snippet:-1","max-image-preview":"max-image-preview:large","max-video-preview":"max-video-preview:-1"},"canonical":"https:\/\/upphovsrattsskolan.se\/fi\/tarina\/","og_locale":"fi_FI","og_type":"article","og_title":"Tarina - Upphovsr\u00e4ttsskolan","og_description":"MYSTEERI MUSEOSSA (kirjoittanut: Tuutikki Tolonen) &nbsp; &nbsp; Kopiraittilan museoon oli avattu n\u00e4yttely vanhoista elokuvista. Annin ja Kasperin luokka oli kutsuttu museolle n\u00e4yt\u00f6kseen. Mutta kun he saapuivat paikalle, museon edess\u00e4 oli poliisiauto. Mit\u00e4 oli tapahtunut? Luokka astui ep\u00e4r\u00f6iden sis\u00e4lle museoon. Aulassa seisoi poliisi, jolle museo-opas selitti kiihtyneen\u00e4: \u201dKaikki vanhat elokuvanauhat on viety! Varas nappasi ne laatikosta [&hellip;]","og_url":"https:\/\/upphovsrattsskolan.se\/fi\/tarina\/","og_site_name":"Upphovsr\u00e4ttsskolan","article_modified_time":"2018-04-07T12:21:40+00:00","og_image":[{"url":"https:\/\/kopiraittila.wpengine.com\/wp-content\/uploads\/2018\/03\/tarina-aloitus-kuva.png","type":"","width":"","height":""}],"twitter_card":"summary_large_image","twitter_misc":{"Est. reading time":"1 minute"},"schema":{"@context":"https:\/\/schema.org","@graph":[{"@type":"WebPage","@id":"https:\/\/upphovsrattsskolan.se\/fi\/tarina\/","url":"https:\/\/upphovsrattsskolan.se\/fi\/tarina\/","name":"Tarina - Upphovsr\u00e4ttsskolan","isPartOf":{"@id":"https:\/\/upphovsrattsskolan.se\/#website"},"primaryImageOfPage":{"@id":"https:\/\/upphovsrattsskolan.se\/fi\/tarina\/#primaryimage"},"image":{"@id":"https:\/\/upphovsrattsskolan.se\/fi\/tarina\/#primaryimage"},"thumbnailUrl":"https:\/\/kopiraittila.wpengine.com\/wp-content\/uploads\/2018\/03\/tarina-aloitus-kuva.png","datePublished":"2018-03-28T13:48:20+00:00","dateModified":"2018-04-07T12:21:40+00:00","breadcrumb":{"@id":"https:\/\/upphovsrattsskolan.se\/fi\/tarina\/#breadcrumb"},"inLanguage":"fi","potentialAction":[{"@type":"ReadAction","target":["https:\/\/upphovsrattsskolan.se\/fi\/tarina\/"]}]},{"@type":"ImageObject","inLanguage":"fi","@id":"https:\/\/upphovsrattsskolan.se\/fi\/tarina\/#primaryimage","url":"https:\/\/kopiraittila.wpengine.com\/wp-content\/uploads\/2018\/03\/tarina-aloitus-kuva.png","contentUrl":"https:\/\/kopiraittila.wpengine.com\/wp-content\/uploads\/2018\/03\/tarina-aloitus-kuva.png"},{"@type":"BreadcrumbList","@id":"https:\/\/upphovsrattsskolan.se\/fi\/tarina\/#breadcrumb","itemListElement":[{"@type":"ListItem","position":1,"name":"Etusivu","item":"https:\/\/upphovsrattsskolan.se\/fi\/"},{"@type":"ListItem","position":2,"name":"Tarina"}]},{"@type":"WebSite","@id":"https:\/\/upphovsrattsskolan.se\/#website","url":"https:\/\/upphovsrattsskolan.se\/","name":"Upphovsr\u00e4ttsskolan","description":"","potentialAction":[{"@type":"SearchAction","target":{"@type":"EntryPoint","urlTemplate":"https:\/\/upphovsrattsskolan.se\/?s={search_term_string}"},"query-input":{"@type":"PropertyValueSpecification","valueRequired":true,"valueName":"search_term_string"}}],"inLanguage":"fi"}]}},"_links":{"self":[{"href":"https:\/\/upphovsrattsskolan.se\/fi\/wp-json\/wp\/v2\/pages\/2667","targetHints":{"allow":["GET"]}}],"collection":[{"href":"https:\/\/upphovsrattsskolan.se\/fi\/wp-json\/wp\/v2\/pages"}],"about":[{"href":"https:\/\/upphovsrattsskolan.se\/fi\/wp-json\/wp\/v2\/types\/page"}],"author":[{"embeddable":true,"href":"https:\/\/upphovsrattsskolan.se\/fi\/wp-json\/wp\/v2\/users\/2"}],"replies":[{"embeddable":true,"href":"https:\/\/upphovsrattsskolan.se\/fi\/wp-json\/wp\/v2\/comments?post=2667"}],"version-history":[{"count":0,"href":"https:\/\/upphovsrattsskolan.se\/fi\/wp-json\/wp\/v2\/pages\/2667\/revisions"}],"wp:attachment":[{"href":"https:\/\/upphovsrattsskolan.se\/fi\/wp-json\/wp\/v2\/media?parent=2667"}],"curies":[{"name":"wp","href":"https:\/\/api.w.org\/{rel}","templated":true}]}}