{"id":2082,"date":"2017-02-02T09:52:58","date_gmt":"2017-02-02T09:52:58","guid":{"rendered":"http:\/\/kopiraittila.wpengine.com\/?page_id=2082\/"},"modified":"2018-09-30T17:09:21","modified_gmt":"2018-09-30T17:09:21","slug":"tekijanoikeustietoa-materiaalia-muualla-verkossa","status":"publish","type":"page","link":"https:\/\/upphovsrattsskolan.se\/fi\/tekijanoikeustietoa-materiaalia-muualla-verkossa\/","title":{"rendered":"Tekij\u00e4noikeustietoa ja materiaalia muualla verkossa"},"content":{"rendered":"","protected":false},"excerpt":{"rendered":"","protected":false},"author":4,"featured_media":0,"parent":0,"menu_order":0,"comment_status":"closed","ping_status":"closed","template":"page-muistilista.php","meta":{"_acf_changed":false,"_exactmetrics_skip_tracking":false,"_exactmetrics_sitenote_active":false,"_exactmetrics_sitenote_note":"","_exactmetrics_sitenote_category":0,"footnotes":""},"class_list":["post-2082","page","type-page","status-publish","hentry"],"acf":{"tulostus":false,"lataa_pdf":false,"valikko_pois":true,"hahmon_valinta":"C ja muistivihko","muistilista_moduulit":[{"acf_fc_layout":"sisaltokentta","sisalto":"<h1 style=\"text-align: center;\">Tekij\u00e4noikeustietoa ja materiaalia muualla verkossa<\/h1>\n<h2><\/h2>\n<p><\/br><\/p>\n<h2>ESITTEIT\u00c4 JA OPPAITA<\/h2>\n<p><strong><a href=\"http:\/\/kopiraitti.fi\/wp-content\/uploads\/2015\/12\/kopiraitti_fin_viides_painos_2016_01_05_RGB.pdf\" target=\"_blank\">Tekij\u00e4noikeuden ABC<br \/>\n<\/a><\/strong>Esite sis\u00e4lt\u00e4\u00e4 perustietoa tekij\u00e4noikeuksista sek\u00e4 vastauksia koulumaailman tekij\u00e4noikeuskysymyksiin.\u00a0Voit tulostaa esitteen tai selata sit\u00e4 verkossa.<\/p>\n<p><strong><a href=\"http:\/\/kopiraitti.fi\/wp-content\/uploads\/2016\/01\/kopta_fin_neljas_painos_2016_01_21_RGB.pdf\" target=\"_blank\">Kopiointi ja tallennus oppilaitoksissa<br \/>\n<\/a><\/strong>Esitteess\u00e4 kerrotaan tiivistetysti Kopioston oppilaitoslupien sis\u00e4ll\u00f6st\u00e4 ja lupaehdoista. Voit tulostaa esitteen tai selata sit\u00e4 verkossa.<\/p>\n<p><strong><a href=\"http:\/\/kopiraitti.fi\/wp-content\/uploads\/2016\/01\/2016_LUPATAULU_A4_SU.pdf\" target=\"_blank\">Kopiointi oppilaitoksissa \u2013lupataulu<br \/>\n<\/a><\/strong>Lupataulussa on tiivistetysti opetus- ja kulttuuriministeri\u00f6n peruskouluille, lukioille, ammatillisille oppilaitoksille sek\u00e4 musiikkioppilaitoksille hankkimien kopiointilupien ja opetustallennusluvan sallitun kopioinnin rajat.\u00a0Lupataulun voi tulostaa tai niit\u00e4 voi tilata Kopiostosta ja laittaa oppilaitoksessa opettajan huoneen tai kopiohuoneen sein\u00e4lle.<\/p>\n<h2>TEKIJ\u00c4NOIKEUDESTA MUUALLA<\/h2>\n<p><a href=\"http:\/\/www.kopiraitti.fi\" target=\"_blank\"><strong>Kopiraitti.fi<\/strong><br \/>\n<\/a>Tekij\u00e4noikeusopas verkossa, josta l\u00f6ytyy\u00a0tietoa tekij\u00e4noikeudesta ja vastauksia koulumaailmassa esiin tuleviin tekij\u00e4noikeuskysymyksiin. Kopiraitti on tuotettu yhteisty\u00f6ss\u00e4 Kopioston ja opetus- ja kulttuuriministeri\u00f6n kanssa.<\/p>\n<p><a href=\"http:\/\/www.operight.fi\" target=\"_blank\"><strong>Operight<br \/>\n<\/strong><\/a>Tietosivusto, johon on koottu monipuolisesti tietoa opettajan ty\u00f6h\u00f6n liittyvist\u00e4 tekij\u00e4noikeusasioista.<\/p>\n<p><a href=\"http:\/\/www.tekijanoikeus.fi\" target=\"_blank\"><strong>Tekij\u00e4noikeus.fi<br \/>\n<\/strong><\/a>Verkkosivulta l\u00f6ytyy tietoa tekij\u00e4noikeudesta sek\u00e4 opetusmateriaalia. Sivulta voi tilata my\u00f6s luovaa ty\u00f6t\u00e4 ja tekij\u00e4noikeuksia k\u00e4sittelev\u00e4n kouluvierailun luokkaan tai kouluun.<\/p>\n<p><a href=\"http:\/\/www.finlex.fi\/fi\/laki\/ajantasa\/1961\/19610404\" target=\"_blank\"><strong>Tekij\u00e4noikeuslaki<\/strong><\/a><\/p>\n<h2>TEKIJ\u00c4NOIKEUSOPETUSMATERIAALIA MUUALLA VERKOSSA<\/h2>\n<p>Tekij\u00e4noikeuden tiedotus- ja valvontakeskuksen ja Luovan ty\u00f6n tekij\u00e4t ja yritt\u00e4j\u00e4t LYHTY ry:n tuottamat Tekij\u00e4noikeus -lautapeli ja -sarjakuvat l\u00f6ytyv\u00e4t tekij\u00e4noikeus.fi -verkkosivulta.<\/p>\n<p><a href=\"http:\/\/www.tekijanoikeus.fi\/oppimateriaalia-kouluille\/aineistopaketti-alakoululaisille\/\" target=\"_blank\">Tekij\u00e4noikeus \u2013oppimateriaalipaketti alakoululaisille<br \/>\n<\/a>Oppimateriaalipakettiin sis\u00e4ltyy lautapeli, teht\u00e4v\u00e4vihko ja kuvakirja. Lautapelin ja siihen liittyv\u00e4n materiaalin voi ladata ja tulostaa verkkosivulta tai tilata postitse.<\/p>\n<p><a href=\"http:\/\/www.tekijanoikeus.fi\/oppimateriaalia-kouluille\/sarjakuvat-ylaastelaisille\/\" target=\"_blank\">Tekij\u00e4noikeus -sarjakuvat yl\u00e4koululaisille<br \/>\n<\/a>Piraattitehtaan arvoitus ja sen jatko-osa Seikkailu y\u00f6junassa -sarjakuvat sis\u00e4lt\u00e4v\u00e4t tiiviit tietopaketit tekij\u00e4noikeudesta ja piratismista.<\/p>\n<p><a href=\"http:\/\/www.tekijanoikeus.fi\/tietovisat\/\" target=\"_blank\">Tekij\u00e4noikeustietovisa<br \/>\n<\/a>Hauska tietovisa\u00a0tekij\u00e4noikeus.fi -sivustolla.<\/p>\n<h2>TEKIJ\u00c4NOIKEUSJ\u00c4RJEST\u00d6T SUOMESSA<\/h2>\n<p><strong><a href=\"http:\/\/www.gramex.fi\" target=\"_blank\">Gramex ry<br \/>\n<\/a><\/strong>Gramex on muusikoiden ja musiikkituottajien tekij\u00e4noikeusj\u00e4rjest\u00f6. Gramex edustaa yli 50\u00a0000 muusikkoa ja \u00e4\u00e4nitetuottajaa. Gramex my\u00f6nt\u00e4\u00e4 lupia \u00e4\u00e4nitemusiikin k\u00e4ytt\u00f6\u00f6n, tallentamiseen ja julkiseen esitt\u00e4miseen.<\/p>\n<p><strong><a href=\"http:\/\/www.kopiosto.fi\" target=\"_blank\">Kopiosto ry<br \/>\n<\/a><\/strong>Kopiosto on esitt\u00e4vien taiteilijoiden, tekij\u00f6iden ja kustantajien tekij\u00e4noikeusj\u00e4rjest\u00f6. Kopiosto edustaa yli 50\u00a0000 esiintyv\u00e4\u00e4 taiteilijaa, tekij\u00e4\u00e4 ja kustantajaa. Kopiosto my\u00f6nt\u00e4\u00e4 lupia painotuotteiden kopiointiin ja kuva- ja tekstiaineistojen kopioimiseen avoimilta internetsivuilta, radio- ja televisio-ohjelmien tallentamiseen ja esitt\u00e4miseen sek\u00e4 tv-kanavien jakeluun.<\/p>\n<p><strong><a href=\"http:\/\/www.kuvasto.fi\" target=\"_blank\">Kuvasto ry<\/a><\/strong><\/p>\n<p>Kuvasto ry on visuaalisen alan taiteilijoiden tekij\u00e4noikeusj\u00e4rjest\u00f6. Kuvasto edustaa noin 2 200 kotimaista taiteilijaa ja oikeudenhaltijaa sek\u00e4 kansainv\u00e4listen sisarj\u00e4rjest\u00f6jen kanssa solmittujen sopimusten nojalla noin 50 000 ulkomaista taiteilijaa. Kuvasto my\u00f6nt\u00e4\u00e4 tekij\u00e4noikeuslupia kuvataiteen teosten k\u00e4ytt\u00f6\u00f6n.<\/p>\n<p><strong><a href=\"http:\/\/www.teosto.fi\" target=\"_blank\">Teosto ry<br \/>\n<\/a><\/strong>S\u00e4velt\u00e4j\u00e4in Tekij\u00e4noikeustoimisto Teosto ry\u00a0on s\u00e4velt\u00e4jien, sanoittajien, sovittajien ja musiikin kustantajien tekij\u00e4noikeusj\u00e4rjest\u00f6. Teosto edustaa 29 000 kotimaista ja l\u00e4hes kolmea miljoonaa ulkomaista s\u00e4velt\u00e4j\u00e4\u00e4, sanoittajaa, sovittajaa ja musiikinkustantajaa. Teosto my\u00f6nt\u00e4\u00e4 musiikin k\u00e4ytt\u00f6lupia musiikin julkiseen esitt\u00e4miseen ja k\u00e4ytt\u00e4miseen.<\/p>\n<p><strong><a href=\"http:\/\/www.tuotos.fi\" target=\"_blank\">Tuotos ry<br \/>\n<\/a><\/strong>Elokuva- ja av-tuotantoyhti\u00f6iden tekij\u00e4noikeusyhdistys Tuotos edustaa yli 250 kotimaista tuotantoyhti\u00f6t\u00e4. Tuotos sopii tuotantoyhti\u00f6iden puolesta mm. elokuva- ja av-tallenteiden opetusk\u00e4yt\u00f6ist\u00e4 sek\u00e4 tv-ohjelmien edelleen l\u00e4hetyksest\u00e4. Tuotos my\u00f6nt\u00e4\u00e4 lupia kotimaisten elokuvien esitt\u00e4miseen oppilaitoksissa sek\u00e4 muuhun ei-kaupalliseen toimintaan.<\/p>\n<p><strong><a href=\"http:\/\/www.sanasto.fi\" target=\"_blank\">Sanasto ry<br \/>\n<\/a><\/strong>Sanasto on kirjailijoiden ja k\u00e4\u00e4nt\u00e4jien tekij\u00e4noikeusj\u00e4rjest\u00f6, joka my\u00f6nt\u00e4\u00e4 k\u00e4ytt\u00f6lupia kirjallisuuden julkiseen esitt\u00e4miseen sek\u00e4 tekstikatkelmien k\u00e4ytt\u00e4miseen esitteiss\u00e4 ja julkaisuissa.<\/p>\n<h2>MUUTA HY\u00d6DYLLIST\u00c4<\/h2>\n<p><strong><a href=\"http:\/\/www.antipiracy.fi\" target=\"_blank\">Tekij\u00e4noikeuden tiedotus- ja valvontakeskus ry<br \/>\n<\/a> <\/strong>(TTVK) on rekister\u00f6ity ja voittoa tavoittelematon yhdistys. TTVK tiedottaa ja valvoo tekij\u00e4noikeuksia. Verkkosivuilta l\u00f6ytyy tietoa ja esitteit\u00e4 tekij\u00e4noikeuksien loukkauksista sek\u00e4 piratismista.<\/p>\n<p><a href=\"http:\/\/www.minedu.fi\/OPM\/Tekijaenoikeus\/?lang=fi\" target=\"_blank\"><strong>Opetus- ja kulttuuriministeri\u00f6<br \/>\n<\/strong><\/a>Opetus- ja kulttuuriministeri\u00f6 vastaa tekij\u00e4noikeuksiin liittyv\u00e4n lains\u00e4\u00e4d\u00e4nn\u00f6n valmistelusta ja kehitt\u00e4misest\u00e4. Ministeri\u00f6n yhteydess\u00e4 toimii tekij\u00e4noikeusneuvosto, joka antaa lausuntoja tekij\u00e4noikeuslain soveltamisesta.\u00a0Opetus- ja kulttuuriministeri\u00f6 on hankkinut laajat luvat teosten kopiointiin ja k\u00e4ytt\u00f6\u00f6n oppilaitoksissa.<\/p>\n<p><a href=\"http:\/\/www.minedu.fi\/OPM\/Tekijaenoikeus\/tekijaenoikeusneuvosto\/?lang=fi\" target=\"_blank\"><strong>Tekij\u00e4noikeusneuvosto<br \/>\n<\/strong><\/a>Tekij\u00e4noikeusneuvosto antaa lausuntoja tekij\u00e4noikeuslain soveltamisesta.<\/p>\n<p><strong><a href=\"http:\/\/www.mediataitokoulu.fi\" target=\"_blank\">Mediataitokoulu<br \/>\n<\/a><\/strong>Mediataitokoulu tarjoaa tietoa, tutkimusta ja teht\u00e4vi\u00e4 mediakasvatuksesta ja median ilmi\u00f6ist\u00e4. Palvelun tavoitteena on kehitt\u00e4\u00e4 mediataitoja sek\u00e4 vahvistaa valmiuksia mediakasvatukseen.<\/p>\n<p><strong><a href=\"http:\/\/www.creativecommons.fi\" target=\"_blank\">Creative Commons -lisenssi<br \/>\n<\/a><\/strong>Tietoa Creative Commons -lisensseist\u00e4<\/p>\n<h2><strong>HENKIL\u00d6TIETO- JA TIETOSUOJA<\/strong><\/h2>\n<p><a href=\"http:\/\/www.tietosuoja.fi\/material\/attachments\/tietosuojavaltuutettu\/tietosuojavaltuutetuntoimisto\/oppaat\/6JfqOQLTj\/Valokuva_ja_yksityisyyden_suoja_henkilotietolain_kannalta.pdf\" target=\"_blank\">Valokuva ja yksityisyyden suoja henkil\u00f6tietolain kannalta<br \/>\n<\/a>Tietosuojavaltuutetuntoimiston julkaisu<\/p>\n<p><a href=\"http:\/\/www.tietosuoja.fi\" target=\"_blank\">Tietosuoja.fi<br \/>\n<\/a>Tietoa henkil\u00f6tietolaista ja tietosuojasta. Sivustolta l\u00f6ytyy tietosuojavaltuutetun ratkaisuja sek\u00e4 tietopaketteja lapsille ja nuorille tietosuojasta ja netist\u00e4.<\/p>\n"}]},"yoast_head":"<!-- This site is optimized with the Yoast SEO plugin v27.4 - https:\/\/yoast.com\/product\/yoast-seo-wordpress\/ -->\n<title>Tekij\u00e4noikeustietoa ja materiaalia muualla verkossa - Upphovsr\u00e4ttsskolan<\/title>\n<meta name=\"robots\" content=\"index, follow, max-snippet:-1, max-image-preview:large, max-video-preview:-1\" \/>\n<link rel=\"canonical\" href=\"https:\/\/upphovsrattsskolan.se\/information-om-upphovsratt-och-annat-material-pa-webben\/\" \/>\n<meta property=\"og:locale\" content=\"fi_FI\" \/>\n<meta property=\"og:type\" content=\"article\" \/>\n<meta property=\"og:title\" content=\"Tekij\u00e4noikeustietoa ja materiaalia muualla verkossa - Upphovsr\u00e4ttsskolan\" \/>\n<meta property=\"og:url\" content=\"https:\/\/upphovsrattsskolan.se\/information-om-upphovsratt-och-annat-material-pa-webben\/\" \/>\n<meta property=\"og:site_name\" content=\"Upphovsr\u00e4ttsskolan\" \/>\n<meta property=\"article:modified_time\" content=\"2018-09-30T17:09:21+00:00\" \/>\n<meta property=\"og:image\" content=\"https:\/\/upphovsrattsskolan.se\/wp-content\/uploads\/2019\/03\/upphovsrattsskolan-fb.png\" \/>\n\t<meta property=\"og:image:width\" content=\"1200\" \/>\n\t<meta property=\"og:image:height\" content=\"630\" \/>\n\t<meta property=\"og:image:type\" content=\"image\/png\" \/>\n<meta name=\"twitter:card\" content=\"summary_large_image\" \/>\n<script type=\"application\/ld+json\" class=\"yoast-schema-graph\">{\"@context\":\"https:\\\/\\\/schema.org\",\"@graph\":[{\"@type\":\"WebPage\",\"@id\":\"https:\\\/\\\/upphovsrattsskolan.se\\\/information-om-upphovsratt-och-annat-material-pa-webben\\\/\",\"url\":\"https:\\\/\\\/upphovsrattsskolan.se\\\/information-om-upphovsratt-och-annat-material-pa-webben\\\/\",\"name\":\"Tekij\u00e4noikeustietoa ja materiaalia muualla verkossa - Upphovsr\u00e4ttsskolan\",\"isPartOf\":{\"@id\":\"https:\\\/\\\/upphovsrattsskolan.se\\\/#website\"},\"datePublished\":\"2017-02-02T09:52:58+00:00\",\"dateModified\":\"2018-09-30T17:09:21+00:00\",\"breadcrumb\":{\"@id\":\"https:\\\/\\\/upphovsrattsskolan.se\\\/information-om-upphovsratt-och-annat-material-pa-webben\\\/#breadcrumb\"},\"inLanguage\":\"fi\",\"potentialAction\":[{\"@type\":\"ReadAction\",\"target\":[\"https:\\\/\\\/upphovsrattsskolan.se\\\/information-om-upphovsratt-och-annat-material-pa-webben\\\/\"]}]},{\"@type\":\"BreadcrumbList\",\"@id\":\"https:\\\/\\\/upphovsrattsskolan.se\\\/information-om-upphovsratt-och-annat-material-pa-webben\\\/#breadcrumb\",\"itemListElement\":[{\"@type\":\"ListItem\",\"position\":1,\"name\":\"Etusivu\",\"item\":\"https:\\\/\\\/upphovsrattsskolan.se\\\/fi\\\/\"},{\"@type\":\"ListItem\",\"position\":2,\"name\":\"Tekij\u00e4noikeustietoa ja materiaalia muualla verkossa\"}]},{\"@type\":\"WebSite\",\"@id\":\"https:\\\/\\\/upphovsrattsskolan.se\\\/#website\",\"url\":\"https:\\\/\\\/upphovsrattsskolan.se\\\/\",\"name\":\"Upphovsr\u00e4ttsskolan\",\"description\":\"\",\"potentialAction\":[{\"@type\":\"SearchAction\",\"target\":{\"@type\":\"EntryPoint\",\"urlTemplate\":\"https:\\\/\\\/upphovsrattsskolan.se\\\/?s={search_term_string}\"},\"query-input\":{\"@type\":\"PropertyValueSpecification\",\"valueRequired\":true,\"valueName\":\"search_term_string\"}}],\"inLanguage\":\"fi\"}]}<\/script>\n<!-- \/ Yoast SEO plugin. -->","yoast_head_json":{"title":"Tekij\u00e4noikeustietoa ja materiaalia muualla verkossa - Upphovsr\u00e4ttsskolan","robots":{"index":"index","follow":"follow","max-snippet":"max-snippet:-1","max-image-preview":"max-image-preview:large","max-video-preview":"max-video-preview:-1"},"canonical":"https:\/\/upphovsrattsskolan.se\/information-om-upphovsratt-och-annat-material-pa-webben\/","og_locale":"fi_FI","og_type":"article","og_title":"Tekij\u00e4noikeustietoa ja materiaalia muualla verkossa - Upphovsr\u00e4ttsskolan","og_url":"https:\/\/upphovsrattsskolan.se\/information-om-upphovsratt-och-annat-material-pa-webben\/","og_site_name":"Upphovsr\u00e4ttsskolan","article_modified_time":"2018-09-30T17:09:21+00:00","og_image":[{"width":1200,"height":630,"url":"https:\/\/upphovsrattsskolan.se\/wp-content\/uploads\/2019\/03\/upphovsrattsskolan-fb.png","type":"image\/png"}],"twitter_card":"summary_large_image","schema":{"@context":"https:\/\/schema.org","@graph":[{"@type":"WebPage","@id":"https:\/\/upphovsrattsskolan.se\/information-om-upphovsratt-och-annat-material-pa-webben\/","url":"https:\/\/upphovsrattsskolan.se\/information-om-upphovsratt-och-annat-material-pa-webben\/","name":"Tekij\u00e4noikeustietoa ja materiaalia muualla verkossa - Upphovsr\u00e4ttsskolan","isPartOf":{"@id":"https:\/\/upphovsrattsskolan.se\/#website"},"datePublished":"2017-02-02T09:52:58+00:00","dateModified":"2018-09-30T17:09:21+00:00","breadcrumb":{"@id":"https:\/\/upphovsrattsskolan.se\/information-om-upphovsratt-och-annat-material-pa-webben\/#breadcrumb"},"inLanguage":"fi","potentialAction":[{"@type":"ReadAction","target":["https:\/\/upphovsrattsskolan.se\/information-om-upphovsratt-och-annat-material-pa-webben\/"]}]},{"@type":"BreadcrumbList","@id":"https:\/\/upphovsrattsskolan.se\/information-om-upphovsratt-och-annat-material-pa-webben\/#breadcrumb","itemListElement":[{"@type":"ListItem","position":1,"name":"Etusivu","item":"https:\/\/upphovsrattsskolan.se\/fi\/"},{"@type":"ListItem","position":2,"name":"Tekij\u00e4noikeustietoa ja materiaalia muualla verkossa"}]},{"@type":"WebSite","@id":"https:\/\/upphovsrattsskolan.se\/#website","url":"https:\/\/upphovsrattsskolan.se\/","name":"Upphovsr\u00e4ttsskolan","description":"","potentialAction":[{"@type":"SearchAction","target":{"@type":"EntryPoint","urlTemplate":"https:\/\/upphovsrattsskolan.se\/?s={search_term_string}"},"query-input":{"@type":"PropertyValueSpecification","valueRequired":true,"valueName":"search_term_string"}}],"inLanguage":"fi"}]}},"_links":{"self":[{"href":"https:\/\/upphovsrattsskolan.se\/fi\/wp-json\/wp\/v2\/pages\/2082","targetHints":{"allow":["GET"]}}],"collection":[{"href":"https:\/\/upphovsrattsskolan.se\/fi\/wp-json\/wp\/v2\/pages"}],"about":[{"href":"https:\/\/upphovsrattsskolan.se\/fi\/wp-json\/wp\/v2\/types\/page"}],"author":[{"embeddable":true,"href":"https:\/\/upphovsrattsskolan.se\/fi\/wp-json\/wp\/v2\/users\/4"}],"replies":[{"embeddable":true,"href":"https:\/\/upphovsrattsskolan.se\/fi\/wp-json\/wp\/v2\/comments?post=2082"}],"version-history":[{"count":0,"href":"https:\/\/upphovsrattsskolan.se\/fi\/wp-json\/wp\/v2\/pages\/2082\/revisions"}],"wp:attachment":[{"href":"https:\/\/upphovsrattsskolan.se\/fi\/wp-json\/wp\/v2\/media?parent=2082"}],"curies":[{"name":"wp","href":"https:\/\/api.w.org\/{rel}","templated":true}]}}