{"id":2002,"date":"2017-01-24T12:40:08","date_gmt":"2017-01-24T12:40:08","guid":{"rendered":"http:\/\/kopiraittila.wpengine.com\/?page_id=2002\/"},"modified":"2017-02-15T10:35:26","modified_gmt":"2017-02-15T10:35:26","slug":"lahdemerkintaohje","status":"publish","type":"page","link":"https:\/\/upphovsrattsskolan.se\/fi\/opettajankoulutus\/lahdemerkintaohje\/","title":{"rendered":"L\u00e4hdemerkint\u00e4ohje"},"content":{"rendered":"","protected":false},"excerpt":{"rendered":"","protected":false},"author":4,"featured_media":0,"parent":861,"menu_order":0,"comment_status":"closed","ping_status":"closed","template":"page-muistilista.php","meta":{"_acf_changed":false,"_exactmetrics_skip_tracking":false,"_exactmetrics_sitenote_active":false,"_exactmetrics_sitenote_note":"","_exactmetrics_sitenote_category":0,"footnotes":""},"class_list":["post-2002","page","type-page","status-publish","hentry"],"acf":{"tulostus":false,"hahmon_valinta":"C ja muistivihko","muistilista_moduulit":[{"acf_fc_layout":"h1_otsikko_keskitetty_punainen","otsikon_teksti":"L\u00e4hteiden merkitseminen"},{"acf_fc_layout":"sisaltokentta","sisalto":"<h2 class=\"p1\"><span class=\"s1\">Kirjan merkitseminen<\/span><\/h2>\n<p class=\"p1\"><span class=\"s1\">Kirjan tekij\u00e4(t). Julkaisuvuosi. Teoksen nimi. Kustantaja<\/span><\/p>\n<p><i>Sarja, Tiina. 2016. Kuka oikein tiet\u00e4\u00e4 \u2013 Kun mielipide haastoi tieteen. Docendo.<\/i><\/p>\n<h2 class=\"p1\"><\/h2>\n<h2 class=\"p1\"><span class=\"s1\">Lehden merkitseminen<\/span><\/h2>\n<p class=\"p1\"><span class=\"s1\">Kirjoittaja. Julkaisuvuosi. Artikkelin nimi. Lehden nimi. Ilmestymisp\u00e4iv\u00e4 tai lehden numero.<\/span><\/p>\n<p><span class=\"s1\"><i>Paukku, Timo. 2016. Vuosi Marsissa \u2013 milt\u00e4 se tuntuisi? Helsingin Sanomat. HS Viikko 42\/2016. 21.10.2016.<br \/>\n<\/i><\/span><span class=\"s1\"><i>Egan, Timothy &amp; Egan, Casey. 2016. Can the Selfie Generation Unplug and Get Into Parks?. National Geographic. October 2016.<\/i><\/span><\/p>\n<h2 class=\"p1\"><span class=\"s1\">Verkkolehden artikkelin merkitseminen<\/span><\/h2>\n<p class=\"p1\"><span class=\"s1\">Kirjoittaja, artikkelin nimi, lehden nimi (tekstilaji), lehden numero tai ilmestymisp\u00e4iv\u00e4 Viittaamisen\/lukemisen ajankohta. Saatavuus: verkko-osoite.<\/span><\/p>\n<p><span class=\"s1\"><i>Kinnarinen, Tuula. Antarktis menett\u00e4\u00e4 massaansa. Tiede (verkkoartikkeli) 7\/2015 tai 8.7.2015. Luettu 19.10.2016. Saatavissa: <a href=\"http:\/\/www.tiede.fi\/artikkeli\/jutut\/uusimmat\/antarktis_menettaa_massaansa\" target=\"_blank\">http:\/\/www.tiede.fi\/artikkeli\/jutut\/uusimmat\/antarktis_menettaa_massaansa<\/a><\/i><\/span><\/p>\n<h2 class=\"p1\"><span class=\"s1\">S\u00e4hk\u00f6inen tietoaineisto<\/span><\/h2>\n<p class=\"p1\"><span class=\"s1\">Kirjoittaja \/ julkaisija. Otsikko. (Tekstilaji). P\u00e4iv\u00e4m\u00e4\u00e4r\u00e4, jolloin luettu. Saatavuus: verkko-osoite.<\/span><\/p>\n<p class=\"p1\"><span class=\"s1\"><i>WWF Suomi. Saimaannorppa. [S\u00e4hk\u00f6inen tietoaineisto]. Luettu 19.10.2016. Saatavissa: <\/i><a href=\"https:\/\/wwf.fi\/elainlajit\/saimaannorppa\/\" target=\"_blank\"><span class=\"s2\"><i>https:\/\/wwf.fi\/elainlajit\/saimaannorppa\/<\/i><\/span><\/a><\/span><\/p>\n<h2 class=\"p1\"><span class=\"s1\">Kuvan merkitseminen<\/span><\/h2>\n<p class=\"p1\"><span class=\"s1\"><b><i>1. Valokuva tai kuva kirjasta, lehdest\u00e4 tms<\/i><\/b>.<\/span><\/p>\n<p class=\"p1\"><span class=\"s1\">Tekij\u00e4n nimi.<br \/>\n<\/span><span class=\"s1\"><i>Kuva: Salo, Irmeli.<\/i><\/span><\/p>\n<p class=\"p1\"><span class=\"s1\"><b><i>2. Internet-sivulta per\u00e4isin oleva kuva<\/i><\/b>: <\/span><\/p>\n<p class=\"p1\"><span class=\"s1\">Kuvapankki \/ kuvaaja. Kuvan nimi. P\u00e4iv\u00e4m\u00e4\u00e4r\u00e4, jolloin sivu luettu. Verkko-osoite.<\/span><\/p>\n<p class=\"p1\"><span class=\"s1\"><i>Kuva: Kansallisgalleria \/ Hannu Aaltonen. Eero J\u00e4rnefelt: Raatajat rahanalaiset (Kaski), 1893. Viitattu 19.10.2016.<span class=\"Apple-converted-space\">\u00a0 <\/span><\/i><a href=\"http:\/\/www.ateneum.fi\/taideteokset-verkossa\/\" target=\"_blank\"><i>http:\/\/www.ateneum.fi\/taideteokset-verkossa\/<\/i><\/a><i> <\/i><\/span><\/p>\n<p class=\"p1\"><span class=\"s1\"><b><i>3. Internet-sivulta per\u00e4isin oleva kuva, jolla on CC-lisenssi<\/i><\/b>: <\/span><\/p>\n<p class=\"p1\"><span class=\"s1\">Kuvaajan nimi. CC-lisenssi. Linkki alkuper\u00e4isen kuvan verkkosivulle \/ verkkosivun osoite. P\u00e4iv\u00e4m\u00e4\u00e4r\u00e4, jolloin sivu on luettu.<\/span><\/p>\n<p class=\"p1\"><span class=\"s1\"><i>Kuva: Kansallisgalleria \/ Hannu Aaltonen. CC0. <\/i><i><a href=\"https:\/\/www.flickr.com\/photos\/finnishnationalgallery\/29568380521\/in\/album-72157672674447902\/\" target=\"_blank\">https:\/\/www.flickr.com\/photos\/finnishnationalgallery\/29568380521\/in\/album-72157672674447902\/<\/a>\u00a0<\/i><i>. Luettu 19.10.2016.<\/i><\/span><\/p>\n<h2 class=\"p1\"><span class=\"s1\">TV- ja radio-ohjelman merkitseminen<\/span><\/h2>\n<p class=\"p1\"><span class=\"s1\">Ohjelman nimi. L\u00e4hetysp\u00e4iv\u00e4. Verkko tai kanava.<\/span><\/p>\n<p class=\"p1\"><span class=\"s1\"><i>J\u00e4\u00e4kauden j\u00e4lki\u00e4. 19.10.2016. YLE TV2.<\/i><\/span><\/p>\n<h2 class=\"p1\"><span class=\"s1\">Haastattelun merkitseminen<\/span><\/h2>\n<p class=\"p1\"><span class=\"s1\">Haastateltavan henkil\u00f6n nimi. Ammatti. Yritys\/organisaatio. Haastattelun p\u00e4iv\u00e4m\u00e4\u00e4r\u00e4. <\/span><\/p>\n<p class=\"p2\"><span class=\"s1\"><i>Penttil\u00e4, Hilma. Opettaja. Kopiraittilan koulu. Haastateltu 19.10.2016.<\/i><\/span><\/p>\n<h2 class=\"p1\"><span class=\"s1\">Blogin merkitseminen<\/span><\/h2>\n<p class=\"p1\"><span class=\"s1\">Blogikirjoittajan nimi. Kirjoituksen otsikko. P\u00e4iv\u00e4ys. P\u00e4iv\u00e4m\u00e4\u00e4r\u00e4, jolloin sivu on luettu. Verkko-osoite.<\/span><\/p>\n<p class=\"p1\"><span class=\"s1\"><i>Grahn-Laasonen, Sanni. Opettajat ansaitsevat arvostuksemme joka p\u00e4iv\u00e4. Blogikirjoitus 5.10.2016. Luettu 19.10.2016. Saatavissa: <a href=\"http:\/\/sannigrahnlaasonen.fi\/2016\/10\/opettajat-ansaitsevat-arvostuksemme-joka-paiva\/\" target=\"_blank\">http:\/\/sannigrahnlaasonen.fi\/2016\/10\/opettajat-ansaitsevat-arvostuksemme-joka-paiva\/<\/a><\/i><\/span><\/p>\n<h2 class=\"p1\"><span class=\"s1\">Keskustelupalstalla ja sosiaalisessa mediassa v\u00e4litettyjen viestien merkitseminen<\/span><\/h2>\n<p class=\"p1\"><span class=\"s1\">Kirjoittaja. P\u00e4iv\u00e4m\u00e4\u00e4r\u00e4, jolloin jaettu. Sosiaalinen media tai keskustelupalstan nimi. Verkkosivun osoite. <\/span><\/p>\n<p class=\"p1\"><span class=\"s1\"><i>Kopiosto. @Kopiosto. 18.10.2016. Twitter. <a href=\"https:\/\/twitter.com\/Kopiosto\/status\/788312134040051712\" target=\"_blank\">https:\/\/twitter.com\/Kopiosto\/status\/788312134040051712<\/a><\/i><\/span><\/p>\n<p class=\"p1\"><span class=\"s1\">Sosiaalisessa mediassa ja keskustelupalstoilla v\u00e4litettyjen viestien k\u00e4ytt\u00f6 riippuu niiden palveluiden k\u00e4ytt\u00f6ehdoista. <\/span><\/p>\n<p>&nbsp;<\/p>\n<p>&nbsp;<\/p>\n"}],"lataa_pdf":true,"pdf_tiedosto":"https:\/\/upphovsrattsskolan.se\/wp-content\/uploads\/2017\/02\/Kopiosto_muistilistat_Lahteiden_merkitseminen.pdf","valikko_pois":true},"yoast_head":"<!-- This site is optimized with the Yoast SEO plugin v27.5 - https:\/\/yoast.com\/product\/yoast-seo-wordpress\/ -->\n<title>L\u00e4hdemerkint\u00e4ohje - Upphovsr\u00e4ttsskolan<\/title>\n<meta name=\"robots\" content=\"index, follow, max-snippet:-1, max-image-preview:large, max-video-preview:-1\" \/>\n<link rel=\"canonical\" href=\"https:\/\/upphovsrattsskolan.se\/fi\/opettajankoulutus\/lahdemerkintaohje\/\" \/>\n<meta property=\"og:locale\" content=\"fi_FI\" \/>\n<meta property=\"og:type\" content=\"article\" \/>\n<meta property=\"og:title\" content=\"L\u00e4hdemerkint\u00e4ohje - Upphovsr\u00e4ttsskolan\" \/>\n<meta property=\"og:url\" content=\"https:\/\/upphovsrattsskolan.se\/fi\/opettajankoulutus\/lahdemerkintaohje\/\" \/>\n<meta property=\"og:site_name\" content=\"Upphovsr\u00e4ttsskolan\" \/>\n<meta property=\"article:modified_time\" content=\"2017-02-15T10:35:26+00:00\" \/>\n<meta property=\"og:image\" content=\"https:\/\/upphovsrattsskolan.se\/wp-content\/uploads\/2019\/03\/upphovsrattsskolan-fb.png\" \/>\n\t<meta property=\"og:image:width\" content=\"1200\" \/>\n\t<meta property=\"og:image:height\" content=\"630\" \/>\n\t<meta property=\"og:image:type\" content=\"image\/png\" \/>\n<meta name=\"twitter:card\" content=\"summary_large_image\" \/>\n<script type=\"application\/ld+json\" class=\"yoast-schema-graph\">{\"@context\":\"https:\\\/\\\/schema.org\",\"@graph\":[{\"@type\":\"WebPage\",\"@id\":\"https:\\\/\\\/upphovsrattsskolan.se\\\/fi\\\/opettajankoulutus\\\/lahdemerkintaohje\\\/\",\"url\":\"https:\\\/\\\/upphovsrattsskolan.se\\\/fi\\\/opettajankoulutus\\\/lahdemerkintaohje\\\/\",\"name\":\"L\u00e4hdemerkint\u00e4ohje - Upphovsr\u00e4ttsskolan\",\"isPartOf\":{\"@id\":\"https:\\\/\\\/upphovsrattsskolan.se\\\/#website\"},\"datePublished\":\"2017-01-24T12:40:08+00:00\",\"dateModified\":\"2017-02-15T10:35:26+00:00\",\"breadcrumb\":{\"@id\":\"https:\\\/\\\/upphovsrattsskolan.se\\\/fi\\\/opettajankoulutus\\\/lahdemerkintaohje\\\/#breadcrumb\"},\"inLanguage\":\"fi\",\"potentialAction\":[{\"@type\":\"ReadAction\",\"target\":[\"https:\\\/\\\/upphovsrattsskolan.se\\\/fi\\\/opettajankoulutus\\\/lahdemerkintaohje\\\/\"]}]},{\"@type\":\"BreadcrumbList\",\"@id\":\"https:\\\/\\\/upphovsrattsskolan.se\\\/fi\\\/opettajankoulutus\\\/lahdemerkintaohje\\\/#breadcrumb\",\"itemListElement\":[{\"@type\":\"ListItem\",\"position\":1,\"name\":\"Etusivu\",\"item\":\"https:\\\/\\\/upphovsrattsskolan.se\\\/fi\\\/\"},{\"@type\":\"ListItem\",\"position\":2,\"name\":\"Opettajankoulutus\",\"item\":\"https:\\\/\\\/upphovsrattsskolan.se\\\/lararutbildning\\\/\"},{\"@type\":\"ListItem\",\"position\":3,\"name\":\"L\u00e4hdemerkint\u00e4ohje\"}]},{\"@type\":\"WebSite\",\"@id\":\"https:\\\/\\\/upphovsrattsskolan.se\\\/#website\",\"url\":\"https:\\\/\\\/upphovsrattsskolan.se\\\/\",\"name\":\"Upphovsr\u00e4ttsskolan\",\"description\":\"\",\"potentialAction\":[{\"@type\":\"SearchAction\",\"target\":{\"@type\":\"EntryPoint\",\"urlTemplate\":\"https:\\\/\\\/upphovsrattsskolan.se\\\/?s={search_term_string}\"},\"query-input\":{\"@type\":\"PropertyValueSpecification\",\"valueRequired\":true,\"valueName\":\"search_term_string\"}}],\"inLanguage\":\"fi\"}]}<\/script>\n<!-- \/ Yoast SEO plugin. -->","yoast_head_json":{"title":"L\u00e4hdemerkint\u00e4ohje - Upphovsr\u00e4ttsskolan","robots":{"index":"index","follow":"follow","max-snippet":"max-snippet:-1","max-image-preview":"max-image-preview:large","max-video-preview":"max-video-preview:-1"},"canonical":"https:\/\/upphovsrattsskolan.se\/fi\/opettajankoulutus\/lahdemerkintaohje\/","og_locale":"fi_FI","og_type":"article","og_title":"L\u00e4hdemerkint\u00e4ohje - Upphovsr\u00e4ttsskolan","og_url":"https:\/\/upphovsrattsskolan.se\/fi\/opettajankoulutus\/lahdemerkintaohje\/","og_site_name":"Upphovsr\u00e4ttsskolan","article_modified_time":"2017-02-15T10:35:26+00:00","og_image":[{"width":1200,"height":630,"url":"https:\/\/upphovsrattsskolan.se\/wp-content\/uploads\/2019\/03\/upphovsrattsskolan-fb.png","type":"image\/png"}],"twitter_card":"summary_large_image","schema":{"@context":"https:\/\/schema.org","@graph":[{"@type":"WebPage","@id":"https:\/\/upphovsrattsskolan.se\/fi\/opettajankoulutus\/lahdemerkintaohje\/","url":"https:\/\/upphovsrattsskolan.se\/fi\/opettajankoulutus\/lahdemerkintaohje\/","name":"L\u00e4hdemerkint\u00e4ohje - Upphovsr\u00e4ttsskolan","isPartOf":{"@id":"https:\/\/upphovsrattsskolan.se\/#website"},"datePublished":"2017-01-24T12:40:08+00:00","dateModified":"2017-02-15T10:35:26+00:00","breadcrumb":{"@id":"https:\/\/upphovsrattsskolan.se\/fi\/opettajankoulutus\/lahdemerkintaohje\/#breadcrumb"},"inLanguage":"fi","potentialAction":[{"@type":"ReadAction","target":["https:\/\/upphovsrattsskolan.se\/fi\/opettajankoulutus\/lahdemerkintaohje\/"]}]},{"@type":"BreadcrumbList","@id":"https:\/\/upphovsrattsskolan.se\/fi\/opettajankoulutus\/lahdemerkintaohje\/#breadcrumb","itemListElement":[{"@type":"ListItem","position":1,"name":"Etusivu","item":"https:\/\/upphovsrattsskolan.se\/fi\/"},{"@type":"ListItem","position":2,"name":"Opettajankoulutus","item":"https:\/\/upphovsrattsskolan.se\/lararutbildning\/"},{"@type":"ListItem","position":3,"name":"L\u00e4hdemerkint\u00e4ohje"}]},{"@type":"WebSite","@id":"https:\/\/upphovsrattsskolan.se\/#website","url":"https:\/\/upphovsrattsskolan.se\/","name":"Upphovsr\u00e4ttsskolan","description":"","potentialAction":[{"@type":"SearchAction","target":{"@type":"EntryPoint","urlTemplate":"https:\/\/upphovsrattsskolan.se\/?s={search_term_string}"},"query-input":{"@type":"PropertyValueSpecification","valueRequired":true,"valueName":"search_term_string"}}],"inLanguage":"fi"}]}},"_links":{"self":[{"href":"https:\/\/upphovsrattsskolan.se\/fi\/wp-json\/wp\/v2\/pages\/2002","targetHints":{"allow":["GET"]}}],"collection":[{"href":"https:\/\/upphovsrattsskolan.se\/fi\/wp-json\/wp\/v2\/pages"}],"about":[{"href":"https:\/\/upphovsrattsskolan.se\/fi\/wp-json\/wp\/v2\/types\/page"}],"author":[{"embeddable":true,"href":"https:\/\/upphovsrattsskolan.se\/fi\/wp-json\/wp\/v2\/users\/4"}],"replies":[{"embeddable":true,"href":"https:\/\/upphovsrattsskolan.se\/fi\/wp-json\/wp\/v2\/comments?post=2002"}],"version-history":[{"count":0,"href":"https:\/\/upphovsrattsskolan.se\/fi\/wp-json\/wp\/v2\/pages\/2002\/revisions"}],"up":[{"embeddable":true,"href":"https:\/\/upphovsrattsskolan.se\/fi\/wp-json\/wp\/v2\/pages\/861"}],"wp:attachment":[{"href":"https:\/\/upphovsrattsskolan.se\/fi\/wp-json\/wp\/v2\/media?parent=2002"}],"curies":[{"name":"wp","href":"https:\/\/api.w.org\/{rel}","templated":true}]}}