{"id":1978,"date":"2017-01-24T12:27:12","date_gmt":"2017-01-24T12:27:12","guid":{"rendered":"http:\/\/kopiraittila.wpengine.com\/?page_id=1978\/"},"modified":"2017-02-17T09:09:51","modified_gmt":"2017-02-17T09:09:51","slug":"projektityon-muistilista","status":"publish","type":"page","link":"https:\/\/upphovsrattsskolan.se\/fi\/opettajankoulutus\/projektityon-muistilista\/","title":{"rendered":"Projektity\u00f6n muistilista"},"content":{"rendered":"","protected":false},"excerpt":{"rendered":"","protected":false},"author":4,"featured_media":0,"parent":861,"menu_order":0,"comment_status":"closed","ping_status":"closed","template":"page-muistilista.php","meta":{"_acf_changed":false,"_exactmetrics_skip_tracking":false,"_exactmetrics_sitenote_active":false,"_exactmetrics_sitenote_note":"","_exactmetrics_sitenote_category":0,"footnotes":""},"class_list":["post-1978","page","type-page","status-publish","hentry"],"acf":{"tulostus":false,"hahmon_valinta":"C ja muistivihko","muistilista_moduulit":[{"acf_fc_layout":"h1_otsikko_keskitetty_punainen","otsikon_teksti":"Projektity\u00f6n muistilista"},{"acf_fc_layout":"lista","listan_aloitusnumero":"1","listan_sisalto":[{"acf_fc_layout":"rivi","rivin_sisalto":"<p><strong>TIETOA JA IDEOITA SAA K\u00c4YTT\u00c4\u00c4 VAPAASTI<\/strong><\/p>\n<p class=\"p1\"><span class=\"s1\">Voit ker\u00e4t\u00e4 tietoa eri l\u00e4hteist\u00e4 ja kertoa n\u00e4m\u00e4 omin sanoin. Muista l\u00e4hdemerkinn\u00e4t!<\/span><\/p>\n"}]},{"acf_fc_layout":"lista","listan_aloitusnumero":"2","listan_sisalto":[{"acf_fc_layout":"rivi","rivin_sisalto":"<p><strong>KUVIEN JA TEKSTIEN K\u00c4YTT\u00d6\u00d6N TARVITAAN LUPA<\/strong><\/p>\n<p>K\u00e4ytt\u00f6 voi olla sallittua:<\/p>\n<p><strong>Sitaattina eli lainauksena:<\/strong><br \/>\nKun k\u00e4yt\u00e4t sanasta sanaan toisen teksti\u00e4, kyse on lainauksesta. Lainaus merkit\u00e4\u00e4n lainausmerkeill\u00e4 ja l\u00e4hdeviittauksella.<\/p>\n<p><strong>Tekij\u00e4n luvalla:<\/strong><br \/>\nVoit pyyt\u00e4\u00e4 luvan suoraan tekij\u00e4lt\u00e4 tai oikeudenhaltijalta.<\/p>\n<p><strong>Oppilaitosten kopiointiluvalla:<\/strong><br \/>\nSaat skannata kirjoista ja kopioida netist\u00e4 kuvia ja teksti\u00e4 koulun projektit\u00f6ihin, kun projektity\u00f6t\u00e4 ei julkaista internetiss\u00e4. Muista merkit\u00e4 tekij\u00e4tiedot ty\u00f6h\u00f6si.<\/p>\n<p><strong>CC-lisenssill\u00e4:<\/strong><br \/>\nTarkista lisenssikuvakkeista, mit\u00e4 saat tehd\u00e4. CC-lisenssimerkit ja tekij\u00e4n nimi tulee liitt\u00e4\u00e4 kuvan viereen.<\/p>\n<p><strong>Teoksia, joiden suoja-aika on umpeutunut, saa k\u00e4ytt\u00e4\u00e4 vapaasti.<\/strong><\/p>\n"}]},{"acf_fc_layout":"lista","listan_aloitusnumero":"3","listan_sisalto":[{"acf_fc_layout":"rivi","rivin_sisalto":"<p><strong>KUVAAMINEN<\/strong><\/p>\n<p>Pyyd\u00e4 lupa kuvan julkaisemiseen ja k\u00e4ytt\u00f6\u00f6n kuvassa olevilta henkil\u00f6ilt\u00e4.<\/p>\n"}]},{"acf_fc_layout":"lista","listan_aloitusnumero":"4","listan_sisalto":[{"acf_fc_layout":"rivi","rivin_sisalto":"<p><strong>MUSIIKIN\u00a0K\u00c4YTT\u00d6\u00d6N TARVITAAN LUPA<\/strong><\/p>\n<p>K\u00e4ytt\u00f6luvan voi hankkia Teostosta ja Gramexista tai etsi\u00e4 internetist\u00e4 musiikkia, jonka k\u00e4ytt\u00f6 on sallittu CC- tai muulla lisenssill\u00e4. Tarkista huolella k\u00e4ytt\u00f6ehdot.<\/p>\n"}]},{"acf_fc_layout":"lista","listan_aloitusnumero":"5","listan_sisalto":[{"acf_fc_layout":"rivi","rivin_sisalto":"<p><strong>VIDEO OSANA OMAA TY\u00d6T\u00c4<\/strong><\/p>\n<p>Videon tai sen osan k\u00e4ytt\u00e4miseen omassa ty\u00f6ss\u00e4 tarvitaan tekij\u00e4n tai tekij\u00f6iden lupa. Luvan voi hankkia tekij\u00e4lt\u00e4 tai tekij\u00e4noikeudenhaltijalta tai lupa on voitu antaa CC-lisenssill\u00e4.<\/p>\n<p>Suoran linkin tekeminen verkkovideoon on sallittua.<\/p>\n<p>Muistathan, ett\u00e4 videoiden esitt\u00e4miseen luokkahuoneessa tarvitaan videon oikeudenhaltijoiden lupa.<\/p>\n"}]},{"acf_fc_layout":"lista","listan_aloitusnumero":"6","listan_sisalto":[{"acf_fc_layout":"rivi","rivin_sisalto":"<p><strong>L\u00c4HDEMERKINT\u00c4<\/strong><\/p>\n<p>Muista merkit\u00e4 projektity\u00f6h\u00f6n kaikki k\u00e4ytt\u00e4m\u00e4si l\u00e4hteet ja tekij\u00e4tiedot.<\/p>\n"}]},{"acf_fc_layout":"lista","listan_aloitusnumero":"7","listan_sisalto":[{"acf_fc_layout":"rivi","rivin_sisalto":"<p><strong>PROJEKTITY\u00d6N JULKAISEMINEN NETISS\u00c4<\/strong><\/p>\n<p>Jos haluat julkaista projektity\u00f6n internetiss\u00e4, tarkista, ett\u00e4 sinulla on kaikkiin k\u00e4ytt\u00e4miisi teoksiin, kuten kuviin, musiikkiin ja videoihin, julkaisuoikeudet.<\/p>\n"}]}],"lataa_pdf":true,"pdf_tiedosto":"https:\/\/upphovsrattsskolan.se\/wp-content\/uploads\/2017\/02\/Projektityon_muistilista-1.pdf","valikko_pois":true},"yoast_head":"<!-- This site is optimized with the Yoast SEO plugin v27.4 - https:\/\/yoast.com\/product\/yoast-seo-wordpress\/ -->\n<title>Projektity\u00f6n muistilista - Upphovsr\u00e4ttsskolan<\/title>\n<meta name=\"robots\" content=\"index, follow, max-snippet:-1, max-image-preview:large, max-video-preview:-1\" \/>\n<link rel=\"canonical\" href=\"https:\/\/upphovsrattsskolan.se\/lararutbildning\/minneslista-for-projektarbeten\/\" \/>\n<meta property=\"og:locale\" content=\"fi_FI\" \/>\n<meta property=\"og:type\" content=\"article\" \/>\n<meta property=\"og:title\" content=\"Projektity\u00f6n muistilista - Upphovsr\u00e4ttsskolan\" \/>\n<meta property=\"og:url\" content=\"https:\/\/upphovsrattsskolan.se\/lararutbildning\/minneslista-for-projektarbeten\/\" \/>\n<meta property=\"og:site_name\" content=\"Upphovsr\u00e4ttsskolan\" \/>\n<meta property=\"article:modified_time\" content=\"2017-02-17T09:09:51+00:00\" \/>\n<meta property=\"og:image\" content=\"https:\/\/upphovsrattsskolan.se\/wp-content\/uploads\/2019\/03\/upphovsrattsskolan-fb.png\" \/>\n\t<meta property=\"og:image:width\" content=\"1200\" \/>\n\t<meta property=\"og:image:height\" content=\"630\" \/>\n\t<meta property=\"og:image:type\" content=\"image\/png\" \/>\n<meta name=\"twitter:card\" content=\"summary_large_image\" \/>\n<script type=\"application\/ld+json\" class=\"yoast-schema-graph\">{\"@context\":\"https:\\\/\\\/schema.org\",\"@graph\":[{\"@type\":\"WebPage\",\"@id\":\"https:\\\/\\\/upphovsrattsskolan.se\\\/lararutbildning\\\/minneslista-for-projektarbeten\\\/\",\"url\":\"https:\\\/\\\/upphovsrattsskolan.se\\\/lararutbildning\\\/minneslista-for-projektarbeten\\\/\",\"name\":\"Projektity\u00f6n muistilista - Upphovsr\u00e4ttsskolan\",\"isPartOf\":{\"@id\":\"https:\\\/\\\/upphovsrattsskolan.se\\\/#website\"},\"datePublished\":\"2017-01-24T12:27:12+00:00\",\"dateModified\":\"2017-02-17T09:09:51+00:00\",\"breadcrumb\":{\"@id\":\"https:\\\/\\\/upphovsrattsskolan.se\\\/lararutbildning\\\/minneslista-for-projektarbeten\\\/#breadcrumb\"},\"inLanguage\":\"fi\",\"potentialAction\":[{\"@type\":\"ReadAction\",\"target\":[\"https:\\\/\\\/upphovsrattsskolan.se\\\/lararutbildning\\\/minneslista-for-projektarbeten\\\/\"]}]},{\"@type\":\"BreadcrumbList\",\"@id\":\"https:\\\/\\\/upphovsrattsskolan.se\\\/lararutbildning\\\/minneslista-for-projektarbeten\\\/#breadcrumb\",\"itemListElement\":[{\"@type\":\"ListItem\",\"position\":1,\"name\":\"Etusivu\",\"item\":\"https:\\\/\\\/upphovsrattsskolan.se\\\/fi\\\/\"},{\"@type\":\"ListItem\",\"position\":2,\"name\":\"Opettajankoulutus\",\"item\":\"https:\\\/\\\/upphovsrattsskolan.se\\\/lararutbildning\\\/\"},{\"@type\":\"ListItem\",\"position\":3,\"name\":\"Projektity\u00f6n muistilista\"}]},{\"@type\":\"WebSite\",\"@id\":\"https:\\\/\\\/upphovsrattsskolan.se\\\/#website\",\"url\":\"https:\\\/\\\/upphovsrattsskolan.se\\\/\",\"name\":\"Upphovsr\u00e4ttsskolan\",\"description\":\"\",\"potentialAction\":[{\"@type\":\"SearchAction\",\"target\":{\"@type\":\"EntryPoint\",\"urlTemplate\":\"https:\\\/\\\/upphovsrattsskolan.se\\\/?s={search_term_string}\"},\"query-input\":{\"@type\":\"PropertyValueSpecification\",\"valueRequired\":true,\"valueName\":\"search_term_string\"}}],\"inLanguage\":\"fi\"}]}<\/script>\n<!-- \/ Yoast SEO plugin. -->","yoast_head_json":{"title":"Projektity\u00f6n muistilista - Upphovsr\u00e4ttsskolan","robots":{"index":"index","follow":"follow","max-snippet":"max-snippet:-1","max-image-preview":"max-image-preview:large","max-video-preview":"max-video-preview:-1"},"canonical":"https:\/\/upphovsrattsskolan.se\/lararutbildning\/minneslista-for-projektarbeten\/","og_locale":"fi_FI","og_type":"article","og_title":"Projektity\u00f6n muistilista - Upphovsr\u00e4ttsskolan","og_url":"https:\/\/upphovsrattsskolan.se\/lararutbildning\/minneslista-for-projektarbeten\/","og_site_name":"Upphovsr\u00e4ttsskolan","article_modified_time":"2017-02-17T09:09:51+00:00","og_image":[{"width":1200,"height":630,"url":"https:\/\/upphovsrattsskolan.se\/wp-content\/uploads\/2019\/03\/upphovsrattsskolan-fb.png","type":"image\/png"}],"twitter_card":"summary_large_image","schema":{"@context":"https:\/\/schema.org","@graph":[{"@type":"WebPage","@id":"https:\/\/upphovsrattsskolan.se\/lararutbildning\/minneslista-for-projektarbeten\/","url":"https:\/\/upphovsrattsskolan.se\/lararutbildning\/minneslista-for-projektarbeten\/","name":"Projektity\u00f6n muistilista - Upphovsr\u00e4ttsskolan","isPartOf":{"@id":"https:\/\/upphovsrattsskolan.se\/#website"},"datePublished":"2017-01-24T12:27:12+00:00","dateModified":"2017-02-17T09:09:51+00:00","breadcrumb":{"@id":"https:\/\/upphovsrattsskolan.se\/lararutbildning\/minneslista-for-projektarbeten\/#breadcrumb"},"inLanguage":"fi","potentialAction":[{"@type":"ReadAction","target":["https:\/\/upphovsrattsskolan.se\/lararutbildning\/minneslista-for-projektarbeten\/"]}]},{"@type":"BreadcrumbList","@id":"https:\/\/upphovsrattsskolan.se\/lararutbildning\/minneslista-for-projektarbeten\/#breadcrumb","itemListElement":[{"@type":"ListItem","position":1,"name":"Etusivu","item":"https:\/\/upphovsrattsskolan.se\/fi\/"},{"@type":"ListItem","position":2,"name":"Opettajankoulutus","item":"https:\/\/upphovsrattsskolan.se\/lararutbildning\/"},{"@type":"ListItem","position":3,"name":"Projektity\u00f6n muistilista"}]},{"@type":"WebSite","@id":"https:\/\/upphovsrattsskolan.se\/#website","url":"https:\/\/upphovsrattsskolan.se\/","name":"Upphovsr\u00e4ttsskolan","description":"","potentialAction":[{"@type":"SearchAction","target":{"@type":"EntryPoint","urlTemplate":"https:\/\/upphovsrattsskolan.se\/?s={search_term_string}"},"query-input":{"@type":"PropertyValueSpecification","valueRequired":true,"valueName":"search_term_string"}}],"inLanguage":"fi"}]}},"_links":{"self":[{"href":"https:\/\/upphovsrattsskolan.se\/fi\/wp-json\/wp\/v2\/pages\/1978","targetHints":{"allow":["GET"]}}],"collection":[{"href":"https:\/\/upphovsrattsskolan.se\/fi\/wp-json\/wp\/v2\/pages"}],"about":[{"href":"https:\/\/upphovsrattsskolan.se\/fi\/wp-json\/wp\/v2\/types\/page"}],"author":[{"embeddable":true,"href":"https:\/\/upphovsrattsskolan.se\/fi\/wp-json\/wp\/v2\/users\/4"}],"replies":[{"embeddable":true,"href":"https:\/\/upphovsrattsskolan.se\/fi\/wp-json\/wp\/v2\/comments?post=1978"}],"version-history":[{"count":0,"href":"https:\/\/upphovsrattsskolan.se\/fi\/wp-json\/wp\/v2\/pages\/1978\/revisions"}],"up":[{"embeddable":true,"href":"https:\/\/upphovsrattsskolan.se\/fi\/wp-json\/wp\/v2\/pages\/861"}],"wp:attachment":[{"href":"https:\/\/upphovsrattsskolan.se\/fi\/wp-json\/wp\/v2\/media?parent=1978"}],"curies":[{"name":"wp","href":"https:\/\/api.w.org\/{rel}","templated":true}]}}