{"id":1963,"date":"2017-01-24T11:28:14","date_gmt":"2017-01-24T11:28:14","guid":{"rendered":"http:\/\/kopiraittila.wpengine.com\/?page_id=1963\/"},"modified":"2017-02-14T11:46:32","modified_gmt":"2017-02-14T11:46:32","slug":"yksityinen-kaytto","status":"publish","type":"page","link":"https:\/\/upphovsrattsskolan.se\/fi\/toinenaste\/ammatillinen\/yksityinen-kaytto\/","title":{"rendered":"Yksityinen k\u00e4ytt\u00f6"},"content":{"rendered":"","protected":false},"excerpt":{"rendered":"","protected":false},"author":4,"featured_media":0,"parent":860,"menu_order":0,"comment_status":"closed","ping_status":"closed","template":"page-muistilista.php","meta":{"_acf_changed":false,"_exactmetrics_skip_tracking":false,"_exactmetrics_sitenote_active":false,"_exactmetrics_sitenote_note":"","_exactmetrics_sitenote_category":0,"footnotes":""},"class_list":["post-1963","page","type-page","status-publish","hentry"],"acf":{"tulostus":false,"hahmon_valinta":"C ja kannettava tietokone","muistilista_moduulit":[{"acf_fc_layout":"h1_otsikko_keskitetty_punainen","otsikon_teksti":"Yksityiseen k\u00e4ytt\u00f6\u00f6n kopiointi"},{"acf_fc_layout":"sisaltokentta","sisalto":"<ul>\n<li class=\"p1\">Voit kopioida omaan k\u00e4ytt\u00f6\u00f6si musiikkia, elokuvia, kirjoja, kuvia jne.<\/li>\n<li class=\"p1\">Kopioita saa tehd\u00e4 omaan henkil\u00f6kohtaiseen k\u00e4ytt\u00f6\u00f6n kuten kotona perhepiiriss\u00e4\u00a0k\u00e4ytett\u00e4v\u00e4ksi.<\/li>\n<li class=\"p1\">Kopion saa tehd\u00e4 vain laillisesti hankituista kappaleista ja laillisista l\u00e4hteist\u00e4.<\/li>\n<li class=\"p1\">Yksityiseen k\u00e4ytt\u00f6\u00f6n tehtyj\u00e4 kopioita ei saa k\u00e4ytt\u00e4\u00e4 muussa tarkoituksessa. Netiss\u00e4 jakaminen ja julkaiseminen eiv\u00e4t ole yksityist\u00e4 k\u00e4ytt\u00f6\u00e4.<\/li>\n<li class=\"p1\">Tietokoneohjelmista ei saa tehd\u00e4 kopioita yksityiseen k\u00e4ytt\u00f6\u00f6n.<\/li>\n<li class=\"p1\">My\u00f6sk\u00e4\u00e4n luvattomasti jaetusta tai muusta piraattitallenteesta ei saa tehd\u00e4 kopiota edes yksityiseen k\u00e4ytt\u00f6\u00f6n.<\/li>\n<\/ul>\n"}],"lataa_pdf":true,"pdf_tiedosto":"https:\/\/upphovsrattsskolan.se\/wp-content\/uploads\/2017\/01\/Yksityinen_kaytto.pdf","valikko_pois":true},"yoast_head":"<!-- This site is optimized with the Yoast SEO plugin v27.4 - https:\/\/yoast.com\/product\/yoast-seo-wordpress\/ -->\n<title>Yksityinen k\u00e4ytt\u00f6 - Upphovsr\u00e4ttsskolan<\/title>\n<meta name=\"robots\" content=\"index, follow, max-snippet:-1, max-image-preview:large, max-video-preview:-1\" \/>\n<link rel=\"canonical\" href=\"https:\/\/upphovsrattsskolan.se\/fi\/toinenaste\/ammatillinen\/yksityinen-kaytto\/\" \/>\n<meta property=\"og:locale\" content=\"fi_FI\" \/>\n<meta property=\"og:type\" content=\"article\" \/>\n<meta property=\"og:title\" content=\"Yksityinen k\u00e4ytt\u00f6 - Upphovsr\u00e4ttsskolan\" \/>\n<meta property=\"og:url\" content=\"https:\/\/upphovsrattsskolan.se\/fi\/toinenaste\/ammatillinen\/yksityinen-kaytto\/\" \/>\n<meta property=\"og:site_name\" content=\"Upphovsr\u00e4ttsskolan\" \/>\n<meta property=\"article:modified_time\" content=\"2017-02-14T11:46:32+00:00\" \/>\n<meta property=\"og:image\" content=\"https:\/\/upphovsrattsskolan.se\/wp-content\/uploads\/2019\/03\/upphovsrattsskolan-fb.png\" \/>\n\t<meta property=\"og:image:width\" content=\"1200\" \/>\n\t<meta property=\"og:image:height\" content=\"630\" \/>\n\t<meta property=\"og:image:type\" content=\"image\/png\" \/>\n<meta name=\"twitter:card\" content=\"summary_large_image\" \/>\n<script type=\"application\/ld+json\" class=\"yoast-schema-graph\">{\"@context\":\"https:\\\/\\\/schema.org\",\"@graph\":[{\"@type\":\"WebPage\",\"@id\":\"https:\\\/\\\/upphovsrattsskolan.se\\\/fi\\\/toinenaste\\\/ammatillinen\\\/yksityinen-kaytto\\\/\",\"url\":\"https:\\\/\\\/upphovsrattsskolan.se\\\/fi\\\/toinenaste\\\/ammatillinen\\\/yksityinen-kaytto\\\/\",\"name\":\"Yksityinen k\u00e4ytt\u00f6 - Upphovsr\u00e4ttsskolan\",\"isPartOf\":{\"@id\":\"https:\\\/\\\/upphovsrattsskolan.se\\\/#website\"},\"datePublished\":\"2017-01-24T11:28:14+00:00\",\"dateModified\":\"2017-02-14T11:46:32+00:00\",\"breadcrumb\":{\"@id\":\"https:\\\/\\\/upphovsrattsskolan.se\\\/fi\\\/toinenaste\\\/ammatillinen\\\/yksityinen-kaytto\\\/#breadcrumb\"},\"inLanguage\":\"fi\",\"potentialAction\":[{\"@type\":\"ReadAction\",\"target\":[\"https:\\\/\\\/upphovsrattsskolan.se\\\/fi\\\/toinenaste\\\/ammatillinen\\\/yksityinen-kaytto\\\/\"]}]},{\"@type\":\"BreadcrumbList\",\"@id\":\"https:\\\/\\\/upphovsrattsskolan.se\\\/fi\\\/toinenaste\\\/ammatillinen\\\/yksityinen-kaytto\\\/#breadcrumb\",\"itemListElement\":[{\"@type\":\"ListItem\",\"position\":1,\"name\":\"Etusivu\",\"item\":\"https:\\\/\\\/upphovsrattsskolan.se\\\/fi\\\/\"},{\"@type\":\"ListItem\",\"position\":2,\"name\":\"Toinen aste\",\"item\":\"https:\\\/\\\/upphovsrattsskolan.se\\\/fi\\\/toinenaste\\\/\"},{\"@type\":\"ListItem\",\"position\":3,\"name\":\"Ammatillinen\",\"item\":\"https:\\\/\\\/upphovsrattsskolan.se\\\/fi\\\/toinenaste\\\/ammatillinen\\\/\"},{\"@type\":\"ListItem\",\"position\":4,\"name\":\"Yksityinen k\u00e4ytt\u00f6\"}]},{\"@type\":\"WebSite\",\"@id\":\"https:\\\/\\\/upphovsrattsskolan.se\\\/#website\",\"url\":\"https:\\\/\\\/upphovsrattsskolan.se\\\/\",\"name\":\"Upphovsr\u00e4ttsskolan\",\"description\":\"\",\"potentialAction\":[{\"@type\":\"SearchAction\",\"target\":{\"@type\":\"EntryPoint\",\"urlTemplate\":\"https:\\\/\\\/upphovsrattsskolan.se\\\/?s={search_term_string}\"},\"query-input\":{\"@type\":\"PropertyValueSpecification\",\"valueRequired\":true,\"valueName\":\"search_term_string\"}}],\"inLanguage\":\"fi\"}]}<\/script>\n<!-- \/ Yoast SEO plugin. -->","yoast_head_json":{"title":"Yksityinen k\u00e4ytt\u00f6 - Upphovsr\u00e4ttsskolan","robots":{"index":"index","follow":"follow","max-snippet":"max-snippet:-1","max-image-preview":"max-image-preview:large","max-video-preview":"max-video-preview:-1"},"canonical":"https:\/\/upphovsrattsskolan.se\/fi\/toinenaste\/ammatillinen\/yksityinen-kaytto\/","og_locale":"fi_FI","og_type":"article","og_title":"Yksityinen k\u00e4ytt\u00f6 - Upphovsr\u00e4ttsskolan","og_url":"https:\/\/upphovsrattsskolan.se\/fi\/toinenaste\/ammatillinen\/yksityinen-kaytto\/","og_site_name":"Upphovsr\u00e4ttsskolan","article_modified_time":"2017-02-14T11:46:32+00:00","og_image":[{"width":1200,"height":630,"url":"https:\/\/upphovsrattsskolan.se\/wp-content\/uploads\/2019\/03\/upphovsrattsskolan-fb.png","type":"image\/png"}],"twitter_card":"summary_large_image","schema":{"@context":"https:\/\/schema.org","@graph":[{"@type":"WebPage","@id":"https:\/\/upphovsrattsskolan.se\/fi\/toinenaste\/ammatillinen\/yksityinen-kaytto\/","url":"https:\/\/upphovsrattsskolan.se\/fi\/toinenaste\/ammatillinen\/yksityinen-kaytto\/","name":"Yksityinen k\u00e4ytt\u00f6 - Upphovsr\u00e4ttsskolan","isPartOf":{"@id":"https:\/\/upphovsrattsskolan.se\/#website"},"datePublished":"2017-01-24T11:28:14+00:00","dateModified":"2017-02-14T11:46:32+00:00","breadcrumb":{"@id":"https:\/\/upphovsrattsskolan.se\/fi\/toinenaste\/ammatillinen\/yksityinen-kaytto\/#breadcrumb"},"inLanguage":"fi","potentialAction":[{"@type":"ReadAction","target":["https:\/\/upphovsrattsskolan.se\/fi\/toinenaste\/ammatillinen\/yksityinen-kaytto\/"]}]},{"@type":"BreadcrumbList","@id":"https:\/\/upphovsrattsskolan.se\/fi\/toinenaste\/ammatillinen\/yksityinen-kaytto\/#breadcrumb","itemListElement":[{"@type":"ListItem","position":1,"name":"Etusivu","item":"https:\/\/upphovsrattsskolan.se\/fi\/"},{"@type":"ListItem","position":2,"name":"Toinen aste","item":"https:\/\/upphovsrattsskolan.se\/fi\/toinenaste\/"},{"@type":"ListItem","position":3,"name":"Ammatillinen","item":"https:\/\/upphovsrattsskolan.se\/fi\/toinenaste\/ammatillinen\/"},{"@type":"ListItem","position":4,"name":"Yksityinen k\u00e4ytt\u00f6"}]},{"@type":"WebSite","@id":"https:\/\/upphovsrattsskolan.se\/#website","url":"https:\/\/upphovsrattsskolan.se\/","name":"Upphovsr\u00e4ttsskolan","description":"","potentialAction":[{"@type":"SearchAction","target":{"@type":"EntryPoint","urlTemplate":"https:\/\/upphovsrattsskolan.se\/?s={search_term_string}"},"query-input":{"@type":"PropertyValueSpecification","valueRequired":true,"valueName":"search_term_string"}}],"inLanguage":"fi"}]}},"_links":{"self":[{"href":"https:\/\/upphovsrattsskolan.se\/fi\/wp-json\/wp\/v2\/pages\/1963","targetHints":{"allow":["GET"]}}],"collection":[{"href":"https:\/\/upphovsrattsskolan.se\/fi\/wp-json\/wp\/v2\/pages"}],"about":[{"href":"https:\/\/upphovsrattsskolan.se\/fi\/wp-json\/wp\/v2\/types\/page"}],"author":[{"embeddable":true,"href":"https:\/\/upphovsrattsskolan.se\/fi\/wp-json\/wp\/v2\/users\/4"}],"replies":[{"embeddable":true,"href":"https:\/\/upphovsrattsskolan.se\/fi\/wp-json\/wp\/v2\/comments?post=1963"}],"version-history":[{"count":0,"href":"https:\/\/upphovsrattsskolan.se\/fi\/wp-json\/wp\/v2\/pages\/1963\/revisions"}],"up":[{"embeddable":true,"href":"https:\/\/upphovsrattsskolan.se\/fi\/wp-json\/wp\/v2\/pages\/860"}],"wp:attachment":[{"href":"https:\/\/upphovsrattsskolan.se\/fi\/wp-json\/wp\/v2\/media?parent=1963"}],"curies":[{"name":"wp","href":"https:\/\/api.w.org\/{rel}","templated":true}]}}