{"id":1961,"date":"2017-01-24T10:14:21","date_gmt":"2017-01-24T10:14:21","guid":{"rendered":"http:\/\/kopiraittila.wpengine.com\/?page_id=1961\/"},"modified":"2017-02-14T11:44:40","modified_gmt":"2017-02-14T11:44:40","slug":"tekijanoikeus-omaan-tyohon","status":"publish","type":"page","link":"https:\/\/upphovsrattsskolan.se\/fi\/toinenaste\/ammatillinen\/tekijanoikeus-omaan-tyohon\/","title":{"rendered":"Tekij\u00e4noikeus omaan ty\u00f6h\u00f6n"},"content":{"rendered":"","protected":false},"excerpt":{"rendered":"","protected":false},"author":4,"featured_media":0,"parent":860,"menu_order":0,"comment_status":"closed","ping_status":"closed","template":"page-muistilista.php","meta":{"_acf_changed":false,"_exactmetrics_skip_tracking":false,"_exactmetrics_sitenote_active":false,"_exactmetrics_sitenote_note":"","_exactmetrics_sitenote_category":0,"footnotes":""},"class_list":["post-1961","page","type-page","status-publish","hentry"],"acf":{"tulostus":false,"hahmon_valinta":"C kuvaa kameralla","muistilista_moduulit":[{"acf_fc_layout":"h1_otsikko_keskitetty_punainen","otsikon_teksti":"Tekij\u00e4noikeus omaan ty\u00f6h\u00f6n"},{"acf_fc_layout":"sisaltokentta","sisalto":"<ul>\n<li>Jokaiselle syntyy tekij\u00e4noikeus omaan ty\u00f6h\u00f6ns\u00e4 \u2013 i\u00e4st\u00e4 riippumatta.\u00a0My\u00f6s alaik\u00e4iset lapset voivat saada tekij\u00e4noikeuden omaan ty\u00f6h\u00f6ns\u00e4.<\/li>\n<li>Tekij\u00e4noikeus syntyy automaattisesti heti, kun ty\u00f6 on tehty,\u00a0esim. projektity\u00f6 on valmis tai valokuva otettu.<\/li>\n<li>Tekij\u00e4noikeutta saavat tuotokset, jotka ovat riitt\u00e4v\u00e4n itsen\u00e4isi\u00e4 ja omaper\u00e4isi\u00e4 eli\u00a0ylitt\u00e4v\u00e4t teoskynnyksen.<\/li>\n<\/ul>\n"},{"acf_fc_layout":"h2_otsikko_keskitetty_punainen","otsikon_teksti":"TEKIJ\u00c4 P\u00c4\u00c4TT\u00c4\u00c4, MITEN H\u00c4NEN TEOSTAAN SAA K\u00c4YTT\u00c4\u00c4."},{"acf_fc_layout":"sisaltokentta","sisalto":"<ul>\n<li class=\"p1\">Opiskelijan tekem\u00e4n ty\u00f6n julkaisemiseen tarvitaan opiskelijan lupa.\u00a0Alaik\u00e4isen osalta tarvitaan my\u00f6s huoltajien lupa.<\/li>\n<li class=\"p1\">Jos ty\u00f6 tehd\u00e4\u00e4n yhdess\u00e4, tarvitaan kaikkien tekij\u00f6iden lupa.<\/li>\n<\/ul>\n<p class=\"p1\">\n"}],"lataa_pdf":true,"pdf_tiedosto":"https:\/\/upphovsrattsskolan.se\/wp-content\/uploads\/2017\/01\/Tekijanoikeus_omaan_tyohon.pdf","valikko_pois":true},"yoast_head":"<!-- This site is optimized with the Yoast SEO plugin v27.5 - https:\/\/yoast.com\/product\/yoast-seo-wordpress\/ -->\n<title>Tekij\u00e4noikeus omaan ty\u00f6h\u00f6n - Upphovsr\u00e4ttsskolan<\/title>\n<meta name=\"robots\" content=\"index, follow, max-snippet:-1, max-image-preview:large, max-video-preview:-1\" \/>\n<link rel=\"canonical\" href=\"https:\/\/upphovsrattsskolan.se\/fi\/toinenaste\/ammatillinen\/tekijanoikeus-omaan-tyohon\/\" \/>\n<meta property=\"og:locale\" content=\"fi_FI\" \/>\n<meta property=\"og:type\" content=\"article\" \/>\n<meta property=\"og:title\" content=\"Tekij\u00e4noikeus omaan ty\u00f6h\u00f6n - Upphovsr\u00e4ttsskolan\" \/>\n<meta property=\"og:url\" content=\"https:\/\/upphovsrattsskolan.se\/fi\/toinenaste\/ammatillinen\/tekijanoikeus-omaan-tyohon\/\" \/>\n<meta property=\"og:site_name\" content=\"Upphovsr\u00e4ttsskolan\" \/>\n<meta property=\"article:modified_time\" content=\"2017-02-14T11:44:40+00:00\" \/>\n<meta property=\"og:image\" content=\"https:\/\/upphovsrattsskolan.se\/wp-content\/uploads\/2019\/03\/upphovsrattsskolan-fb.png\" \/>\n\t<meta property=\"og:image:width\" content=\"1200\" \/>\n\t<meta property=\"og:image:height\" content=\"630\" \/>\n\t<meta property=\"og:image:type\" content=\"image\/png\" \/>\n<meta name=\"twitter:card\" content=\"summary_large_image\" \/>\n<script type=\"application\/ld+json\" class=\"yoast-schema-graph\">{\"@context\":\"https:\\\/\\\/schema.org\",\"@graph\":[{\"@type\":\"WebPage\",\"@id\":\"https:\\\/\\\/upphovsrattsskolan.se\\\/fi\\\/toinenaste\\\/ammatillinen\\\/tekijanoikeus-omaan-tyohon\\\/\",\"url\":\"https:\\\/\\\/upphovsrattsskolan.se\\\/fi\\\/toinenaste\\\/ammatillinen\\\/tekijanoikeus-omaan-tyohon\\\/\",\"name\":\"Tekij\u00e4noikeus omaan ty\u00f6h\u00f6n - Upphovsr\u00e4ttsskolan\",\"isPartOf\":{\"@id\":\"https:\\\/\\\/upphovsrattsskolan.se\\\/#website\"},\"datePublished\":\"2017-01-24T10:14:21+00:00\",\"dateModified\":\"2017-02-14T11:44:40+00:00\",\"breadcrumb\":{\"@id\":\"https:\\\/\\\/upphovsrattsskolan.se\\\/fi\\\/toinenaste\\\/ammatillinen\\\/tekijanoikeus-omaan-tyohon\\\/#breadcrumb\"},\"inLanguage\":\"fi\",\"potentialAction\":[{\"@type\":\"ReadAction\",\"target\":[\"https:\\\/\\\/upphovsrattsskolan.se\\\/fi\\\/toinenaste\\\/ammatillinen\\\/tekijanoikeus-omaan-tyohon\\\/\"]}]},{\"@type\":\"BreadcrumbList\",\"@id\":\"https:\\\/\\\/upphovsrattsskolan.se\\\/fi\\\/toinenaste\\\/ammatillinen\\\/tekijanoikeus-omaan-tyohon\\\/#breadcrumb\",\"itemListElement\":[{\"@type\":\"ListItem\",\"position\":1,\"name\":\"Etusivu\",\"item\":\"https:\\\/\\\/upphovsrattsskolan.se\\\/fi\\\/\"},{\"@type\":\"ListItem\",\"position\":2,\"name\":\"Toinen aste\",\"item\":\"https:\\\/\\\/upphovsrattsskolan.se\\\/fi\\\/toinenaste\\\/\"},{\"@type\":\"ListItem\",\"position\":3,\"name\":\"Ammatillinen\",\"item\":\"https:\\\/\\\/upphovsrattsskolan.se\\\/fi\\\/toinenaste\\\/ammatillinen\\\/\"},{\"@type\":\"ListItem\",\"position\":4,\"name\":\"Tekij\u00e4noikeus omaan ty\u00f6h\u00f6n\"}]},{\"@type\":\"WebSite\",\"@id\":\"https:\\\/\\\/upphovsrattsskolan.se\\\/#website\",\"url\":\"https:\\\/\\\/upphovsrattsskolan.se\\\/\",\"name\":\"Upphovsr\u00e4ttsskolan\",\"description\":\"\",\"potentialAction\":[{\"@type\":\"SearchAction\",\"target\":{\"@type\":\"EntryPoint\",\"urlTemplate\":\"https:\\\/\\\/upphovsrattsskolan.se\\\/?s={search_term_string}\"},\"query-input\":{\"@type\":\"PropertyValueSpecification\",\"valueRequired\":true,\"valueName\":\"search_term_string\"}}],\"inLanguage\":\"fi\"}]}<\/script>\n<!-- \/ Yoast SEO plugin. -->","yoast_head_json":{"title":"Tekij\u00e4noikeus omaan ty\u00f6h\u00f6n - Upphovsr\u00e4ttsskolan","robots":{"index":"index","follow":"follow","max-snippet":"max-snippet:-1","max-image-preview":"max-image-preview:large","max-video-preview":"max-video-preview:-1"},"canonical":"https:\/\/upphovsrattsskolan.se\/fi\/toinenaste\/ammatillinen\/tekijanoikeus-omaan-tyohon\/","og_locale":"fi_FI","og_type":"article","og_title":"Tekij\u00e4noikeus omaan ty\u00f6h\u00f6n - Upphovsr\u00e4ttsskolan","og_url":"https:\/\/upphovsrattsskolan.se\/fi\/toinenaste\/ammatillinen\/tekijanoikeus-omaan-tyohon\/","og_site_name":"Upphovsr\u00e4ttsskolan","article_modified_time":"2017-02-14T11:44:40+00:00","og_image":[{"width":1200,"height":630,"url":"https:\/\/upphovsrattsskolan.se\/wp-content\/uploads\/2019\/03\/upphovsrattsskolan-fb.png","type":"image\/png"}],"twitter_card":"summary_large_image","schema":{"@context":"https:\/\/schema.org","@graph":[{"@type":"WebPage","@id":"https:\/\/upphovsrattsskolan.se\/fi\/toinenaste\/ammatillinen\/tekijanoikeus-omaan-tyohon\/","url":"https:\/\/upphovsrattsskolan.se\/fi\/toinenaste\/ammatillinen\/tekijanoikeus-omaan-tyohon\/","name":"Tekij\u00e4noikeus omaan ty\u00f6h\u00f6n - Upphovsr\u00e4ttsskolan","isPartOf":{"@id":"https:\/\/upphovsrattsskolan.se\/#website"},"datePublished":"2017-01-24T10:14:21+00:00","dateModified":"2017-02-14T11:44:40+00:00","breadcrumb":{"@id":"https:\/\/upphovsrattsskolan.se\/fi\/toinenaste\/ammatillinen\/tekijanoikeus-omaan-tyohon\/#breadcrumb"},"inLanguage":"fi","potentialAction":[{"@type":"ReadAction","target":["https:\/\/upphovsrattsskolan.se\/fi\/toinenaste\/ammatillinen\/tekijanoikeus-omaan-tyohon\/"]}]},{"@type":"BreadcrumbList","@id":"https:\/\/upphovsrattsskolan.se\/fi\/toinenaste\/ammatillinen\/tekijanoikeus-omaan-tyohon\/#breadcrumb","itemListElement":[{"@type":"ListItem","position":1,"name":"Etusivu","item":"https:\/\/upphovsrattsskolan.se\/fi\/"},{"@type":"ListItem","position":2,"name":"Toinen aste","item":"https:\/\/upphovsrattsskolan.se\/fi\/toinenaste\/"},{"@type":"ListItem","position":3,"name":"Ammatillinen","item":"https:\/\/upphovsrattsskolan.se\/fi\/toinenaste\/ammatillinen\/"},{"@type":"ListItem","position":4,"name":"Tekij\u00e4noikeus omaan ty\u00f6h\u00f6n"}]},{"@type":"WebSite","@id":"https:\/\/upphovsrattsskolan.se\/#website","url":"https:\/\/upphovsrattsskolan.se\/","name":"Upphovsr\u00e4ttsskolan","description":"","potentialAction":[{"@type":"SearchAction","target":{"@type":"EntryPoint","urlTemplate":"https:\/\/upphovsrattsskolan.se\/?s={search_term_string}"},"query-input":{"@type":"PropertyValueSpecification","valueRequired":true,"valueName":"search_term_string"}}],"inLanguage":"fi"}]}},"_links":{"self":[{"href":"https:\/\/upphovsrattsskolan.se\/fi\/wp-json\/wp\/v2\/pages\/1961","targetHints":{"allow":["GET"]}}],"collection":[{"href":"https:\/\/upphovsrattsskolan.se\/fi\/wp-json\/wp\/v2\/pages"}],"about":[{"href":"https:\/\/upphovsrattsskolan.se\/fi\/wp-json\/wp\/v2\/types\/page"}],"author":[{"embeddable":true,"href":"https:\/\/upphovsrattsskolan.se\/fi\/wp-json\/wp\/v2\/users\/4"}],"replies":[{"embeddable":true,"href":"https:\/\/upphovsrattsskolan.se\/fi\/wp-json\/wp\/v2\/comments?post=1961"}],"version-history":[{"count":0,"href":"https:\/\/upphovsrattsskolan.se\/fi\/wp-json\/wp\/v2\/pages\/1961\/revisions"}],"up":[{"embeddable":true,"href":"https:\/\/upphovsrattsskolan.se\/fi\/wp-json\/wp\/v2\/pages\/860"}],"wp:attachment":[{"href":"https:\/\/upphovsrattsskolan.se\/fi\/wp-json\/wp\/v2\/media?parent=1961"}],"curies":[{"name":"wp","href":"https:\/\/api.w.org\/{rel}","templated":true}]}}