{"id":1905,"date":"2017-01-18T13:03:47","date_gmt":"2017-01-18T13:03:47","guid":{"rendered":"http:\/\/kopiraittila.wpengine.com\/?page_id=1905\/"},"modified":"2017-02-15T10:12:37","modified_gmt":"2017-02-15T10:12:37","slug":"tekstin-lainaaminen-lahteesta","status":"publish","type":"page","link":"https:\/\/upphovsrattsskolan.se\/fi\/toinenaste\/lukio\/tekstin-lainaaminen-lahteesta\/","title":{"rendered":"Tekstin lainaaminen l\u00e4hteest\u00e4"},"content":{"rendered":"","protected":false},"excerpt":{"rendered":"","protected":false},"author":6,"featured_media":0,"parent":779,"menu_order":0,"comment_status":"closed","ping_status":"closed","template":"page-muistilista.php","meta":{"_acf_changed":false,"_exactmetrics_skip_tracking":false,"_exactmetrics_sitenote_active":false,"_exactmetrics_sitenote_note":"","_exactmetrics_sitenote_category":0,"footnotes":""},"class_list":["post-1905","page","type-page","status-publish","hentry"],"acf":{"tulostus":false,"hahmon_valinta":"C ja kirjapino","muistilista_moduulit":[{"acf_fc_layout":"h1_otsikko_keskitetty_punainen","otsikon_teksti":"Tekstin lainaaminen l\u00e4hteest\u00e4"},{"acf_fc_layout":"lista","listan_aloitusnumero":"1","listan_sisalto":[{"acf_fc_layout":"rivi","rivin_sisalto":"<p><strong>Teksti\u00e4 voi k\u00e4ytt\u00e4\u00e4 lainaamalla sit\u00e4<\/strong><\/p>\n<p>ep\u00e4suorasti eli referoimalla teksti\u00e4 tai<\/p>\n<p>suoraan eli siteeraamalla teksti\u00e4.<\/p>\n<p>Referoitaessa l\u00e4hdetekstin sis\u00e4lt\u00f6 s\u00e4ilyy samana kuin alkuper\u00e4istekstiss\u00e4: sen viesti\u00e4 ei saa v\u00e4\u00e4rist\u00e4\u00e4 tai s\u00e4vy\u00e4 muuttaa.<\/p>\n"}]},{"acf_fc_layout":"lista","listan_aloitusnumero":"2","listan_sisalto":[{"acf_fc_layout":"rivi","rivin_sisalto":"<p><strong>Referointi eli ep\u00e4suora lainaus<\/strong><\/p>\n<p>Referoiminen on asian tai sis\u00e4lt\u00f6jen ilmaisemista omin sanoin. Referoitaessa on t\u00e4rke\u00e4\u00e4 ymm\u00e4rt\u00e4\u00e4 kunnolla, mist\u00e4 tekstiss\u00e4 on kyse eli l\u00f6yt\u00e4\u00e4 tekstin p\u00e4\u00e4v\u00e4itt\u00e4m\u00e4 ja sit\u00e4 tukevat argumentit.<\/p>\n<p><em>M\u00e4kinen sanoo, ett\u00e4 plagiointi on laitonta.<\/em><\/p>\n<p><em>M\u00e4kisen mukaan plagiointi on laitonta.<\/em><\/p>\n<p>Referoitaessa alkuper\u00e4ist\u00e4 teksti\u00e4 ei saa arvottaa. Arvottavia verbej\u00e4 ovat esimerkiksi <em>v\u00e4itt\u00e4\u00e4<\/em> ja <em>luulee<\/em>. Joskus on tarpeen osoittaa oma suhtautuminen tekstin asiaan tai sis\u00e4lt\u00f6ihin. Tekstin sis\u00e4lt\u00f6\u00e4 voidaan t\u00e4ll\u00f6in kommentoida, jolloin puhutaankin kommentoivasta referoinnista.<\/p>\n<p><em>M\u00e4kinen luulee <\/em>[mutta ei tied\u00e4 varmasti]<em>, ett\u00e4 plagiointi on laitonta.<\/em><\/p>\n"}]},{"acf_fc_layout":"lista","listan_aloitusnumero":"3","listan_sisalto":[{"acf_fc_layout":"rivi","rivin_sisalto":"<p><strong>Siteeraaminen eli suora lainaus<\/strong><\/p>\n<p>Suora lainaaminen tarkoittaa alkuper\u00e4isen tekstin kirjoittamista sanatarkasti. Suora lainaus merkit\u00e4\u00e4n lainausmerkkien sis\u00e4lle, joskus my\u00f6s kursivoimalla lainattu teksti. Suora lainaus on lyhyt ja sit\u00e4 kannattaa k\u00e4ytt\u00e4\u00e4 vain, jos se on tarpeen alkuper\u00e4isen tekstin ymm\u00e4rt\u00e4misen kannalta.<\/p>\n<p><em>M\u00e4kinen sanoo: \u201cPlagiointi on laitonta.\u201d<\/em><\/p>\n<p><em>\u201cPlagiointi on laitonta\u201d, M\u00e4kinen sanoo.<\/em><\/p>\n"}]},{"acf_fc_layout":"lista","listan_aloitusnumero":"4","listan_sisalto":[{"acf_fc_layout":"rivi","rivin_sisalto":"<p><strong>Plagiointi<\/strong><\/p>\n<p>Jos lainaat toisen teksti\u00e4 l\u00e4hdett\u00e4 ilmoittamatta tai v\u00e4it\u00e4t toisen teksti\u00e4 omaksesi, on kysymys luvattomasta lainaamisesta eli plagioinnista.<\/p>\n"}]},{"acf_fc_layout":"h2_otsikko_keskitetty_punainen","otsikon_teksti":"Muista merkit\u00e4 tekij\u00e4n nimi ja l\u00e4hde."}],"lataa_pdf":true,"pdf_tiedosto":"https:\/\/upphovsrattsskolan.se\/wp-content\/uploads\/2017\/02\/Tekstin_lainaaminen_lahteesta.pdf","valikko_pois":true},"yoast_head":"<!-- This site is optimized with the Yoast SEO plugin v27.4 - https:\/\/yoast.com\/product\/yoast-seo-wordpress\/ -->\n<title>Tekstin lainaaminen l\u00e4hteest\u00e4 - Upphovsr\u00e4ttsskolan<\/title>\n<meta name=\"robots\" content=\"index, follow, max-snippet:-1, max-image-preview:large, max-video-preview:-1\" \/>\n<link rel=\"canonical\" href=\"https:\/\/upphovsrattsskolan.se\/fi\/toinenaste\/lukio\/tekstin-lainaaminen-lahteesta\/\" \/>\n<meta property=\"og:locale\" content=\"fi_FI\" \/>\n<meta property=\"og:type\" content=\"article\" \/>\n<meta property=\"og:title\" content=\"Tekstin lainaaminen l\u00e4hteest\u00e4 - Upphovsr\u00e4ttsskolan\" \/>\n<meta property=\"og:url\" content=\"https:\/\/upphovsrattsskolan.se\/fi\/toinenaste\/lukio\/tekstin-lainaaminen-lahteesta\/\" \/>\n<meta property=\"og:site_name\" content=\"Upphovsr\u00e4ttsskolan\" \/>\n<meta property=\"article:modified_time\" content=\"2017-02-15T10:12:37+00:00\" \/>\n<meta property=\"og:image\" content=\"https:\/\/upphovsrattsskolan.se\/wp-content\/uploads\/2019\/03\/upphovsrattsskolan-fb.png\" \/>\n\t<meta property=\"og:image:width\" content=\"1200\" \/>\n\t<meta property=\"og:image:height\" content=\"630\" \/>\n\t<meta property=\"og:image:type\" content=\"image\/png\" \/>\n<meta name=\"twitter:card\" content=\"summary_large_image\" \/>\n<script type=\"application\/ld+json\" class=\"yoast-schema-graph\">{\"@context\":\"https:\\\/\\\/schema.org\",\"@graph\":[{\"@type\":\"WebPage\",\"@id\":\"https:\\\/\\\/upphovsrattsskolan.se\\\/fi\\\/toinenaste\\\/lukio\\\/tekstin-lainaaminen-lahteesta\\\/\",\"url\":\"https:\\\/\\\/upphovsrattsskolan.se\\\/fi\\\/toinenaste\\\/lukio\\\/tekstin-lainaaminen-lahteesta\\\/\",\"name\":\"Tekstin lainaaminen l\u00e4hteest\u00e4 - Upphovsr\u00e4ttsskolan\",\"isPartOf\":{\"@id\":\"https:\\\/\\\/upphovsrattsskolan.se\\\/#website\"},\"datePublished\":\"2017-01-18T13:03:47+00:00\",\"dateModified\":\"2017-02-15T10:12:37+00:00\",\"breadcrumb\":{\"@id\":\"https:\\\/\\\/upphovsrattsskolan.se\\\/fi\\\/toinenaste\\\/lukio\\\/tekstin-lainaaminen-lahteesta\\\/#breadcrumb\"},\"inLanguage\":\"fi\",\"potentialAction\":[{\"@type\":\"ReadAction\",\"target\":[\"https:\\\/\\\/upphovsrattsskolan.se\\\/fi\\\/toinenaste\\\/lukio\\\/tekstin-lainaaminen-lahteesta\\\/\"]}]},{\"@type\":\"BreadcrumbList\",\"@id\":\"https:\\\/\\\/upphovsrattsskolan.se\\\/fi\\\/toinenaste\\\/lukio\\\/tekstin-lainaaminen-lahteesta\\\/#breadcrumb\",\"itemListElement\":[{\"@type\":\"ListItem\",\"position\":1,\"name\":\"Etusivu\",\"item\":\"https:\\\/\\\/upphovsrattsskolan.se\\\/fi\\\/\"},{\"@type\":\"ListItem\",\"position\":2,\"name\":\"Toinen aste\",\"item\":\"https:\\\/\\\/upphovsrattsskolan.se\\\/fi\\\/toinenaste\\\/\"},{\"@type\":\"ListItem\",\"position\":3,\"name\":\"Lukio\",\"item\":\"https:\\\/\\\/upphovsrattsskolan.se\\\/fi\\\/toinenaste\\\/lukio\\\/\"},{\"@type\":\"ListItem\",\"position\":4,\"name\":\"Tekstin lainaaminen l\u00e4hteest\u00e4\"}]},{\"@type\":\"WebSite\",\"@id\":\"https:\\\/\\\/upphovsrattsskolan.se\\\/#website\",\"url\":\"https:\\\/\\\/upphovsrattsskolan.se\\\/\",\"name\":\"Upphovsr\u00e4ttsskolan\",\"description\":\"\",\"potentialAction\":[{\"@type\":\"SearchAction\",\"target\":{\"@type\":\"EntryPoint\",\"urlTemplate\":\"https:\\\/\\\/upphovsrattsskolan.se\\\/?s={search_term_string}\"},\"query-input\":{\"@type\":\"PropertyValueSpecification\",\"valueRequired\":true,\"valueName\":\"search_term_string\"}}],\"inLanguage\":\"fi\"}]}<\/script>\n<!-- \/ Yoast SEO plugin. -->","yoast_head_json":{"title":"Tekstin lainaaminen l\u00e4hteest\u00e4 - Upphovsr\u00e4ttsskolan","robots":{"index":"index","follow":"follow","max-snippet":"max-snippet:-1","max-image-preview":"max-image-preview:large","max-video-preview":"max-video-preview:-1"},"canonical":"https:\/\/upphovsrattsskolan.se\/fi\/toinenaste\/lukio\/tekstin-lainaaminen-lahteesta\/","og_locale":"fi_FI","og_type":"article","og_title":"Tekstin lainaaminen l\u00e4hteest\u00e4 - Upphovsr\u00e4ttsskolan","og_url":"https:\/\/upphovsrattsskolan.se\/fi\/toinenaste\/lukio\/tekstin-lainaaminen-lahteesta\/","og_site_name":"Upphovsr\u00e4ttsskolan","article_modified_time":"2017-02-15T10:12:37+00:00","og_image":[{"width":1200,"height":630,"url":"https:\/\/upphovsrattsskolan.se\/wp-content\/uploads\/2019\/03\/upphovsrattsskolan-fb.png","type":"image\/png"}],"twitter_card":"summary_large_image","schema":{"@context":"https:\/\/schema.org","@graph":[{"@type":"WebPage","@id":"https:\/\/upphovsrattsskolan.se\/fi\/toinenaste\/lukio\/tekstin-lainaaminen-lahteesta\/","url":"https:\/\/upphovsrattsskolan.se\/fi\/toinenaste\/lukio\/tekstin-lainaaminen-lahteesta\/","name":"Tekstin lainaaminen l\u00e4hteest\u00e4 - Upphovsr\u00e4ttsskolan","isPartOf":{"@id":"https:\/\/upphovsrattsskolan.se\/#website"},"datePublished":"2017-01-18T13:03:47+00:00","dateModified":"2017-02-15T10:12:37+00:00","breadcrumb":{"@id":"https:\/\/upphovsrattsskolan.se\/fi\/toinenaste\/lukio\/tekstin-lainaaminen-lahteesta\/#breadcrumb"},"inLanguage":"fi","potentialAction":[{"@type":"ReadAction","target":["https:\/\/upphovsrattsskolan.se\/fi\/toinenaste\/lukio\/tekstin-lainaaminen-lahteesta\/"]}]},{"@type":"BreadcrumbList","@id":"https:\/\/upphovsrattsskolan.se\/fi\/toinenaste\/lukio\/tekstin-lainaaminen-lahteesta\/#breadcrumb","itemListElement":[{"@type":"ListItem","position":1,"name":"Etusivu","item":"https:\/\/upphovsrattsskolan.se\/fi\/"},{"@type":"ListItem","position":2,"name":"Toinen aste","item":"https:\/\/upphovsrattsskolan.se\/fi\/toinenaste\/"},{"@type":"ListItem","position":3,"name":"Lukio","item":"https:\/\/upphovsrattsskolan.se\/fi\/toinenaste\/lukio\/"},{"@type":"ListItem","position":4,"name":"Tekstin lainaaminen l\u00e4hteest\u00e4"}]},{"@type":"WebSite","@id":"https:\/\/upphovsrattsskolan.se\/#website","url":"https:\/\/upphovsrattsskolan.se\/","name":"Upphovsr\u00e4ttsskolan","description":"","potentialAction":[{"@type":"SearchAction","target":{"@type":"EntryPoint","urlTemplate":"https:\/\/upphovsrattsskolan.se\/?s={search_term_string}"},"query-input":{"@type":"PropertyValueSpecification","valueRequired":true,"valueName":"search_term_string"}}],"inLanguage":"fi"}]}},"_links":{"self":[{"href":"https:\/\/upphovsrattsskolan.se\/fi\/wp-json\/wp\/v2\/pages\/1905","targetHints":{"allow":["GET"]}}],"collection":[{"href":"https:\/\/upphovsrattsskolan.se\/fi\/wp-json\/wp\/v2\/pages"}],"about":[{"href":"https:\/\/upphovsrattsskolan.se\/fi\/wp-json\/wp\/v2\/types\/page"}],"author":[{"embeddable":true,"href":"https:\/\/upphovsrattsskolan.se\/fi\/wp-json\/wp\/v2\/users\/6"}],"replies":[{"embeddable":true,"href":"https:\/\/upphovsrattsskolan.se\/fi\/wp-json\/wp\/v2\/comments?post=1905"}],"version-history":[{"count":0,"href":"https:\/\/upphovsrattsskolan.se\/fi\/wp-json\/wp\/v2\/pages\/1905\/revisions"}],"up":[{"embeddable":true,"href":"https:\/\/upphovsrattsskolan.se\/fi\/wp-json\/wp\/v2\/pages\/779"}],"wp:attachment":[{"href":"https:\/\/upphovsrattsskolan.se\/fi\/wp-json\/wp\/v2\/media?parent=1905"}],"curies":[{"name":"wp","href":"https:\/\/api.w.org\/{rel}","templated":true}]}}