{"id":1884,"date":"2017-01-16T09:11:11","date_gmt":"2017-01-16T09:11:11","guid":{"rendered":"http:\/\/kopiraittila.wpengine.com\/?page_id=1884\/"},"modified":"2017-01-29T19:00:20","modified_gmt":"2017-01-29T19:00:20","slug":"kriittinen-lukutaito","status":"publish","type":"page","link":"https:\/\/upphovsrattsskolan.se\/fi\/toinenaste\/kriittinen-lukutaito\/","title":{"rendered":"Kriittinen lukutaito"},"content":{"rendered":"","protected":false},"excerpt":{"rendered":"","protected":false},"author":6,"featured_media":0,"parent":777,"menu_order":0,"comment_status":"closed","ping_status":"closed","template":"page-muistilista.php","meta":{"_acf_changed":false,"_exactmetrics_skip_tracking":false,"_exactmetrics_sitenote_active":false,"_exactmetrics_sitenote_note":"","_exactmetrics_sitenote_category":0,"footnotes":""},"class_list":["post-1884","page","type-page","status-publish","hentry"],"acf":{"tulostus":false,"hahmon_valinta":"C ja muistivihko","muistilista_moduulit":[{"acf_fc_layout":"h2_otsikko_keskitetty_punainen","otsikon_teksti":"Kriittinen lukutaito"},{"acf_fc_layout":"lista","listan_aloitusnumero":"1","listan_sisalto":[{"acf_fc_layout":"rivi","rivin_sisalto":"<p><strong>SILM\u00c4ILEV\u00c4 LUKEMINEN<\/strong><\/p>\n<p>Kun l\u00f6yd\u00e4t sopivan l\u00e4hteen \u2013 kirjan, artikkelin tai internetsivuston \u2013, <strong>silm\u00e4ile<\/strong> se ensin l\u00e4pi: Mit\u00e4 nimi tai p\u00e4\u00e4otsikko kertoo asiasta? Ent\u00e4 miten alaluvut tai kappaleet on otsikoitu? Tutustu tiivistelm\u00e4\u00e4n, jos se sis\u00e4ltyy tekstiin. Hanki tietoa kirjoittajasta ja h\u00e4nen suhteestaan asiaan (alan asiantuntija, harrastaja, maallikko, toimittaja jne.). Onko tekstin lomassa kuvioita tai mallinnuksia, jotka avaavat aihetta. Silm\u00e4ile my\u00f6s l\u00e4hdeluettelo l\u00e4pi: Onko kirjoittaja laatinut teksti\u00e4 jo ennemmin samasta aiheesta? Perustuuko teksti vain muutamaan l\u00e4hteeseen, vai onko kirjoittaja k\u00e4ytt\u00e4nyt teksti\u00e4 laatiessaan useita l\u00e4hteit\u00e4?<\/p>\n"}]},{"acf_fc_layout":"lista","listan_aloitusnumero":"2","listan_sisalto":[{"acf_fc_layout":"rivi","rivin_sisalto":"<p><strong>SYVENT\u00c4V\u00c4 LUKEMINEN<\/strong><\/p>\n<p>Jos l\u00e4hde vaikuttaa hy\u00f6dylliselt\u00e4, <strong>syvenny<\/strong> sen lukemiseen hankkiaksesi ymm\u00e4rryst\u00e4 aiheesta. Poimi keskeiset k\u00e4sitteet ja rakenna niist\u00e4 k\u00e4sitekartta miettim\u00e4ll\u00e4 k\u00e4sitteiden suhteita toisiinsa. Tarkista keskeisten k\u00e4sitteiden m\u00e4\u00e4ritelm\u00e4t. Esitt\u00e4\u00e4k\u00f6 kirjoittaja k\u00e4sittelemist\u00e4\u00e4n asioista v\u00e4itteit\u00e4? Jos v\u00e4itteit\u00e4 esiintyy, tarkista l\u00e4hteest\u00e4 niiden perustelut ja merkitse ne muistiin esimerkiksi puolesta\u2013vastaan-tekniikalla.<\/p>\n"}]},{"acf_fc_layout":"lista","listan_aloitusnumero":"3","listan_sisalto":[{"acf_fc_layout":"rivi","rivin_sisalto":"<p><strong>KRIITTINEN LUKEMINEN<\/strong><\/p>\n<p>Tarkastele teksti\u00e4 my\u00f6s <strong>kriittisen lukijan<\/strong> silmin etenkin, jos tied\u00e4t aiheesi her\u00e4tt\u00e4v\u00e4n paljon keskustelua tai siihen liittyy mielipiteit\u00e4 ja monenlaisia kannanottoja. Tarkista, kenelle l\u00e4hdeteksti on suunnattu ja miss\u00e4 se on julkaistu. N\u00e4in p\u00e4\u00e4set tekstin taustatietoihin k\u00e4siksi ja osaat suhteuttaa tekstiin valikoituja sis\u00e4lt\u00f6j\u00e4 ja v\u00e4itteit\u00e4 taustoihin. Kriittisen lukijan kysymyksi\u00e4 ovat esimerkiksi<\/p>\n<p>&#8211; Mik\u00e4 on tekstin ydinsanoma? Ent\u00e4 sen tekij\u00e4 ja oletettu kohderyhm\u00e4? Onko tekstin p\u00e4\u00e4asiallisena tavoitteena viihdytt\u00e4\u00e4, tiedottaa, vaikuttaa, myyd\u00e4 vai ohjeistaa? Millaiset tekstin piireet (keinot) tukevat p\u00e4\u00e4tavoitetta? Miss\u00e4 teksti on ilmestynyt? Millainen julkaisu on kyseess\u00e4 (asiasis\u00e4lt\u00f6j\u00e4 esittelev\u00e4, viihdytt\u00e4v\u00e4, kaupallinen jne.)?<\/p>\n<p>&#8211; Pyri erottamaan tieto mielipiteest\u00e4 sek\u00e4 fakta fiktiosta. Monesti n\u00e4it\u00e4 on sekoitettu tarkoituksella toisiinsa, joten lue tarkkaan, MITEN asiasta kerrotaan. Kiinnit\u00e4 huomiota erityisesti sananvalintoihin, n\u00e4k\u00f6kulmaan, otsikointeihin ja kuvien k\u00e4ytt\u00f6\u00f6n.<\/p>\n<p>&#8211; Mit\u00e4 tekstiss\u00e4 kerrotaan ja mit\u00e4 j\u00e4tet\u00e4\u00e4n kertomatta? Millainen tieto puuttuu, ja miksi se on j\u00e4tetty pois? Mist\u00e4 l\u00f6yd\u00e4t t\u00e4ydennyst\u00e4 tietoihin?<\/p>\n"}]}],"valikko_pois":true},"yoast_head":"<!-- This site is optimized with the Yoast SEO plugin v26.9 - https:\/\/yoast.com\/product\/yoast-seo-wordpress\/ -->\n<title>Kriittinen lukutaito - Upphovsr\u00e4ttsskolan<\/title>\n<meta name=\"robots\" content=\"index, follow, max-snippet:-1, max-image-preview:large, max-video-preview:-1\" \/>\n<link rel=\"canonical\" href=\"https:\/\/upphovsrattsskolan.se\/andra-stadiet\/kritisk-lasning\/\" \/>\n<meta property=\"og:locale\" content=\"fi_FI\" \/>\n<meta property=\"og:type\" content=\"article\" \/>\n<meta property=\"og:title\" content=\"Kriittinen lukutaito - Upphovsr\u00e4ttsskolan\" \/>\n<meta property=\"og:url\" content=\"https:\/\/upphovsrattsskolan.se\/andra-stadiet\/kritisk-lasning\/\" \/>\n<meta property=\"og:site_name\" content=\"Upphovsr\u00e4ttsskolan\" \/>\n<meta property=\"article:modified_time\" content=\"2017-01-29T19:00:20+00:00\" \/>\n<meta property=\"og:image\" content=\"https:\/\/upphovsrattsskolan.se\/wp-content\/uploads\/2019\/03\/upphovsrattsskolan-fb.png\" \/>\n\t<meta property=\"og:image:width\" content=\"1200\" \/>\n\t<meta property=\"og:image:height\" content=\"630\" \/>\n\t<meta property=\"og:image:type\" content=\"image\/png\" \/>\n<meta name=\"twitter:card\" content=\"summary_large_image\" \/>\n<script type=\"application\/ld+json\" class=\"yoast-schema-graph\">{\"@context\":\"https:\/\/schema.org\",\"@graph\":[{\"@type\":\"WebPage\",\"@id\":\"https:\/\/upphovsrattsskolan.se\/andra-stadiet\/kritisk-lasning\/\",\"url\":\"https:\/\/upphovsrattsskolan.se\/andra-stadiet\/kritisk-lasning\/\",\"name\":\"Kriittinen lukutaito - Upphovsr\u00e4ttsskolan\",\"isPartOf\":{\"@id\":\"https:\/\/upphovsrattsskolan.se\/#website\"},\"datePublished\":\"2017-01-16T09:11:11+00:00\",\"dateModified\":\"2017-01-29T19:00:20+00:00\",\"breadcrumb\":{\"@id\":\"https:\/\/upphovsrattsskolan.se\/andra-stadiet\/kritisk-lasning\/#breadcrumb\"},\"inLanguage\":\"fi\",\"potentialAction\":[{\"@type\":\"ReadAction\",\"target\":[\"https:\/\/upphovsrattsskolan.se\/andra-stadiet\/kritisk-lasning\/\"]}]},{\"@type\":\"BreadcrumbList\",\"@id\":\"https:\/\/upphovsrattsskolan.se\/andra-stadiet\/kritisk-lasning\/#breadcrumb\",\"itemListElement\":[{\"@type\":\"ListItem\",\"position\":1,\"name\":\"Etusivu\",\"item\":\"https:\/\/upphovsrattsskolan.se\/fi\/\"},{\"@type\":\"ListItem\",\"position\":2,\"name\":\"Toinen aste\",\"item\":\"https:\/\/upphovsrattsskolan.se\/fi\/toinenaste\/\"},{\"@type\":\"ListItem\",\"position\":3,\"name\":\"Kriittinen lukutaito\"}]},{\"@type\":\"WebSite\",\"@id\":\"https:\/\/upphovsrattsskolan.se\/#website\",\"url\":\"https:\/\/upphovsrattsskolan.se\/\",\"name\":\"Upphovsr\u00e4ttsskolan\",\"description\":\"\",\"potentialAction\":[{\"@type\":\"SearchAction\",\"target\":{\"@type\":\"EntryPoint\",\"urlTemplate\":\"https:\/\/upphovsrattsskolan.se\/?s={search_term_string}\"},\"query-input\":{\"@type\":\"PropertyValueSpecification\",\"valueRequired\":true,\"valueName\":\"search_term_string\"}}],\"inLanguage\":\"fi\"}]}<\/script>\n<!-- \/ Yoast SEO plugin. -->","yoast_head_json":{"title":"Kriittinen lukutaito - Upphovsr\u00e4ttsskolan","robots":{"index":"index","follow":"follow","max-snippet":"max-snippet:-1","max-image-preview":"max-image-preview:large","max-video-preview":"max-video-preview:-1"},"canonical":"https:\/\/upphovsrattsskolan.se\/andra-stadiet\/kritisk-lasning\/","og_locale":"fi_FI","og_type":"article","og_title":"Kriittinen lukutaito - Upphovsr\u00e4ttsskolan","og_url":"https:\/\/upphovsrattsskolan.se\/andra-stadiet\/kritisk-lasning\/","og_site_name":"Upphovsr\u00e4ttsskolan","article_modified_time":"2017-01-29T19:00:20+00:00","og_image":[{"width":1200,"height":630,"url":"https:\/\/upphovsrattsskolan.se\/wp-content\/uploads\/2019\/03\/upphovsrattsskolan-fb.png","type":"image\/png"}],"twitter_card":"summary_large_image","schema":{"@context":"https:\/\/schema.org","@graph":[{"@type":"WebPage","@id":"https:\/\/upphovsrattsskolan.se\/andra-stadiet\/kritisk-lasning\/","url":"https:\/\/upphovsrattsskolan.se\/andra-stadiet\/kritisk-lasning\/","name":"Kriittinen lukutaito - Upphovsr\u00e4ttsskolan","isPartOf":{"@id":"https:\/\/upphovsrattsskolan.se\/#website"},"datePublished":"2017-01-16T09:11:11+00:00","dateModified":"2017-01-29T19:00:20+00:00","breadcrumb":{"@id":"https:\/\/upphovsrattsskolan.se\/andra-stadiet\/kritisk-lasning\/#breadcrumb"},"inLanguage":"fi","potentialAction":[{"@type":"ReadAction","target":["https:\/\/upphovsrattsskolan.se\/andra-stadiet\/kritisk-lasning\/"]}]},{"@type":"BreadcrumbList","@id":"https:\/\/upphovsrattsskolan.se\/andra-stadiet\/kritisk-lasning\/#breadcrumb","itemListElement":[{"@type":"ListItem","position":1,"name":"Etusivu","item":"https:\/\/upphovsrattsskolan.se\/fi\/"},{"@type":"ListItem","position":2,"name":"Toinen aste","item":"https:\/\/upphovsrattsskolan.se\/fi\/toinenaste\/"},{"@type":"ListItem","position":3,"name":"Kriittinen lukutaito"}]},{"@type":"WebSite","@id":"https:\/\/upphovsrattsskolan.se\/#website","url":"https:\/\/upphovsrattsskolan.se\/","name":"Upphovsr\u00e4ttsskolan","description":"","potentialAction":[{"@type":"SearchAction","target":{"@type":"EntryPoint","urlTemplate":"https:\/\/upphovsrattsskolan.se\/?s={search_term_string}"},"query-input":{"@type":"PropertyValueSpecification","valueRequired":true,"valueName":"search_term_string"}}],"inLanguage":"fi"}]}},"_links":{"self":[{"href":"https:\/\/upphovsrattsskolan.se\/fi\/wp-json\/wp\/v2\/pages\/1884","targetHints":{"allow":["GET"]}}],"collection":[{"href":"https:\/\/upphovsrattsskolan.se\/fi\/wp-json\/wp\/v2\/pages"}],"about":[{"href":"https:\/\/upphovsrattsskolan.se\/fi\/wp-json\/wp\/v2\/types\/page"}],"author":[{"embeddable":true,"href":"https:\/\/upphovsrattsskolan.se\/fi\/wp-json\/wp\/v2\/users\/6"}],"replies":[{"embeddable":true,"href":"https:\/\/upphovsrattsskolan.se\/fi\/wp-json\/wp\/v2\/comments?post=1884"}],"version-history":[{"count":0,"href":"https:\/\/upphovsrattsskolan.se\/fi\/wp-json\/wp\/v2\/pages\/1884\/revisions"}],"up":[{"embeddable":true,"href":"https:\/\/upphovsrattsskolan.se\/fi\/wp-json\/wp\/v2\/pages\/777"}],"wp:attachment":[{"href":"https:\/\/upphovsrattsskolan.se\/fi\/wp-json\/wp\/v2\/media?parent=1884"}],"curies":[{"name":"wp","href":"https:\/\/api.w.org\/{rel}","templated":true}]}}