{"id":1840,"date":"2017-01-09T08:59:22","date_gmt":"2017-01-09T08:59:22","guid":{"rendered":"http:\/\/kopiraittila.wpengine.com\/?page_id=1840\/"},"modified":"2017-01-31T12:33:38","modified_gmt":"2017-01-31T12:33:38","slug":"kayttoehdot","status":"publish","type":"page","link":"https:\/\/upphovsrattsskolan.se\/fi\/toinenaste\/kayttoehdot\/","title":{"rendered":"K\u00e4ytt\u00f6ehdot"},"content":{"rendered":"<h2>Yleist\u00e4<\/h2>\n<p>Kopiraittilan koulu on Kopiosto ry:n yll\u00e4pit\u00e4m\u00e4 palvelu, joka on k\u00e4ytett\u00e4viss\u00e4 osana Kopioston ja opetus- ja kulttuuriministeri\u00f6n yll\u00e4pit\u00e4m\u00e4\u00e4 Kopiraitti.fi \u2013palvelua. Verkkopalvelun k\u00e4ytt\u00e4j\u00e4n tulee palvelua k\u00e4ytt\u00e4ess\u00e4\u00e4n noudattaa n\u00e4it\u00e4 k\u00e4ytt\u00f6ehtoja sek\u00e4 tekij\u00e4noikeuslakia.<\/p>\n<p>Palveluntuottajalla tarkoitetaan j\u00e4ljemp\u00e4n\u00e4 Kopiosto ry:t\u00e4.<\/p>\n<p>Palvelulla tarkoitetaan j\u00e4ljemp\u00e4n\u00e4 Kopiraittilan koulua ja sen sis\u00e4lt\u00e4m\u00e4\u00e4 kokonaisuutta sek\u00e4 yksitt\u00e4isi\u00e4 aineistoja, jotka sijaitsevat kopiraittila.wpengine.com \u2013verkkosivustolla tai ovat osa Kopiraittilan koulu \u2013palvelua.<\/p>\n<h2>Palvelun k\u00e4ytt\u00f6 ja tekij\u00e4noikeudet<\/h2>\n<p>Palvelu sis\u00e4lt\u00f6 ja sen osat ovat tekij\u00e4noikeuden suojaamia. Palveluntuottajalla on tekij\u00e4noikeudet Palvelun sis\u00e4lt\u00f6\u00f6n ja sen osiin.<\/p>\n<p>Palvelu on tarkoitettu:<br \/>\n<b>ei-kaupalliseen opetusk\u00e4ytt\u00f6\u00f6n tai<\/b><br \/>\n<b>k\u00e4ytt\u00e4j\u00e4n henkil\u00f6kohtaiseen k\u00e4ytt\u00f6\u00f6n<\/b><\/p>\n<p>Aineistoa on lupa n\u00e4ytt\u00e4\u00e4 tai esitt\u00e4\u00e4 julkisesti tai muulla tavoin saattaa yleis\u00f6n saataviin vain opetustoiminnan yhteydess\u00e4. K\u00e4ytt\u00e4j\u00e4ll\u00e4 on lupa tulostaa aineistoa opetustoiminnan yhteydess\u00e4 tai\u00a0yksityist\u00e4 k\u00e4ytt\u00f6\u00e4 varten.\u00a0 Aineiston kopiointi ja k\u00e4ytt\u00f6 muuhun tarkoitukseen ja muissa kuin n\u00e4iden k\u00e4ytt\u00f6ehtojen sallimissa k\u00e4ytt\u00f6yhteyksiss\u00e4 sek\u00e4 aineiston luovuttaminen kolmannelle on sallittua vain Palveluntuottajan erillisell\u00e4 luvalla.<\/p>\n<p>Kopiraittilan koulu -palvelun tai sen yksitt\u00e4isen sivun liitt\u00e4miseksi osaksi jotain toista Internet-sivustoa tai tietokantojen tuottamiseksi on pyydett\u00e4v\u00e4 etuk\u00e4teen Kopiosto ry:n lupa.<\/p>\n<h2>K\u00e4ytt\u00e4j\u00e4n vastuu<\/h2>\n<p>K\u00e4ytt\u00e4j\u00e4 vastaa kaikesta n\u00e4iden ehtojen, lains\u00e4\u00e4d\u00e4nn\u00f6n, viranomaism\u00e4\u00e4r\u00e4ysten tai hyv\u00e4n tavan vastaisesta Palvelun k\u00e4yt\u00f6st\u00e4 Palveluntuottajalle tai kolmannelle osapuolelle aiheutuneesta vahingosta t\u00e4ysim\u00e4\u00e4r\u00e4isesti.<\/p>\n<h2>Palveluntuottajan vastuunrajoitus<\/h2>\n<p>Kopiraittilan koulu -verkkopalvelu tarjotaan sellaisena kuin se on eik\u00e4 Palvelulle tai sen toimivuudelle anneta mit\u00e4\u00e4n takuuta. Palveluntuottaja ei vastaa Palvelun mahdollisista toimintakatkoksista esimerkiksi huoltot\u00f6iden, teknisten vikojen tai muiden vastaavien syiden vuoksi eik\u00e4 tietoliikenneyhteyksien tai Internet-verkon mahdollisista toimintakatkoista. Palveluntuottaja ei vastaa vahingosta, joka voi johtua Palvelun toiminnasta tai siit\u00e4 ettei palvelu toimi.<\/p>\n<p>Palveluntuottaja ei vastaa k\u00e4ytt\u00e4j\u00e4lle tai kolmannelle osapuolelle Palvelun mahdollisesti sis\u00e4lt\u00e4mist\u00e4 virheist\u00e4 tai puutteellisuuksista tai sen sis\u00e4lt\u00e4mien tietojen k\u00e4yt\u00f6st\u00e4 tai tulkinnasta aiheutuvista v\u00e4litt\u00f6mist\u00e4 tai v\u00e4lillisist\u00e4 vahingoista.<\/p>\n<p>Palveluntuottaja ei my\u00f6sk\u00e4\u00e4n vastaa Palvelun soveltuvuudesta ja sopivuudesta mihink\u00e4\u00e4n tiettyyn tarkoitukseen.<\/p>\n<p>Palveluntuottaja ei vastaa sellaisten kolmansien tahojen tuottamien sivujen sis\u00e4ll\u00f6st\u00e4, aineistosta ja palveluista, joihin Palveluntuottajan sivuilta on linkkiyhteys.<\/p>\n<h2>Palvelun toimintojen muuttaminen tai palvelun lopettaminen<\/h2>\n<p>Palveluntuottajalla on oikeus muuttaa palvelun sis\u00e4lt\u00f6\u00e4, toimintaa ja n\u00e4it\u00e4 k\u00e4ytt\u00f6ehtoja, mik\u00e4li muutokset ovat tarpeen palvelun kehitt\u00e4miseksi tai muusta hyv\u00e4ksytt\u00e4v\u00e4st\u00e4 syyst\u00e4.\u00a0Palveluntuottajalla on my\u00f6s oikeus lopettaa palvelun tarjoaminen koska tahansa.<\/p>\n<h2>Riitojen ratkaiseminen<\/h2>\n<p>Palvelun k\u00e4ytt\u00f6\u00e4 koskevat riitaisuudet ratkaistaan Helsingin k\u00e4r\u00e4j\u00e4oikeudessa Suomen lains\u00e4\u00e4d\u00e4nn\u00f6n mukaan.<\/p>\n","protected":false},"excerpt":{"rendered":"<p>Yleist\u00e4 Kopiraittilan koulu on Kopiosto ry:n yll\u00e4pit\u00e4m\u00e4 palvelu, joka on k\u00e4ytett\u00e4viss\u00e4 osana Kopioston ja opetus- ja kulttuuriministeri\u00f6n yll\u00e4pit\u00e4m\u00e4\u00e4 Kopiraitti.fi \u2013palvelua. Verkkopalvelun k\u00e4ytt\u00e4j\u00e4n tulee palvelua k\u00e4ytt\u00e4ess\u00e4\u00e4n noudattaa n\u00e4it\u00e4 k\u00e4ytt\u00f6ehtoja sek\u00e4 tekij\u00e4noikeuslakia. Palveluntuottajalla tarkoitetaan j\u00e4ljemp\u00e4n\u00e4 Kopiosto ry:t\u00e4. Palvelulla tarkoitetaan j\u00e4ljemp\u00e4n\u00e4 Kopiraittilan koulua ja sen sis\u00e4lt\u00e4m\u00e4\u00e4 kokonaisuutta sek\u00e4 yksitt\u00e4isi\u00e4 aineistoja, jotka sijaitsevat kopiraittila.wpengine.com \u2013verkkosivustolla tai ovat osa Kopiraittilan [&hellip;]<\/p>\n","protected":false},"author":2,"featured_media":0,"parent":777,"menu_order":0,"comment_status":"closed","ping_status":"closed","template":"page-muistilista.php","meta":{"_acf_changed":false,"_exactmetrics_skip_tracking":false,"_exactmetrics_sitenote_active":false,"_exactmetrics_sitenote_note":"","_exactmetrics_sitenote_category":0,"footnotes":""},"class_list":["post-1840","page","type-page","status-publish","hentry"],"acf":{"hahmon_valinta":"C ja muistivihko","muistilista_moduulit":[{"acf_fc_layout":"sisaltokentta","sisalto":"<h2>Yleist\u00e4<\/h2>\n<p>Kopiraittilan koulu on Kopiosto ry:n yll\u00e4pit\u00e4m\u00e4 palvelu, joka on k\u00e4ytett\u00e4viss\u00e4 osana Kopioston ja opetus- ja kulttuuriministeri\u00f6n yll\u00e4pit\u00e4m\u00e4\u00e4 Kopiraitti.fi \u2013palvelua. Verkkopalvelun k\u00e4ytt\u00e4j\u00e4n tulee palvelua k\u00e4ytt\u00e4ess\u00e4\u00e4n noudattaa n\u00e4it\u00e4 k\u00e4ytt\u00f6ehtoja sek\u00e4 tekij\u00e4noikeuslakia.<\/p>\n<p>Palveluntuottajalla tarkoitetaan j\u00e4ljemp\u00e4n\u00e4 Kopiosto ry:t\u00e4.<\/p>\n<p>Palvelulla tarkoitetaan j\u00e4ljemp\u00e4n\u00e4 Kopiraittilan koulua ja sen sis\u00e4lt\u00e4m\u00e4\u00e4 kokonaisuutta sek\u00e4 yksitt\u00e4isi\u00e4 aineistoja, jotka sijaitsevat kopiraittila.wpengine.com \u2013verkkosivustolla tai ovat osa Kopiraittilan koulu \u2013palvelua.<\/p>\n<h2>Palvelun k\u00e4ytt\u00f6 ja tekij\u00e4noikeudet<\/h2>\n<p>Palvelu sis\u00e4lt\u00f6 ja sen osat ovat tekij\u00e4noikeuden suojaamia. Palveluntuottajalla on tekij\u00e4noikeudet Palvelun sis\u00e4lt\u00f6\u00f6n ja sen osiin.<\/p>\n<p>Palvelu on tarkoitettu:<br \/>\n<b>ei-kaupalliseen opetusk\u00e4ytt\u00f6\u00f6n tai<\/b><br \/>\n<b>k\u00e4ytt\u00e4j\u00e4n henkil\u00f6kohtaiseen k\u00e4ytt\u00f6\u00f6n<\/b><\/p>\n<p>Aineistoa on lupa n\u00e4ytt\u00e4\u00e4 tai esitt\u00e4\u00e4 julkisesti tai muulla tavoin saattaa yleis\u00f6n saataviin vain opetustoiminnan yhteydess\u00e4. K\u00e4ytt\u00e4j\u00e4ll\u00e4 on lupa tulostaa aineistoa opetustoiminnan yhteydess\u00e4 tai\u00a0yksityist\u00e4 k\u00e4ytt\u00f6\u00e4 varten.\u00a0 Aineiston kopiointi ja k\u00e4ytt\u00f6 muuhun tarkoitukseen ja muissa kuin n\u00e4iden k\u00e4ytt\u00f6ehtojen sallimissa k\u00e4ytt\u00f6yhteyksiss\u00e4 sek\u00e4 aineiston luovuttaminen kolmannelle on sallittua vain Palveluntuottajan erillisell\u00e4 luvalla.<\/p>\n<p>Kopiraittilan koulu -palvelun tai sen yksitt\u00e4isen sivun liitt\u00e4miseksi osaksi jotain toista Internet-sivustoa tai tietokantojen tuottamiseksi on pyydett\u00e4v\u00e4 etuk\u00e4teen Kopiosto ry:n lupa.<\/p>\n<h2>K\u00e4ytt\u00e4j\u00e4n vastuu<\/h2>\n<p>K\u00e4ytt\u00e4j\u00e4 vastaa kaikesta n\u00e4iden ehtojen, lains\u00e4\u00e4d\u00e4nn\u00f6n, viranomaism\u00e4\u00e4r\u00e4ysten tai hyv\u00e4n tavan vastaisesta Palvelun k\u00e4yt\u00f6st\u00e4 Palveluntuottajalle tai kolmannelle osapuolelle aiheutuneesta vahingosta t\u00e4ysim\u00e4\u00e4r\u00e4isesti.<\/p>\n<h2>Palveluntuottajan vastuunrajoitus<\/h2>\n<p>Kopiraittilan koulu -verkkopalvelu tarjotaan sellaisena kuin se on eik\u00e4 Palvelulle tai sen toimivuudelle anneta mit\u00e4\u00e4n takuuta. Palveluntuottaja ei vastaa Palvelun mahdollisista toimintakatkoksista esimerkiksi huoltot\u00f6iden, teknisten vikojen tai muiden vastaavien syiden vuoksi eik\u00e4 tietoliikenneyhteyksien tai Internet-verkon mahdollisista toimintakatkoista. Palveluntuottaja ei vastaa vahingosta, joka voi johtua Palvelun toiminnasta tai siit\u00e4 ettei palvelu toimi.<\/p>\n<p>Palveluntuottaja ei vastaa k\u00e4ytt\u00e4j\u00e4lle tai kolmannelle osapuolelle Palvelun mahdollisesti sis\u00e4lt\u00e4mist\u00e4 virheist\u00e4 tai puutteellisuuksista tai sen sis\u00e4lt\u00e4mien tietojen k\u00e4yt\u00f6st\u00e4 tai tulkinnasta aiheutuvista v\u00e4litt\u00f6mist\u00e4 tai v\u00e4lillisist\u00e4 vahingoista.<\/p>\n<p>Palveluntuottaja ei my\u00f6sk\u00e4\u00e4n vastaa Palvelun soveltuvuudesta ja sopivuudesta mihink\u00e4\u00e4n tiettyyn tarkoitukseen.<\/p>\n<p>Palveluntuottaja ei vastaa sellaisten kolmansien tahojen tuottamien sivujen sis\u00e4ll\u00f6st\u00e4, aineistosta ja palveluista, joihin Palveluntuottajan sivuilta on linkkiyhteys.<\/p>\n<h2>Palvelun toimintojen muuttaminen tai palvelun lopettaminen<\/h2>\n<p>Palveluntuottajalla on oikeus muuttaa palvelun sis\u00e4lt\u00f6\u00e4, toimintaa ja n\u00e4it\u00e4 k\u00e4ytt\u00f6ehtoja, mik\u00e4li muutokset ovat tarpeen palvelun kehitt\u00e4miseksi tai muusta hyv\u00e4ksytt\u00e4v\u00e4st\u00e4 syyst\u00e4.\u00a0Palveluntuottajalla on my\u00f6s oikeus lopettaa palvelun tarjoaminen koska tahansa.<\/p>\n<h2>Riitojen ratkaiseminen<\/h2>\n<p>Palvelun k\u00e4ytt\u00f6\u00e4 koskevat riitaisuudet ratkaistaan Helsingin k\u00e4r\u00e4j\u00e4oikeudessa Suomen lains\u00e4\u00e4d\u00e4nn\u00f6n mukaan.<\/p>\n"}],"tulostus":false,"valikko_pois":true},"yoast_head":"<!-- This site is optimized with the Yoast SEO plugin v27.5 - https:\/\/yoast.com\/product\/yoast-seo-wordpress\/ -->\n<title>K\u00e4ytt\u00f6ehdot - Upphovsr\u00e4ttsskolan<\/title>\n<meta name=\"robots\" content=\"index, follow, max-snippet:-1, max-image-preview:large, max-video-preview:-1\" \/>\n<link rel=\"canonical\" href=\"https:\/\/upphovsrattsskolan.se\/fi\/toinenaste\/kayttoehdot\/\" \/>\n<meta property=\"og:locale\" content=\"fi_FI\" \/>\n<meta property=\"og:type\" content=\"article\" \/>\n<meta property=\"og:title\" content=\"K\u00e4ytt\u00f6ehdot - Upphovsr\u00e4ttsskolan\" \/>\n<meta property=\"og:description\" content=\"Yleist\u00e4 Kopiraittilan koulu on Kopiosto ry:n yll\u00e4pit\u00e4m\u00e4 palvelu, joka on k\u00e4ytett\u00e4viss\u00e4 osana Kopioston ja opetus- ja kulttuuriministeri\u00f6n yll\u00e4pit\u00e4m\u00e4\u00e4 Kopiraitti.fi \u2013palvelua. Verkkopalvelun k\u00e4ytt\u00e4j\u00e4n tulee palvelua k\u00e4ytt\u00e4ess\u00e4\u00e4n noudattaa n\u00e4it\u00e4 k\u00e4ytt\u00f6ehtoja sek\u00e4 tekij\u00e4noikeuslakia. Palveluntuottajalla tarkoitetaan j\u00e4ljemp\u00e4n\u00e4 Kopiosto ry:t\u00e4. Palvelulla tarkoitetaan j\u00e4ljemp\u00e4n\u00e4 Kopiraittilan koulua ja sen sis\u00e4lt\u00e4m\u00e4\u00e4 kokonaisuutta sek\u00e4 yksitt\u00e4isi\u00e4 aineistoja, jotka sijaitsevat kopiraittila.wpengine.com \u2013verkkosivustolla tai ovat osa Kopiraittilan [&hellip;]\" \/>\n<meta property=\"og:url\" content=\"https:\/\/upphovsrattsskolan.se\/fi\/toinenaste\/kayttoehdot\/\" \/>\n<meta property=\"og:site_name\" content=\"Upphovsr\u00e4ttsskolan\" \/>\n<meta property=\"article:modified_time\" content=\"2017-01-31T12:33:38+00:00\" \/>\n<meta property=\"og:image\" content=\"https:\/\/upphovsrattsskolan.se\/wp-content\/uploads\/2019\/03\/upphovsrattsskolan-fb.png\" \/>\n\t<meta property=\"og:image:width\" content=\"1200\" \/>\n\t<meta property=\"og:image:height\" content=\"630\" \/>\n\t<meta property=\"og:image:type\" content=\"image\/png\" \/>\n<meta name=\"twitter:card\" content=\"summary_large_image\" \/>\n<meta name=\"twitter:label1\" content=\"Est. reading time\" \/>\n\t<meta name=\"twitter:data1\" content=\"2 minutes\" \/>\n<script type=\"application\/ld+json\" class=\"yoast-schema-graph\">{\"@context\":\"https:\\\/\\\/schema.org\",\"@graph\":[{\"@type\":\"WebPage\",\"@id\":\"https:\\\/\\\/upphovsrattsskolan.se\\\/fi\\\/toinenaste\\\/kayttoehdot\\\/\",\"url\":\"https:\\\/\\\/upphovsrattsskolan.se\\\/fi\\\/toinenaste\\\/kayttoehdot\\\/\",\"name\":\"K\u00e4ytt\u00f6ehdot - Upphovsr\u00e4ttsskolan\",\"isPartOf\":{\"@id\":\"https:\\\/\\\/upphovsrattsskolan.se\\\/#website\"},\"datePublished\":\"2017-01-09T08:59:22+00:00\",\"dateModified\":\"2017-01-31T12:33:38+00:00\",\"breadcrumb\":{\"@id\":\"https:\\\/\\\/upphovsrattsskolan.se\\\/fi\\\/toinenaste\\\/kayttoehdot\\\/#breadcrumb\"},\"inLanguage\":\"fi\",\"potentialAction\":[{\"@type\":\"ReadAction\",\"target\":[\"https:\\\/\\\/upphovsrattsskolan.se\\\/fi\\\/toinenaste\\\/kayttoehdot\\\/\"]}]},{\"@type\":\"BreadcrumbList\",\"@id\":\"https:\\\/\\\/upphovsrattsskolan.se\\\/fi\\\/toinenaste\\\/kayttoehdot\\\/#breadcrumb\",\"itemListElement\":[{\"@type\":\"ListItem\",\"position\":1,\"name\":\"Etusivu\",\"item\":\"https:\\\/\\\/upphovsrattsskolan.se\\\/fi\\\/\"},{\"@type\":\"ListItem\",\"position\":2,\"name\":\"Toinen aste\",\"item\":\"https:\\\/\\\/upphovsrattsskolan.se\\\/fi\\\/toinenaste\\\/\"},{\"@type\":\"ListItem\",\"position\":3,\"name\":\"K\u00e4ytt\u00f6ehdot\"}]},{\"@type\":\"WebSite\",\"@id\":\"https:\\\/\\\/upphovsrattsskolan.se\\\/#website\",\"url\":\"https:\\\/\\\/upphovsrattsskolan.se\\\/\",\"name\":\"Upphovsr\u00e4ttsskolan\",\"description\":\"\",\"potentialAction\":[{\"@type\":\"SearchAction\",\"target\":{\"@type\":\"EntryPoint\",\"urlTemplate\":\"https:\\\/\\\/upphovsrattsskolan.se\\\/?s={search_term_string}\"},\"query-input\":{\"@type\":\"PropertyValueSpecification\",\"valueRequired\":true,\"valueName\":\"search_term_string\"}}],\"inLanguage\":\"fi\"}]}<\/script>\n<!-- \/ Yoast SEO plugin. -->","yoast_head_json":{"title":"K\u00e4ytt\u00f6ehdot - Upphovsr\u00e4ttsskolan","robots":{"index":"index","follow":"follow","max-snippet":"max-snippet:-1","max-image-preview":"max-image-preview:large","max-video-preview":"max-video-preview:-1"},"canonical":"https:\/\/upphovsrattsskolan.se\/fi\/toinenaste\/kayttoehdot\/","og_locale":"fi_FI","og_type":"article","og_title":"K\u00e4ytt\u00f6ehdot - Upphovsr\u00e4ttsskolan","og_description":"Yleist\u00e4 Kopiraittilan koulu on Kopiosto ry:n yll\u00e4pit\u00e4m\u00e4 palvelu, joka on k\u00e4ytett\u00e4viss\u00e4 osana Kopioston ja opetus- ja kulttuuriministeri\u00f6n yll\u00e4pit\u00e4m\u00e4\u00e4 Kopiraitti.fi \u2013palvelua. Verkkopalvelun k\u00e4ytt\u00e4j\u00e4n tulee palvelua k\u00e4ytt\u00e4ess\u00e4\u00e4n noudattaa n\u00e4it\u00e4 k\u00e4ytt\u00f6ehtoja sek\u00e4 tekij\u00e4noikeuslakia. Palveluntuottajalla tarkoitetaan j\u00e4ljemp\u00e4n\u00e4 Kopiosto ry:t\u00e4. Palvelulla tarkoitetaan j\u00e4ljemp\u00e4n\u00e4 Kopiraittilan koulua ja sen sis\u00e4lt\u00e4m\u00e4\u00e4 kokonaisuutta sek\u00e4 yksitt\u00e4isi\u00e4 aineistoja, jotka sijaitsevat kopiraittila.wpengine.com \u2013verkkosivustolla tai ovat osa Kopiraittilan [&hellip;]","og_url":"https:\/\/upphovsrattsskolan.se\/fi\/toinenaste\/kayttoehdot\/","og_site_name":"Upphovsr\u00e4ttsskolan","article_modified_time":"2017-01-31T12:33:38+00:00","og_image":[{"width":1200,"height":630,"url":"https:\/\/upphovsrattsskolan.se\/wp-content\/uploads\/2019\/03\/upphovsrattsskolan-fb.png","type":"image\/png"}],"twitter_card":"summary_large_image","twitter_misc":{"Est. reading time":"2 minutes"},"schema":{"@context":"https:\/\/schema.org","@graph":[{"@type":"WebPage","@id":"https:\/\/upphovsrattsskolan.se\/fi\/toinenaste\/kayttoehdot\/","url":"https:\/\/upphovsrattsskolan.se\/fi\/toinenaste\/kayttoehdot\/","name":"K\u00e4ytt\u00f6ehdot - Upphovsr\u00e4ttsskolan","isPartOf":{"@id":"https:\/\/upphovsrattsskolan.se\/#website"},"datePublished":"2017-01-09T08:59:22+00:00","dateModified":"2017-01-31T12:33:38+00:00","breadcrumb":{"@id":"https:\/\/upphovsrattsskolan.se\/fi\/toinenaste\/kayttoehdot\/#breadcrumb"},"inLanguage":"fi","potentialAction":[{"@type":"ReadAction","target":["https:\/\/upphovsrattsskolan.se\/fi\/toinenaste\/kayttoehdot\/"]}]},{"@type":"BreadcrumbList","@id":"https:\/\/upphovsrattsskolan.se\/fi\/toinenaste\/kayttoehdot\/#breadcrumb","itemListElement":[{"@type":"ListItem","position":1,"name":"Etusivu","item":"https:\/\/upphovsrattsskolan.se\/fi\/"},{"@type":"ListItem","position":2,"name":"Toinen aste","item":"https:\/\/upphovsrattsskolan.se\/fi\/toinenaste\/"},{"@type":"ListItem","position":3,"name":"K\u00e4ytt\u00f6ehdot"}]},{"@type":"WebSite","@id":"https:\/\/upphovsrattsskolan.se\/#website","url":"https:\/\/upphovsrattsskolan.se\/","name":"Upphovsr\u00e4ttsskolan","description":"","potentialAction":[{"@type":"SearchAction","target":{"@type":"EntryPoint","urlTemplate":"https:\/\/upphovsrattsskolan.se\/?s={search_term_string}"},"query-input":{"@type":"PropertyValueSpecification","valueRequired":true,"valueName":"search_term_string"}}],"inLanguage":"fi"}]}},"_links":{"self":[{"href":"https:\/\/upphovsrattsskolan.se\/fi\/wp-json\/wp\/v2\/pages\/1840","targetHints":{"allow":["GET"]}}],"collection":[{"href":"https:\/\/upphovsrattsskolan.se\/fi\/wp-json\/wp\/v2\/pages"}],"about":[{"href":"https:\/\/upphovsrattsskolan.se\/fi\/wp-json\/wp\/v2\/types\/page"}],"author":[{"embeddable":true,"href":"https:\/\/upphovsrattsskolan.se\/fi\/wp-json\/wp\/v2\/users\/2"}],"replies":[{"embeddable":true,"href":"https:\/\/upphovsrattsskolan.se\/fi\/wp-json\/wp\/v2\/comments?post=1840"}],"version-history":[{"count":0,"href":"https:\/\/upphovsrattsskolan.se\/fi\/wp-json\/wp\/v2\/pages\/1840\/revisions"}],"up":[{"embeddable":true,"href":"https:\/\/upphovsrattsskolan.se\/fi\/wp-json\/wp\/v2\/pages\/777"}],"wp:attachment":[{"href":"https:\/\/upphovsrattsskolan.se\/fi\/wp-json\/wp\/v2\/media?parent=1840"}],"curies":[{"name":"wp","href":"https:\/\/api.w.org\/{rel}","templated":true}]}}