{"id":1839,"date":"2017-01-09T08:56:28","date_gmt":"2017-01-09T08:56:28","guid":{"rendered":"http:\/\/kopiraittila.wpengine.com\/?page_id=1839\/"},"modified":"2018-09-30T16:57:38","modified_gmt":"2018-09-30T16:57:38","slug":"tekijat-2","status":"publish","type":"page","link":"https:\/\/upphovsrattsskolan.se\/fi\/tekijat-2\/","title":{"rendered":"Tekij\u00e4t"},"content":{"rendered":"<h2 style=\"text-align: center;\">Tekij\u00e4t<\/h2>\n<p style=\"text-align: center;\">Kopiraittilan koulun opetusmateriaali on Kopiosto ry:n tuottamaa. Opetusmateriaalin tuottamiseen on saatu osittainen rahoitus opetus- ja kulttuuriministeri\u00f6st\u00e4.<\/p>\n<p style=\"text-align: center;\">\u00a9 Kopiosto ry<\/p>\n<p style=\"text-align: center;\">Kopiraittilan koulun opetusmateriaalin ovat laatineet: Juha Kallanranta, Arja Kangasharju, Marjukka Peltonen, Kirsi Salmela ja Henna Ylih\u00e4rsil\u00e4.<br \/>\nMateriaalin tekninen suunnittelu ja toteutus: <a href=\"http:\/\/www.jco.fi\/\" target=\"_blank\">JCO Digital<\/a><br \/>\nKuvitus: Tarja Petrell<\/p>\n<p style=\"text-align: center;\">\n","protected":false},"excerpt":{"rendered":"<p>Tekij\u00e4t Kopiraittilan koulun opetusmateriaali on Kopiosto ry:n tuottamaa. Opetusmateriaalin tuottamiseen on saatu osittainen rahoitus opetus- ja kulttuuriministeri\u00f6st\u00e4. \u00a9 Kopiosto ry Kopiraittilan koulun opetusmateriaalin ovat laatineet: Juha Kallanranta, Arja Kangasharju, Marjukka Peltonen, Kirsi Salmela ja Henna Ylih\u00e4rsil\u00e4. Materiaalin tekninen suunnittelu ja toteutus: JCO Digital Kuvitus: Tarja Petrell<\/p>\n","protected":false},"author":2,"featured_media":0,"parent":0,"menu_order":0,"comment_status":"closed","ping_status":"closed","template":"page-muistilista.php","meta":{"_acf_changed":false,"_exactmetrics_skip_tracking":false,"_exactmetrics_sitenote_active":false,"_exactmetrics_sitenote_note":"","_exactmetrics_sitenote_category":0,"footnotes":""},"class_list":["post-1839","page","type-page","status-publish","hentry"],"acf":{"hahmon_valinta":"C ja kannettava tietokone","muistilista_moduulit":[{"acf_fc_layout":"sisaltokentta","sisalto":"<h2 style=\"text-align: center;\">Tekij\u00e4t<\/h2>\n<p style=\"text-align: center;\">Kopiraittilan koulun opetusmateriaali on Kopiosto ry:n tuottamaa. Opetusmateriaalin tuottamiseen on saatu osittainen rahoitus opetus- ja kulttuuriministeri\u00f6st\u00e4.<\/p>\n<p style=\"text-align: center;\">\u00a9 Kopiosto ry<\/p>\n<p style=\"text-align: center;\">Kopiraittilan koulun peruskoulun opetusmateriaalin ovat laatineet: Juha Kallanranta, Arja Kangasharju, Marjukka Peltonen, Kirsi Salmela ja Henna Ylih\u00e4rsil\u00e4.<\/p>\n<p style=\"text-align: center;\">Toisen asteen ja opettajankoulutuksen materiaalin ovat laatineet: Mari Erho,\u00a0Juha Kallanranta, Merja Kauppinen, Susanna Mononen ja Kirsi Salmela.<\/p>\n<p style=\"text-align: center;\">Toisen asteen ja opettajankoulutuksen opetuskokonaisuuden pedagoginen suunnittelu: Merja Kauppinen, Jyv\u00e4skyl\u00e4n yliopiston opettajankoulutuslaitos<\/p>\n<p style=\"text-align: center;\">Materiaalin tekninen suunnittelu ja toteutus: <a href=\"http:\/\/www.jco.fi\/\" target=\"_blank\">JCO Digital<\/a><br \/>\nKuvitus: Tarja Petrell<\/p>\n<p style=\"text-align: center;\">\n"}],"tulostus":false,"valikko_pois":true,"lataa_pdf":false},"yoast_head":"<!-- This site is optimized with the Yoast SEO plugin v27.5 - https:\/\/yoast.com\/product\/yoast-seo-wordpress\/ -->\n<title>Tekij\u00e4t - Upphovsr\u00e4ttsskolan<\/title>\n<meta name=\"robots\" content=\"index, follow, max-snippet:-1, max-image-preview:large, max-video-preview:-1\" \/>\n<link rel=\"canonical\" href=\"https:\/\/upphovsrattsskolan.se\/producent\/\" \/>\n<meta property=\"og:locale\" content=\"fi_FI\" \/>\n<meta property=\"og:type\" content=\"article\" \/>\n<meta property=\"og:title\" content=\"Tekij\u00e4t - Upphovsr\u00e4ttsskolan\" \/>\n<meta property=\"og:description\" content=\"Tekij\u00e4t Kopiraittilan koulun opetusmateriaali on Kopiosto ry:n tuottamaa. Opetusmateriaalin tuottamiseen on saatu osittainen rahoitus opetus- ja kulttuuriministeri\u00f6st\u00e4. \u00a9 Kopiosto ry Kopiraittilan koulun opetusmateriaalin ovat laatineet: Juha Kallanranta, Arja Kangasharju, Marjukka Peltonen, Kirsi Salmela ja Henna Ylih\u00e4rsil\u00e4. Materiaalin tekninen suunnittelu ja toteutus: JCO Digital Kuvitus: Tarja Petrell\" \/>\n<meta property=\"og:url\" content=\"https:\/\/upphovsrattsskolan.se\/producent\/\" \/>\n<meta property=\"og:site_name\" content=\"Upphovsr\u00e4ttsskolan\" \/>\n<meta property=\"article:modified_time\" content=\"2018-09-30T16:57:38+00:00\" \/>\n<meta property=\"og:image\" content=\"https:\/\/upphovsrattsskolan.se\/wp-content\/uploads\/2019\/03\/upphovsrattsskolan-fb.png\" \/>\n\t<meta property=\"og:image:width\" content=\"1200\" \/>\n\t<meta property=\"og:image:height\" content=\"630\" \/>\n\t<meta property=\"og:image:type\" content=\"image\/png\" \/>\n<meta name=\"twitter:card\" content=\"summary_large_image\" \/>\n<script type=\"application\/ld+json\" class=\"yoast-schema-graph\">{\"@context\":\"https:\\\/\\\/schema.org\",\"@graph\":[{\"@type\":\"WebPage\",\"@id\":\"https:\\\/\\\/upphovsrattsskolan.se\\\/producent\\\/\",\"url\":\"https:\\\/\\\/upphovsrattsskolan.se\\\/producent\\\/\",\"name\":\"Tekij\u00e4t - Upphovsr\u00e4ttsskolan\",\"isPartOf\":{\"@id\":\"https:\\\/\\\/upphovsrattsskolan.se\\\/#website\"},\"datePublished\":\"2017-01-09T08:56:28+00:00\",\"dateModified\":\"2018-09-30T16:57:38+00:00\",\"breadcrumb\":{\"@id\":\"https:\\\/\\\/upphovsrattsskolan.se\\\/producent\\\/#breadcrumb\"},\"inLanguage\":\"fi\",\"potentialAction\":[{\"@type\":\"ReadAction\",\"target\":[\"https:\\\/\\\/upphovsrattsskolan.se\\\/producent\\\/\"]}]},{\"@type\":\"BreadcrumbList\",\"@id\":\"https:\\\/\\\/upphovsrattsskolan.se\\\/producent\\\/#breadcrumb\",\"itemListElement\":[{\"@type\":\"ListItem\",\"position\":1,\"name\":\"Etusivu\",\"item\":\"https:\\\/\\\/upphovsrattsskolan.se\\\/fi\\\/\"},{\"@type\":\"ListItem\",\"position\":2,\"name\":\"Tekij\u00e4t\"}]},{\"@type\":\"WebSite\",\"@id\":\"https:\\\/\\\/upphovsrattsskolan.se\\\/#website\",\"url\":\"https:\\\/\\\/upphovsrattsskolan.se\\\/\",\"name\":\"Upphovsr\u00e4ttsskolan\",\"description\":\"\",\"potentialAction\":[{\"@type\":\"SearchAction\",\"target\":{\"@type\":\"EntryPoint\",\"urlTemplate\":\"https:\\\/\\\/upphovsrattsskolan.se\\\/?s={search_term_string}\"},\"query-input\":{\"@type\":\"PropertyValueSpecification\",\"valueRequired\":true,\"valueName\":\"search_term_string\"}}],\"inLanguage\":\"fi\"}]}<\/script>\n<!-- \/ Yoast SEO plugin. -->","yoast_head_json":{"title":"Tekij\u00e4t - Upphovsr\u00e4ttsskolan","robots":{"index":"index","follow":"follow","max-snippet":"max-snippet:-1","max-image-preview":"max-image-preview:large","max-video-preview":"max-video-preview:-1"},"canonical":"https:\/\/upphovsrattsskolan.se\/producent\/","og_locale":"fi_FI","og_type":"article","og_title":"Tekij\u00e4t - Upphovsr\u00e4ttsskolan","og_description":"Tekij\u00e4t Kopiraittilan koulun opetusmateriaali on Kopiosto ry:n tuottamaa. Opetusmateriaalin tuottamiseen on saatu osittainen rahoitus opetus- ja kulttuuriministeri\u00f6st\u00e4. \u00a9 Kopiosto ry Kopiraittilan koulun opetusmateriaalin ovat laatineet: Juha Kallanranta, Arja Kangasharju, Marjukka Peltonen, Kirsi Salmela ja Henna Ylih\u00e4rsil\u00e4. Materiaalin tekninen suunnittelu ja toteutus: JCO Digital Kuvitus: Tarja Petrell","og_url":"https:\/\/upphovsrattsskolan.se\/producent\/","og_site_name":"Upphovsr\u00e4ttsskolan","article_modified_time":"2018-09-30T16:57:38+00:00","og_image":[{"width":1200,"height":630,"url":"https:\/\/upphovsrattsskolan.se\/wp-content\/uploads\/2019\/03\/upphovsrattsskolan-fb.png","type":"image\/png"}],"twitter_card":"summary_large_image","schema":{"@context":"https:\/\/schema.org","@graph":[{"@type":"WebPage","@id":"https:\/\/upphovsrattsskolan.se\/producent\/","url":"https:\/\/upphovsrattsskolan.se\/producent\/","name":"Tekij\u00e4t - Upphovsr\u00e4ttsskolan","isPartOf":{"@id":"https:\/\/upphovsrattsskolan.se\/#website"},"datePublished":"2017-01-09T08:56:28+00:00","dateModified":"2018-09-30T16:57:38+00:00","breadcrumb":{"@id":"https:\/\/upphovsrattsskolan.se\/producent\/#breadcrumb"},"inLanguage":"fi","potentialAction":[{"@type":"ReadAction","target":["https:\/\/upphovsrattsskolan.se\/producent\/"]}]},{"@type":"BreadcrumbList","@id":"https:\/\/upphovsrattsskolan.se\/producent\/#breadcrumb","itemListElement":[{"@type":"ListItem","position":1,"name":"Etusivu","item":"https:\/\/upphovsrattsskolan.se\/fi\/"},{"@type":"ListItem","position":2,"name":"Tekij\u00e4t"}]},{"@type":"WebSite","@id":"https:\/\/upphovsrattsskolan.se\/#website","url":"https:\/\/upphovsrattsskolan.se\/","name":"Upphovsr\u00e4ttsskolan","description":"","potentialAction":[{"@type":"SearchAction","target":{"@type":"EntryPoint","urlTemplate":"https:\/\/upphovsrattsskolan.se\/?s={search_term_string}"},"query-input":{"@type":"PropertyValueSpecification","valueRequired":true,"valueName":"search_term_string"}}],"inLanguage":"fi"}]}},"_links":{"self":[{"href":"https:\/\/upphovsrattsskolan.se\/fi\/wp-json\/wp\/v2\/pages\/1839","targetHints":{"allow":["GET"]}}],"collection":[{"href":"https:\/\/upphovsrattsskolan.se\/fi\/wp-json\/wp\/v2\/pages"}],"about":[{"href":"https:\/\/upphovsrattsskolan.se\/fi\/wp-json\/wp\/v2\/types\/page"}],"author":[{"embeddable":true,"href":"https:\/\/upphovsrattsskolan.se\/fi\/wp-json\/wp\/v2\/users\/2"}],"replies":[{"embeddable":true,"href":"https:\/\/upphovsrattsskolan.se\/fi\/wp-json\/wp\/v2\/comments?post=1839"}],"version-history":[{"count":0,"href":"https:\/\/upphovsrattsskolan.se\/fi\/wp-json\/wp\/v2\/pages\/1839\/revisions"}],"wp:attachment":[{"href":"https:\/\/upphovsrattsskolan.se\/fi\/wp-json\/wp\/v2\/media?parent=1839"}],"curies":[{"name":"wp","href":"https:\/\/api.w.org\/{rel}","templated":true}]}}