{"id":1794,"date":"2016-12-29T14:22:38","date_gmt":"2016-12-29T14:22:38","guid":{"rendered":"http:\/\/kopiraittila.wpengine.com\/?page_id=1794"},"modified":"2018-09-23T13:37:43","modified_gmt":"2018-09-23T13:37:43","slug":"kuvataideteosten-kaytto-opetuksessa","status":"publish","type":"page","link":"https:\/\/upphovsrattsskolan.se\/fi\/kuvataideteosten-kaytto-opetuksessa\/","title":{"rendered":"Kuvataideteosten k\u00e4ytt\u00f6 opetuksessa"},"content":{"rendered":"","protected":false},"excerpt":{"rendered":"","protected":false},"author":7,"featured_media":0,"parent":0,"menu_order":0,"comment_status":"closed","ping_status":"closed","template":"page-muistilista.php","meta":{"_acf_changed":false,"_exactmetrics_skip_tracking":false,"_exactmetrics_sitenote_active":false,"_exactmetrics_sitenote_note":"","_exactmetrics_sitenote_category":0,"footnotes":""},"class_list":["post-1794","page","type-page","status-publish","hentry"],"acf":{"hahmon_valinta":"C kuvaa kameralla","muistilista_moduulit":[{"acf_fc_layout":"h1_otsikko_keskitetty_punainen","otsikon_teksti":"Kuvataideteosten k\u00e4ytt\u00f6 opetuksessa"},{"acf_fc_layout":"lista","listan_aloitusnumero":"1","listan_sisalto":[{"acf_fc_layout":"rivi","rivin_sisalto":"<p><strong>KUVIEN N\u00c4YTT\u00c4MINEN OPPITUNNILLA<\/strong><\/p>\n<p><span style=\"font-family: 'Georgia','serif';\"><span style=\"color: #000000;\">Taidekirjoista tai muista julkaisuista\u00a0saa n\u00e4ytt\u00e4\u00e4 kuvia kuvataideteoksista.<\/span><\/span><\/p>\n<p>&nbsp;<\/p>\n"}]},{"acf_fc_layout":"lista","listan_aloitusnumero":"2","listan_sisalto":[{"acf_fc_layout":"rivi","rivin_sisalto":"<p><strong>KUVIEN K\u00c4YTT\u00d6 OSANA OMAA TUOTOSTA<\/strong><\/p>\n<p>Voit k\u00e4ytt\u00e4\u00e4:<\/p>\n<p><strong>a) Itse ottamiasi tai tekemi\u00e4si (piirt\u00e4mi\u00e4si, maalaamiasi yms.) kuvia<\/strong><\/p>\n<p><strong>b) Toisten ottamia tai tekemi\u00e4 kuvia<\/strong><\/p>\n<p><strong>Tekij\u00e4n luvalla<\/strong><\/p>\n<p><strong>Oppilaitosten kopiointiluvalla:<\/strong><\/p>\n<p>Saat skannata kirjoista ja kopioida netist\u00e4 kuvia koulun projektit\u00f6ihin, kun projektity\u00f6t\u00e4 ei julkaista internetiss\u00e4.<\/p>\n<p><strong>CC-lisenssill\u00e4<\/strong><\/p>\n<p>Tarkista lisenssikuvakkeista, mit\u00e4 saat tehd\u00e4.<\/p>\n<p><strong>Tekij\u00e4noikeusvapaat kuvat<\/strong><\/p>\n<p>Kuvia, joiden <a href=\"http:\/\/kopiraitti.fi\/tekijanoikeuden-abc\/suoja-aika\/\" target=\"_blank\" rel=\"noopener\">suoja-aika <\/a>on p\u00e4\u00e4ttynyt, saa k\u00e4ytt\u00e4\u00e4 vapaasti.<\/p>\n<p><strong>Kansallisgallerian verkkosivusto<\/strong><\/p>\n<p>Kansallisgalleria on julkaissut paljon valokuvia taideteoksista CC0-lisenssill\u00e4, joita saa k\u00e4ytt\u00e4\u00e4 vapaasti. Tarkista, mitk\u00e4 kuvat ovat vapaasti k\u00e4ytett\u00e4vi\u00e4. L\u00f6yd\u00e4t vapaasti k\u00e4ytett\u00e4vi\u00e4 kuvia taideteoksista <a href=\"https:\/\/www.flickr.com\/photos\/finnishnationalgallery\/albums\" target=\"_blank\" rel=\"noopener\">t\u00e4\u00e4lt\u00e4<\/a>.<\/p>\n"}]},{"acf_fc_layout":"lista","listan_aloitusnumero":"3","listan_sisalto":[{"acf_fc_layout":"rivi","rivin_sisalto":"<p><strong>KUVIEN MUOKKAAMINEN<\/strong><\/p>\n<p>Kuvien k\u00e4sitteleminen, rajaaminen ja animoiminen on muuntelua. Kuvien\u00a0muunteluun tarvitaan tekij\u00e4n lupa. Alkuper\u00e4isen tekij\u00e4n moraalisia oikeuksia tulee kunnioittaa.<\/p>\n<p>Voit muokata kuvia:<\/p>\n<p><strong>Tekij\u00e4n luvalla<\/strong><\/p>\n<p><strong>Oppilaitosten kopiointiluvalla:<\/strong><\/p>\n<p>Saat harjoitella oppitunnilla kuvank\u00e4sittely\u00e4 ja muokkaamista, mutta kuvaa ei saa julkaista internetiss\u00e4.<\/p>\n<p><strong>CC-lisenssill\u00e4<\/strong><\/p>\n<p>Tarkista lisenssikuvakkeista, ett\u00e4 muokkaaminen on sallittua.<\/p>\n<p><strong>Tekij\u00e4noikeusvapaat kuvat<\/strong><\/p>\n<p>Kuvia, joiden <a href=\"http:\/\/kopiraitti.fi\/tekijanoikeuden-abc\/suoja-aika\/\" target=\"_blank\" rel=\"noopener\">suoja-aika <\/a>on p\u00e4\u00e4ttynyt, saa muokata vapaasti.<\/p>\n"}]},{"acf_fc_layout":"lista","listan_aloitusnumero":"4","listan_sisalto":[{"acf_fc_layout":"rivi","rivin_sisalto":"<p><strong>TAIDETEOKSEN MAALAAMINEN TAI PIIRT\u00c4MINEN<\/strong><\/p>\n<p><span style=\"font-family: 'Georgia','serif';\"><span style=\"color: #000000;\">Taideteosta saa k\u00e4ytt\u00e4\u00e4 oman ty\u00f6ns\u00e4 inspiraation l\u00e4hteen\u00e4. Tekij\u00e4noikeus ei suojaa ideaa. Toisen tekem\u00e4n teoksen idea, juoni tai sis\u00e4lt\u00f6 voidaan toteuttaa uudella, luovalla ja omaper\u00e4isell\u00e4 tavalla.<\/span><\/span><\/p>\n<p><span style=\"font-family: 'Georgia','serif';\"><span style=\"color: #000000;\">Taiteteoksen kopioimiseen maalaamalla tai piirt\u00e4m\u00e4ll\u00e4 tarvitaan alkuper\u00e4isen tekij\u00e4n lupa.<\/span><\/span><\/p>\n"}]},{"acf_fc_layout":"lista","listan_aloitusnumero":"5","listan_sisalto":[{"acf_fc_layout":"rivi","rivin_sisalto":"<p><strong>TAIDETEOSTEN KUVAAMINEN JA KUVIEN K\u00c4YTT\u00d6<\/strong><\/p>\n<p>Julkisella paikalla pysyv\u00e4sti sijaitsevan taideteoksen saa kuvata\u00a0ja\u00a0kuvaa saa k\u00e4ytt\u00e4\u00e4 muussa kuin ansiotarkoituksessa. Paikanomistaja voi kuitenkin\u00a0kielt\u00e4\u00e4 kuvaamisen, esimerkiksi museossa ei v\u00e4ltt\u00e4m\u00e4tt\u00e4 saa kuvata tauluja tai lupa tulee kysy\u00e4 etuk\u00e4teen.<\/p>\n"}]},{"acf_fc_layout":"h2_otsikko_keskitetty_punainen","otsikon_teksti":"Muista merkit\u00e4 tekij\u00e4tiedot ty\u00f6h\u00f6si, kun k\u00e4yt\u00e4t toisten tekemi\u00e4 kuvia tai teoksia."}],"tulostus":false,"valikko_pois":true,"lataa_pdf":true,"pdf_tiedosto":"https:\/\/upphovsrattsskolan.se\/wp-content\/uploads\/2017\/02\/Kuvataideteosten_kaytto_opetuksessa.pdf"},"yoast_head":"<!-- This site is optimized with the Yoast SEO plugin v27.5 - https:\/\/yoast.com\/product\/yoast-seo-wordpress\/ -->\n<title>Kuvataideteosten k\u00e4ytt\u00f6 opetuksessa - Upphovsr\u00e4ttsskolan<\/title>\n<meta name=\"robots\" content=\"index, follow, max-snippet:-1, max-image-preview:large, max-video-preview:-1\" \/>\n<link rel=\"canonical\" href=\"https:\/\/upphovsrattsskolan.se\/anvandning-av-bildkonstverk-i-undervisningen\/\" \/>\n<meta property=\"og:locale\" content=\"fi_FI\" \/>\n<meta property=\"og:type\" content=\"article\" \/>\n<meta property=\"og:title\" content=\"Kuvataideteosten k\u00e4ytt\u00f6 opetuksessa - Upphovsr\u00e4ttsskolan\" \/>\n<meta property=\"og:url\" content=\"https:\/\/upphovsrattsskolan.se\/anvandning-av-bildkonstverk-i-undervisningen\/\" \/>\n<meta property=\"og:site_name\" content=\"Upphovsr\u00e4ttsskolan\" \/>\n<meta property=\"article:modified_time\" content=\"2018-09-23T13:37:43+00:00\" \/>\n<meta property=\"og:image\" content=\"https:\/\/upphovsrattsskolan.se\/wp-content\/uploads\/2019\/03\/upphovsrattsskolan-fb.png\" \/>\n\t<meta property=\"og:image:width\" content=\"1200\" \/>\n\t<meta property=\"og:image:height\" content=\"630\" \/>\n\t<meta property=\"og:image:type\" content=\"image\/png\" \/>\n<meta name=\"twitter:card\" content=\"summary_large_image\" \/>\n<script type=\"application\/ld+json\" class=\"yoast-schema-graph\">{\"@context\":\"https:\\\/\\\/schema.org\",\"@graph\":[{\"@type\":\"WebPage\",\"@id\":\"https:\\\/\\\/upphovsrattsskolan.se\\\/anvandning-av-bildkonstverk-i-undervisningen\\\/\",\"url\":\"https:\\\/\\\/upphovsrattsskolan.se\\\/anvandning-av-bildkonstverk-i-undervisningen\\\/\",\"name\":\"Kuvataideteosten k\u00e4ytt\u00f6 opetuksessa - Upphovsr\u00e4ttsskolan\",\"isPartOf\":{\"@id\":\"https:\\\/\\\/upphovsrattsskolan.se\\\/#website\"},\"datePublished\":\"2016-12-29T14:22:38+00:00\",\"dateModified\":\"2018-09-23T13:37:43+00:00\",\"breadcrumb\":{\"@id\":\"https:\\\/\\\/upphovsrattsskolan.se\\\/anvandning-av-bildkonstverk-i-undervisningen\\\/#breadcrumb\"},\"inLanguage\":\"fi\",\"potentialAction\":[{\"@type\":\"ReadAction\",\"target\":[\"https:\\\/\\\/upphovsrattsskolan.se\\\/anvandning-av-bildkonstverk-i-undervisningen\\\/\"]}]},{\"@type\":\"BreadcrumbList\",\"@id\":\"https:\\\/\\\/upphovsrattsskolan.se\\\/anvandning-av-bildkonstverk-i-undervisningen\\\/#breadcrumb\",\"itemListElement\":[{\"@type\":\"ListItem\",\"position\":1,\"name\":\"Etusivu\",\"item\":\"https:\\\/\\\/upphovsrattsskolan.se\\\/fi\\\/\"},{\"@type\":\"ListItem\",\"position\":2,\"name\":\"Kuvataideteosten k\u00e4ytt\u00f6 opetuksessa\"}]},{\"@type\":\"WebSite\",\"@id\":\"https:\\\/\\\/upphovsrattsskolan.se\\\/#website\",\"url\":\"https:\\\/\\\/upphovsrattsskolan.se\\\/\",\"name\":\"Upphovsr\u00e4ttsskolan\",\"description\":\"\",\"potentialAction\":[{\"@type\":\"SearchAction\",\"target\":{\"@type\":\"EntryPoint\",\"urlTemplate\":\"https:\\\/\\\/upphovsrattsskolan.se\\\/?s={search_term_string}\"},\"query-input\":{\"@type\":\"PropertyValueSpecification\",\"valueRequired\":true,\"valueName\":\"search_term_string\"}}],\"inLanguage\":\"fi\"}]}<\/script>\n<!-- \/ Yoast SEO plugin. -->","yoast_head_json":{"title":"Kuvataideteosten k\u00e4ytt\u00f6 opetuksessa - Upphovsr\u00e4ttsskolan","robots":{"index":"index","follow":"follow","max-snippet":"max-snippet:-1","max-image-preview":"max-image-preview:large","max-video-preview":"max-video-preview:-1"},"canonical":"https:\/\/upphovsrattsskolan.se\/anvandning-av-bildkonstverk-i-undervisningen\/","og_locale":"fi_FI","og_type":"article","og_title":"Kuvataideteosten k\u00e4ytt\u00f6 opetuksessa - Upphovsr\u00e4ttsskolan","og_url":"https:\/\/upphovsrattsskolan.se\/anvandning-av-bildkonstverk-i-undervisningen\/","og_site_name":"Upphovsr\u00e4ttsskolan","article_modified_time":"2018-09-23T13:37:43+00:00","og_image":[{"width":1200,"height":630,"url":"https:\/\/upphovsrattsskolan.se\/wp-content\/uploads\/2019\/03\/upphovsrattsskolan-fb.png","type":"image\/png"}],"twitter_card":"summary_large_image","schema":{"@context":"https:\/\/schema.org","@graph":[{"@type":"WebPage","@id":"https:\/\/upphovsrattsskolan.se\/anvandning-av-bildkonstverk-i-undervisningen\/","url":"https:\/\/upphovsrattsskolan.se\/anvandning-av-bildkonstverk-i-undervisningen\/","name":"Kuvataideteosten k\u00e4ytt\u00f6 opetuksessa - Upphovsr\u00e4ttsskolan","isPartOf":{"@id":"https:\/\/upphovsrattsskolan.se\/#website"},"datePublished":"2016-12-29T14:22:38+00:00","dateModified":"2018-09-23T13:37:43+00:00","breadcrumb":{"@id":"https:\/\/upphovsrattsskolan.se\/anvandning-av-bildkonstverk-i-undervisningen\/#breadcrumb"},"inLanguage":"fi","potentialAction":[{"@type":"ReadAction","target":["https:\/\/upphovsrattsskolan.se\/anvandning-av-bildkonstverk-i-undervisningen\/"]}]},{"@type":"BreadcrumbList","@id":"https:\/\/upphovsrattsskolan.se\/anvandning-av-bildkonstverk-i-undervisningen\/#breadcrumb","itemListElement":[{"@type":"ListItem","position":1,"name":"Etusivu","item":"https:\/\/upphovsrattsskolan.se\/fi\/"},{"@type":"ListItem","position":2,"name":"Kuvataideteosten k\u00e4ytt\u00f6 opetuksessa"}]},{"@type":"WebSite","@id":"https:\/\/upphovsrattsskolan.se\/#website","url":"https:\/\/upphovsrattsskolan.se\/","name":"Upphovsr\u00e4ttsskolan","description":"","potentialAction":[{"@type":"SearchAction","target":{"@type":"EntryPoint","urlTemplate":"https:\/\/upphovsrattsskolan.se\/?s={search_term_string}"},"query-input":{"@type":"PropertyValueSpecification","valueRequired":true,"valueName":"search_term_string"}}],"inLanguage":"fi"}]}},"_links":{"self":[{"href":"https:\/\/upphovsrattsskolan.se\/fi\/wp-json\/wp\/v2\/pages\/1794","targetHints":{"allow":["GET"]}}],"collection":[{"href":"https:\/\/upphovsrattsskolan.se\/fi\/wp-json\/wp\/v2\/pages"}],"about":[{"href":"https:\/\/upphovsrattsskolan.se\/fi\/wp-json\/wp\/v2\/types\/page"}],"author":[{"embeddable":true,"href":"https:\/\/upphovsrattsskolan.se\/fi\/wp-json\/wp\/v2\/users\/7"}],"replies":[{"embeddable":true,"href":"https:\/\/upphovsrattsskolan.se\/fi\/wp-json\/wp\/v2\/comments?post=1794"}],"version-history":[{"count":0,"href":"https:\/\/upphovsrattsskolan.se\/fi\/wp-json\/wp\/v2\/pages\/1794\/revisions"}],"wp:attachment":[{"href":"https:\/\/upphovsrattsskolan.se\/fi\/wp-json\/wp\/v2\/media?parent=1794"}],"curies":[{"name":"wp","href":"https:\/\/api.w.org\/{rel}","templated":true}]}}