{"id":1668,"date":"2016-11-24T12:28:45","date_gmt":"2016-11-24T12:28:45","guid":{"rendered":"http:\/\/kopiraittila.wpengine.com\/?page_id=1668"},"modified":"2017-01-10T13:15:52","modified_gmt":"2017-01-10T13:15:52","slug":"muistilistademo","status":"publish","type":"page","link":"https:\/\/upphovsrattsskolan.se\/fi\/toinenaste\/muistilistademo\/","title":{"rendered":"Muistilistademo"},"content":{"rendered":"","protected":false},"excerpt":{"rendered":"","protected":false},"author":2,"featured_media":0,"parent":777,"menu_order":0,"comment_status":"closed","ping_status":"closed","template":"page-muistilista.php","meta":{"_acf_changed":false,"_exactmetrics_skip_tracking":false,"_exactmetrics_sitenote_active":false,"_exactmetrics_sitenote_note":"","_exactmetrics_sitenote_category":0,"footnotes":""},"class_list":["post-1668","page","type-page","status-publish","hentry"],"acf":{"muistilista_moduulit":[{"acf_fc_layout":"h1_otsikko_keskitetty_punainen","otsikon_teksti":"Otsikko, h1"},{"acf_fc_layout":"sisaltokentta","sisalto":"<p>Lorem ipsum dolor sit amet, consectetur adipiscing elit. Aenean tincidunt enim rhoncus feugiat condimentum. Nullam vitae nibh volutpat, varius nisl in, sollicitudin urna. Fusce faucibus arcu id nibh convallis faucibus sit amet sed nunc. Sed interdum, velit vel fringilla posuere, dui quam malesuada dui, nec vestibulum tellus tellus vitae sem. Pellentesque ullamcorper tincidunt vulputate. Donec erat ante, tempor at justo in, pulvinar feugiat neque. Praesent dictum gravida est nec sagittis. Suspendisse at neque volutpat, lacinia lorem et, scelerisque est. Cras vel orci arcu.<\/p>\n"},{"acf_fc_layout":"h2_otsikko_musta","otsikon_teksti":"Lista, h2"},{"acf_fc_layout":"lista","listan_aloitusnumero":"1","listan_sisalto":[{"acf_fc_layout":"rivi","rivin_sisalto":"<p>Lorem ipsum dolor sit amet, consectetur adipiscing elit. Aenean tincidunt enim rhoncus feugiat condimentum. Nullam vitae nibh volutpat, varius nisl in, sollicitudin urna. Fusce faucibus arcu id nibh convallis faucibus sit amet sed nunc. Sed interdum, velit vel fringilla posuere, dui quam malesuada dui, nec vestibulum tellus tellus vitae sem. Pellentesque ullamcorper tincidunt vulputate. Donec erat ante, tempor at justo in, pulvinar feugiat neque. Praesent dictum gravida est nec sagittis. Suspendisse at neque volutpat, lacinia lorem et, scelerisque est. Cras vel orci arcu.<\/p>\n"},{"acf_fc_layout":"rivi","rivin_sisalto":"<p>Lorem ipsum dolor sit amet, consectetur adipiscing elit. Aenean tincidunt enim rhoncus feugiat condimentum. Nullam vitae nibh volutpat, varius nisl in, sollicitudin urna. Fusce faucibus arcu id nibh convallis faucibus sit amet sed nunc. Sed interdum, velit vel fringilla posuere, dui quam malesuada dui, nec vestibulum tellus tellus vitae sem. Pellentesque ullamcorper tincidunt vulputate. Donec erat ante, tempor at justo in, pulvinar feugiat neque. Praesent dictum gravida est nec sagittis. Suspendisse at neque volutpat, lacinia lorem et, scelerisque est. Cras vel orci arcu.<\/p>\n"}]},{"acf_fc_layout":"h2_otsikko_musta","otsikon_teksti":"Alaotsikko, h2"},{"acf_fc_layout":"sisaltokentta","sisalto":"<p>Lorem ipsum dolor sit amet, consectetur adipiscing elit. <em>Kursiivi n\u00e4ytt\u00e4\u00e4 t\u00e4lt\u00e4<\/em>. Aenean tincidunt enim rhoncus feugiat condimentum, <strong>ja boldattu teksti t\u00e4lt\u00e4<\/strong>. Nullam vitae nibh volutpat, varius nisl in, sollicitudin urna. Fusce faucibus arcu id nibh convallis faucibus sit amet sed nunc. Sed interdum, velit vel fringilla posuere, dui quam malesuada dui, nec vestibulum tellus tellus vitae sem. Pellentesque ullamcorper tincidunt vulputate. Donec erat ante, tempor at justo in, pulvinar feugiat neque. Praesent dictum gravida est nec sagittis. Suspendisse at neque volutpat, lacinia lorem et, scelerisque est. Cras vel orci arcu.<\/p>\n"},{"acf_fc_layout":"h2_otsikko_keskitetty_punainen","otsikon_teksti":"T\u00e4m\u00e4 on esimerkki nostosta, jonka voi laittaa kappaleen v\u00e4liin."},{"acf_fc_layout":"sisaltokentta","sisalto":"<p>Lorem ipsum dolor sit amet, consectetur adipiscing elit. Aenean tincidunt enim rhoncus feugiat condimentum <a href=\"https:\/\/www.jco.fi\/\" target=\"_blank\">t\u00e4m\u00e4 on linkki<\/a>. Nullam vitae nibh volutpat, varius nisl in, sollicitudin urna. Fusce faucibus arcu id nibh convallis faucibus sit amet sed nunc. Sed interdum, velit vel fringilla posuere, dui quam malesuada dui, nec vestibulum tellus tellus vitae sem. Pellentesque ullamcorper tincidunt vulputate. Donec erat ante, tempor at justo in, pulvinar feugiat neque. Praesent dictum gravida est nec sagittis. Suspendisse at neque volutpat, lacinia lorem et, scelerisque est. Cras vel orci arcu.<\/p>\n"},{"acf_fc_layout":"h2_otsikko_musta","otsikon_teksti":"T\u00e4m\u00e4 on esimerkki bullet point listasta"},{"acf_fc_layout":"bullet_point_lista","bplistan_sisalto":[{"acf_fc_layout":"rivi","rivin_sisalto":"<p>Lorem ipsum dolor sit amet, nec pede, esse eget<\/p>\n"},{"acf_fc_layout":"rivi","rivin_sisalto":"<p>Lorem ipsum dolor sit amet, nec pede, esse eget<\/p>\n"},{"acf_fc_layout":"rivi","rivin_sisalto":"<p>Lorem ipsum dolor sit amet, nec pede, esse eget Lorem ipsum dolor sit amet, nec pede, esse eget. Lorem ipsum dolor sit amet, nec pede, esse eget<\/p>\n"}]}],"hahmon_valinta":"C ja muistivihko","tulostus":true},"yoast_head":"<!-- This site is optimized with the Yoast SEO plugin v27.5 - https:\/\/yoast.com\/product\/yoast-seo-wordpress\/ -->\n<title>Muistilistademo - Upphovsr\u00e4ttsskolan<\/title>\n<meta name=\"robots\" content=\"index, follow, max-snippet:-1, max-image-preview:large, max-video-preview:-1\" \/>\n<link rel=\"canonical\" href=\"https:\/\/upphovsrattsskolan.se\/fi\/toinenaste\/muistilistademo\/\" \/>\n<meta property=\"og:locale\" content=\"fi_FI\" \/>\n<meta property=\"og:type\" content=\"article\" \/>\n<meta property=\"og:title\" content=\"Muistilistademo - Upphovsr\u00e4ttsskolan\" \/>\n<meta property=\"og:url\" content=\"https:\/\/upphovsrattsskolan.se\/fi\/toinenaste\/muistilistademo\/\" \/>\n<meta property=\"og:site_name\" content=\"Upphovsr\u00e4ttsskolan\" \/>\n<meta property=\"article:modified_time\" content=\"2017-01-10T13:15:52+00:00\" \/>\n<meta property=\"og:image\" content=\"https:\/\/upphovsrattsskolan.se\/wp-content\/uploads\/2019\/03\/upphovsrattsskolan-fb.png\" \/>\n\t<meta property=\"og:image:width\" content=\"1200\" \/>\n\t<meta property=\"og:image:height\" content=\"630\" \/>\n\t<meta property=\"og:image:type\" content=\"image\/png\" \/>\n<meta name=\"twitter:card\" content=\"summary_large_image\" \/>\n<script type=\"application\/ld+json\" class=\"yoast-schema-graph\">{\"@context\":\"https:\\\/\\\/schema.org\",\"@graph\":[{\"@type\":\"WebPage\",\"@id\":\"https:\\\/\\\/upphovsrattsskolan.se\\\/fi\\\/toinenaste\\\/muistilistademo\\\/\",\"url\":\"https:\\\/\\\/upphovsrattsskolan.se\\\/fi\\\/toinenaste\\\/muistilistademo\\\/\",\"name\":\"Muistilistademo - Upphovsr\u00e4ttsskolan\",\"isPartOf\":{\"@id\":\"https:\\\/\\\/upphovsrattsskolan.se\\\/#website\"},\"datePublished\":\"2016-11-24T12:28:45+00:00\",\"dateModified\":\"2017-01-10T13:15:52+00:00\",\"breadcrumb\":{\"@id\":\"https:\\\/\\\/upphovsrattsskolan.se\\\/fi\\\/toinenaste\\\/muistilistademo\\\/#breadcrumb\"},\"inLanguage\":\"fi\",\"potentialAction\":[{\"@type\":\"ReadAction\",\"target\":[\"https:\\\/\\\/upphovsrattsskolan.se\\\/fi\\\/toinenaste\\\/muistilistademo\\\/\"]}]},{\"@type\":\"BreadcrumbList\",\"@id\":\"https:\\\/\\\/upphovsrattsskolan.se\\\/fi\\\/toinenaste\\\/muistilistademo\\\/#breadcrumb\",\"itemListElement\":[{\"@type\":\"ListItem\",\"position\":1,\"name\":\"Etusivu\",\"item\":\"https:\\\/\\\/upphovsrattsskolan.se\\\/fi\\\/\"},{\"@type\":\"ListItem\",\"position\":2,\"name\":\"Toinen aste\",\"item\":\"https:\\\/\\\/upphovsrattsskolan.se\\\/fi\\\/toinenaste\\\/\"},{\"@type\":\"ListItem\",\"position\":3,\"name\":\"Muistilistademo\"}]},{\"@type\":\"WebSite\",\"@id\":\"https:\\\/\\\/upphovsrattsskolan.se\\\/#website\",\"url\":\"https:\\\/\\\/upphovsrattsskolan.se\\\/\",\"name\":\"Upphovsr\u00e4ttsskolan\",\"description\":\"\",\"potentialAction\":[{\"@type\":\"SearchAction\",\"target\":{\"@type\":\"EntryPoint\",\"urlTemplate\":\"https:\\\/\\\/upphovsrattsskolan.se\\\/?s={search_term_string}\"},\"query-input\":{\"@type\":\"PropertyValueSpecification\",\"valueRequired\":true,\"valueName\":\"search_term_string\"}}],\"inLanguage\":\"fi\"}]}<\/script>\n<!-- \/ Yoast SEO plugin. -->","yoast_head_json":{"title":"Muistilistademo - Upphovsr\u00e4ttsskolan","robots":{"index":"index","follow":"follow","max-snippet":"max-snippet:-1","max-image-preview":"max-image-preview:large","max-video-preview":"max-video-preview:-1"},"canonical":"https:\/\/upphovsrattsskolan.se\/fi\/toinenaste\/muistilistademo\/","og_locale":"fi_FI","og_type":"article","og_title":"Muistilistademo - Upphovsr\u00e4ttsskolan","og_url":"https:\/\/upphovsrattsskolan.se\/fi\/toinenaste\/muistilistademo\/","og_site_name":"Upphovsr\u00e4ttsskolan","article_modified_time":"2017-01-10T13:15:52+00:00","og_image":[{"width":1200,"height":630,"url":"https:\/\/upphovsrattsskolan.se\/wp-content\/uploads\/2019\/03\/upphovsrattsskolan-fb.png","type":"image\/png"}],"twitter_card":"summary_large_image","schema":{"@context":"https:\/\/schema.org","@graph":[{"@type":"WebPage","@id":"https:\/\/upphovsrattsskolan.se\/fi\/toinenaste\/muistilistademo\/","url":"https:\/\/upphovsrattsskolan.se\/fi\/toinenaste\/muistilistademo\/","name":"Muistilistademo - Upphovsr\u00e4ttsskolan","isPartOf":{"@id":"https:\/\/upphovsrattsskolan.se\/#website"},"datePublished":"2016-11-24T12:28:45+00:00","dateModified":"2017-01-10T13:15:52+00:00","breadcrumb":{"@id":"https:\/\/upphovsrattsskolan.se\/fi\/toinenaste\/muistilistademo\/#breadcrumb"},"inLanguage":"fi","potentialAction":[{"@type":"ReadAction","target":["https:\/\/upphovsrattsskolan.se\/fi\/toinenaste\/muistilistademo\/"]}]},{"@type":"BreadcrumbList","@id":"https:\/\/upphovsrattsskolan.se\/fi\/toinenaste\/muistilistademo\/#breadcrumb","itemListElement":[{"@type":"ListItem","position":1,"name":"Etusivu","item":"https:\/\/upphovsrattsskolan.se\/fi\/"},{"@type":"ListItem","position":2,"name":"Toinen aste","item":"https:\/\/upphovsrattsskolan.se\/fi\/toinenaste\/"},{"@type":"ListItem","position":3,"name":"Muistilistademo"}]},{"@type":"WebSite","@id":"https:\/\/upphovsrattsskolan.se\/#website","url":"https:\/\/upphovsrattsskolan.se\/","name":"Upphovsr\u00e4ttsskolan","description":"","potentialAction":[{"@type":"SearchAction","target":{"@type":"EntryPoint","urlTemplate":"https:\/\/upphovsrattsskolan.se\/?s={search_term_string}"},"query-input":{"@type":"PropertyValueSpecification","valueRequired":true,"valueName":"search_term_string"}}],"inLanguage":"fi"}]}},"_links":{"self":[{"href":"https:\/\/upphovsrattsskolan.se\/fi\/wp-json\/wp\/v2\/pages\/1668","targetHints":{"allow":["GET"]}}],"collection":[{"href":"https:\/\/upphovsrattsskolan.se\/fi\/wp-json\/wp\/v2\/pages"}],"about":[{"href":"https:\/\/upphovsrattsskolan.se\/fi\/wp-json\/wp\/v2\/types\/page"}],"author":[{"embeddable":true,"href":"https:\/\/upphovsrattsskolan.se\/fi\/wp-json\/wp\/v2\/users\/2"}],"replies":[{"embeddable":true,"href":"https:\/\/upphovsrattsskolan.se\/fi\/wp-json\/wp\/v2\/comments?post=1668"}],"version-history":[{"count":0,"href":"https:\/\/upphovsrattsskolan.se\/fi\/wp-json\/wp\/v2\/pages\/1668\/revisions"}],"up":[{"embeddable":true,"href":"https:\/\/upphovsrattsskolan.se\/fi\/wp-json\/wp\/v2\/pages\/777"}],"wp:attachment":[{"href":"https:\/\/upphovsrattsskolan.se\/fi\/wp-json\/wp\/v2\/media?parent=1668"}],"curies":[{"name":"wp","href":"https:\/\/api.w.org\/{rel}","templated":true}]}}