{"id":1641,"date":"2016-11-20T15:26:53","date_gmt":"2016-11-20T15:26:53","guid":{"rendered":"http:\/\/kopiraittila.wpengine.com\/?page_id=1641"},"modified":"2018-09-30T18:07:35","modified_gmt":"2018-09-30T18:07:35","slug":"oman-tuottamisen-polku","status":"publish","type":"page","link":"https:\/\/upphovsrattsskolan.se\/fi\/oman-tuottamisen-polku\/","title":{"rendered":"Opiskelijan oman tuottamisen polku"},"content":{"rendered":"","protected":false},"excerpt":{"rendered":"","protected":false},"author":3,"featured_media":0,"parent":0,"menu_order":0,"comment_status":"closed","ping_status":"closed","template":"page-muistilista.php","meta":{"_acf_changed":false,"_exactmetrics_skip_tracking":false,"_exactmetrics_sitenote_active":false,"_exactmetrics_sitenote_note":"","_exactmetrics_sitenote_category":0,"footnotes":""},"class_list":["post-1641","page","type-page","status-publish","hentry"],"acf":{"hahmon_valinta":"C ja kirjapino","muistilista_moduulit":[{"acf_fc_layout":"h1_otsikko_keskitetty_punainen","otsikon_teksti":"Opiskelijan oman tuottamisen polku"},{"acf_fc_layout":"sisaltokentta","sisalto":"<p class=\"p1\">Luovan tuottamisen prosessi noudattaa projektity\u00f6skentelyn vaiheita. Oman tuottamisen polkua voi hy\u00f6dynt\u00e4\u00e4 mill\u00e4 tahansa kurssilla, jossa ty\u00f6skennell\u00e4\u00e4n projektimuotoisten oppimisteht\u00e4vien parissa.<\/p>\n<p>&nbsp;<\/p>\n<div class=\"hidden-xs hidden-sm hidden-md\">\n<p><img loading=\"lazy\" decoding=\"async\" class=\"aligncenter wp-image-1864\" src=\"http:\/\/kopiraittila.wpengine.com\/wp-content\/uploads\/2017\/01\/kaavio.png\" alt=\"kaaviotest\" usemap=\"#polkumap_large\" width=\"700\" height=\"576\" \/><\/p>\n<map name=\"polkumap_large\">\n<area title=\"1. AIHEEN VALINTA JA RAJAUS\" alt=\"1. AIHEEN VALINTA JA RAJAUS\" coords=\"355,124,45\" shape=\"circle\" href=\"http:\/\/kopiraittila.wpengine.com\/toinenaste\/aiheen-valinta-ja-rajaus\/\" \/>\n<area title=\"2. TIEDON HANKINTA JA K\u00c4SITTELY\" alt=\"2. TIEDON HANKINTA JA K\u00c4SITTELY\" coords=\"480,216,45\" shape=\"circle\" href=\"http:\/\/kopiraittila.wpengine.com\/toinenaste\/tiedonhankinta\/\" \/>\n<area title=\"3. TUOTTAMINEN\" alt=\"3. TUOTTAMINEN\" coords=\"432,362,45\" shape=\"circle\" href=\"http:\/\/kopiraittila.wpengine.com\/toinenaste\/oma-tuottaminen\/\" \/>\n<area title=\"4. JULKAISU\" alt=\"4. JULKAISU\" coords=\"278,362,45\" shape=\"circle\" href=\"http:\/\/kopiraittila.wpengine.com\/toinenaste\/tuotoksen-julkaiseminen\/\" \/>\n<area title=\"5. ARVIOINTI\" alt=\"5. ARVIOINTI\" coords=\"231,216,45\" shape=\"circle\" href=\"http:\/\/kopiraittila.wpengine.com\/toinenaste\/arviointi\/\" \/> <\/map>\n<\/div>\n<div class=\"hidden visible-md visible-sm\">\n<p><img loading=\"lazy\" decoding=\"async\" class=\"aligncenter wp-image-1864\" src=\"http:\/\/kopiraittila.wpengine.com\/wp-content\/uploads\/2017\/01\/kaavio.png\" alt=\"kaaviotest\" usemap=\"#polkumap_medium\" width=\"450\" height=\"370\" \/><\/p>\n<map name=\"polkumap_medium\">\n<area title=\"1. AIHEEN VALINTA JA RAJAUS\" alt=\"1. AIHEEN VALINTA JA RAJAUS\" coords=\"229,79,25\" shape=\"circle\" href=\"http:\/\/kopiraittila.wpengine.com\/toinenaste\/aiheen-valinta-ja-rajaus\/\" \/>\n<area title=\"2. TIEDON HANKINTA JA K\u00c4SITTELY\" alt=\"2. TIEDON HANKINTA JA K\u00c4SITTELY\" coords=\"309,138,25\" shape=\"circle\" href=\"http:\/\/kopiraittila.wpengine.com\/toinenaste\/tiedonhankinta\/\" \/>\n<area title=\"3. TUOTTAMINEN\" alt=\"3. TUOTTAMINEN\" coords=\"278,232,25\" shape=\"circle\" href=\"http:\/\/kopiraittila.wpengine.com\/toinenaste\/oma-tuottaminen\/\" \/>\n<area title=\"4. JULKAISU\" alt=\"4. JULKAISU\" coords=\"179,232,25\" shape=\"circle\" href=\"http:\/\/kopiraittila.wpengine.com\/toinenaste\/tuotoksen-julkaiseminen\/\" \/>\n<area title=\"5. ARVIOINTI\" alt=\"5. ARVIOINTI\" coords=\"147,138,25\" shape=\"circle\" href=\"http:\/\/kopiraittila.wpengine.com\/toinenaste\/arviointi\/\" \/> <\/map>\n<\/div>\n<div class=\"hidden visible-xs\">\n<p><img loading=\"lazy\" decoding=\"async\" class=\"aligncenter wp-image-1864\" src=\"http:\/\/kopiraittila.wpengine.com\/wp-content\/uploads\/2017\/01\/kaavio.png\" alt=\"kaaviotest\" usemap=\"#polkumap_small\" width=\"280\" height=\"230\" \/><\/p>\n<map name=\"polkumap_small\">\n<area title=\"1. AIHEEN VALINTA JA RAJAUS\" alt=\"1. AIHEEN VALINTA JA RAJAUS\" coords=\"145,49,17\" shape=\"circle\" href=\"http:\/\/kopiraittila.wpengine.com\/toinenaste\/aiheen-valinta-ja-rajaus\/\" \/>\n<area title=\"2. TIEDON HANKINTA JA K\u00c4SITTELY\" alt=\"2. TIEDON HANKINTA JA K\u00c4SITTELY\" coords=\"192,85,17\" shape=\"circle\" href=\"http:\/\/kopiraittila.wpengine.com\/toinenaste\/tiedonhankinta\/\" \/>\n<area title=\"3. TUOTTAMINEN\" alt=\"3. TUOTTAMINEN\" coords=\"173,144,17\" shape=\"circle\" href=\"http:\/\/kopiraittila.wpengine.com\/toinenaste\/oma-tuottaminen\/\" \/>\n<area title=\"4. JULKAISU\" alt=\"4. JULKAISU\" coords=\"110,144,17\" shape=\"circle\" href=\"http:\/\/kopiraittila.wpengine.com\/toinenaste\/tuotoksen-julkaiseminen\/\" \/>\n<area title=\"5. ARVIOINTI\" alt=\"5. ARVIOINTI\" coords=\"91,85,17\" shape=\"circle\" href=\"http:\/\/kopiraittila.wpengine.com\/toinenaste\/arviointi\/\" \/> <\/map>\n<\/div>\n"}],"tulostus":false,"valikko_pois":false,"lataa_pdf":false},"yoast_head":"<!-- This site is optimized with the Yoast SEO plugin v27.4 - https:\/\/yoast.com\/product\/yoast-seo-wordpress\/ -->\n<title>Opiskelijan oman tuottamisen polku - Upphovsr\u00e4ttsskolan<\/title>\n<meta name=\"robots\" content=\"index, follow, max-snippet:-1, max-image-preview:large, max-video-preview:-1\" \/>\n<link rel=\"canonical\" href=\"https:\/\/upphovsrattsskolan.se\/det-egna-arbetets-stig\/\" \/>\n<meta property=\"og:locale\" content=\"fi_FI\" \/>\n<meta property=\"og:type\" content=\"article\" \/>\n<meta property=\"og:title\" content=\"Opiskelijan oman tuottamisen polku - Upphovsr\u00e4ttsskolan\" \/>\n<meta property=\"og:url\" content=\"https:\/\/upphovsrattsskolan.se\/det-egna-arbetets-stig\/\" \/>\n<meta property=\"og:site_name\" content=\"Upphovsr\u00e4ttsskolan\" \/>\n<meta property=\"article:modified_time\" content=\"2018-09-30T18:07:35+00:00\" \/>\n<meta property=\"og:image\" content=\"https:\/\/upphovsrattsskolan.se\/wp-content\/uploads\/2019\/03\/upphovsrattsskolan-fb.png\" \/>\n\t<meta property=\"og:image:width\" content=\"1200\" \/>\n\t<meta property=\"og:image:height\" content=\"630\" \/>\n\t<meta property=\"og:image:type\" content=\"image\/png\" \/>\n<meta name=\"twitter:card\" content=\"summary_large_image\" \/>\n<script type=\"application\/ld+json\" class=\"yoast-schema-graph\">{\"@context\":\"https:\\\/\\\/schema.org\",\"@graph\":[{\"@type\":\"WebPage\",\"@id\":\"https:\\\/\\\/upphovsrattsskolan.se\\\/det-egna-arbetets-stig\\\/\",\"url\":\"https:\\\/\\\/upphovsrattsskolan.se\\\/det-egna-arbetets-stig\\\/\",\"name\":\"Opiskelijan oman tuottamisen polku - Upphovsr\u00e4ttsskolan\",\"isPartOf\":{\"@id\":\"https:\\\/\\\/upphovsrattsskolan.se\\\/#website\"},\"datePublished\":\"2016-11-20T15:26:53+00:00\",\"dateModified\":\"2018-09-30T18:07:35+00:00\",\"breadcrumb\":{\"@id\":\"https:\\\/\\\/upphovsrattsskolan.se\\\/det-egna-arbetets-stig\\\/#breadcrumb\"},\"inLanguage\":\"fi\",\"potentialAction\":[{\"@type\":\"ReadAction\",\"target\":[\"https:\\\/\\\/upphovsrattsskolan.se\\\/det-egna-arbetets-stig\\\/\"]}]},{\"@type\":\"BreadcrumbList\",\"@id\":\"https:\\\/\\\/upphovsrattsskolan.se\\\/det-egna-arbetets-stig\\\/#breadcrumb\",\"itemListElement\":[{\"@type\":\"ListItem\",\"position\":1,\"name\":\"Etusivu\",\"item\":\"https:\\\/\\\/upphovsrattsskolan.se\\\/fi\\\/\"},{\"@type\":\"ListItem\",\"position\":2,\"name\":\"Opiskelijan oman tuottamisen polku\"}]},{\"@type\":\"WebSite\",\"@id\":\"https:\\\/\\\/upphovsrattsskolan.se\\\/#website\",\"url\":\"https:\\\/\\\/upphovsrattsskolan.se\\\/\",\"name\":\"Upphovsr\u00e4ttsskolan\",\"description\":\"\",\"potentialAction\":[{\"@type\":\"SearchAction\",\"target\":{\"@type\":\"EntryPoint\",\"urlTemplate\":\"https:\\\/\\\/upphovsrattsskolan.se\\\/?s={search_term_string}\"},\"query-input\":{\"@type\":\"PropertyValueSpecification\",\"valueRequired\":true,\"valueName\":\"search_term_string\"}}],\"inLanguage\":\"fi\"}]}<\/script>\n<!-- \/ Yoast SEO plugin. -->","yoast_head_json":{"title":"Opiskelijan oman tuottamisen polku - Upphovsr\u00e4ttsskolan","robots":{"index":"index","follow":"follow","max-snippet":"max-snippet:-1","max-image-preview":"max-image-preview:large","max-video-preview":"max-video-preview:-1"},"canonical":"https:\/\/upphovsrattsskolan.se\/det-egna-arbetets-stig\/","og_locale":"fi_FI","og_type":"article","og_title":"Opiskelijan oman tuottamisen polku - Upphovsr\u00e4ttsskolan","og_url":"https:\/\/upphovsrattsskolan.se\/det-egna-arbetets-stig\/","og_site_name":"Upphovsr\u00e4ttsskolan","article_modified_time":"2018-09-30T18:07:35+00:00","og_image":[{"width":1200,"height":630,"url":"https:\/\/upphovsrattsskolan.se\/wp-content\/uploads\/2019\/03\/upphovsrattsskolan-fb.png","type":"image\/png"}],"twitter_card":"summary_large_image","schema":{"@context":"https:\/\/schema.org","@graph":[{"@type":"WebPage","@id":"https:\/\/upphovsrattsskolan.se\/det-egna-arbetets-stig\/","url":"https:\/\/upphovsrattsskolan.se\/det-egna-arbetets-stig\/","name":"Opiskelijan oman tuottamisen polku - Upphovsr\u00e4ttsskolan","isPartOf":{"@id":"https:\/\/upphovsrattsskolan.se\/#website"},"datePublished":"2016-11-20T15:26:53+00:00","dateModified":"2018-09-30T18:07:35+00:00","breadcrumb":{"@id":"https:\/\/upphovsrattsskolan.se\/det-egna-arbetets-stig\/#breadcrumb"},"inLanguage":"fi","potentialAction":[{"@type":"ReadAction","target":["https:\/\/upphovsrattsskolan.se\/det-egna-arbetets-stig\/"]}]},{"@type":"BreadcrumbList","@id":"https:\/\/upphovsrattsskolan.se\/det-egna-arbetets-stig\/#breadcrumb","itemListElement":[{"@type":"ListItem","position":1,"name":"Etusivu","item":"https:\/\/upphovsrattsskolan.se\/fi\/"},{"@type":"ListItem","position":2,"name":"Opiskelijan oman tuottamisen polku"}]},{"@type":"WebSite","@id":"https:\/\/upphovsrattsskolan.se\/#website","url":"https:\/\/upphovsrattsskolan.se\/","name":"Upphovsr\u00e4ttsskolan","description":"","potentialAction":[{"@type":"SearchAction","target":{"@type":"EntryPoint","urlTemplate":"https:\/\/upphovsrattsskolan.se\/?s={search_term_string}"},"query-input":{"@type":"PropertyValueSpecification","valueRequired":true,"valueName":"search_term_string"}}],"inLanguage":"fi"}]}},"_links":{"self":[{"href":"https:\/\/upphovsrattsskolan.se\/fi\/wp-json\/wp\/v2\/pages\/1641","targetHints":{"allow":["GET"]}}],"collection":[{"href":"https:\/\/upphovsrattsskolan.se\/fi\/wp-json\/wp\/v2\/pages"}],"about":[{"href":"https:\/\/upphovsrattsskolan.se\/fi\/wp-json\/wp\/v2\/types\/page"}],"author":[{"embeddable":true,"href":"https:\/\/upphovsrattsskolan.se\/fi\/wp-json\/wp\/v2\/users\/3"}],"replies":[{"embeddable":true,"href":"https:\/\/upphovsrattsskolan.se\/fi\/wp-json\/wp\/v2\/comments?post=1641"}],"version-history":[{"count":0,"href":"https:\/\/upphovsrattsskolan.se\/fi\/wp-json\/wp\/v2\/pages\/1641\/revisions"}],"wp:attachment":[{"href":"https:\/\/upphovsrattsskolan.se\/fi\/wp-json\/wp\/v2\/media?parent=1641"}],"curies":[{"name":"wp","href":"https:\/\/api.w.org\/{rel}","templated":true}]}}